{"id":354657,"date":"2024-10-31T18:09:35","date_gmt":"2024-10-31T17:09:35","guid":{"rendered":"https:\/\/www.arclite-shop.de\/produkt\/685-aa80107-00-90\/"},"modified":"2026-04-16T16:46:25","modified_gmt":"2026-04-16T14:46:25","slug":"685-aa80107-00-90","status":"publish","type":"product","link":"https:\/\/www.arclite-shop.de\/fr\/produkt\/685-aa80107-00-90\/","title":{"rendered":"stripCENTURY 30 COB - Flexible Strip LED blanc flexible  40W 180\u00b0 2700K CRI90 685-AA80107.00.90"},"content":{"rendered":"<p>LED-Streifen mit COB-Technologie f\u00fcr Innenanwendungen. Keine sichtbaren einzelnen Lichtpunkte. Homogene Lichtlinien auch bei Verwendung klarer Abdeckungen. Verf\u00fcgbar in wei\u00df, 5m Rolle. Beidseitig anschlie\u00dfbar mit werkzeuglosem Steckverbinder. Leitungsl\u00e4nge &#8211; 35cm. Mit hochwertigem 3M Doppelklebeband. Konstantspannung 24V Betriebsger\u00e4t separat bestellen. 5 Jahre Garantie. <\/p>\n","protected":false},"excerpt":{"rendered":"<p>LED-Streifen mit COB-Technologie f\u00fcr Innenanwendungen. Keine sichtbaren einzelnen Lichtpunkte. Homogene Lichtlinien auch bei Verwendung klarer Abdeckungen. Verf\u00fcgbar in wei\u00df, 5m Rolle. Beidseitig anschlie\u00dfbar mit werkzeuglosem Steckverbinder. Leitungsl\u00e4nge &#8211; 35cm. Mit hochwertigem 3M Doppelklebeband. Konstantspannung 24V Betriebsger\u00e4t separat bestellen. 5 Jahre<span class=\"excerpt-hellip\"> [\u2026]<\/span><\/p>\n","protected":false},"featured_media":255592,"template":"","meta":[],"product_brand":[],"product_cat":[86611],"product_tag":[],"class_list":{"0":"post-354657","1":"product","2":"type-product","3":"status-publish","4":"has-post-thumbnail","6":"product_cat-led-flexband","8":"first","9":"instock","10":"taxable","11":"shipping-taxable","12":"product-type-simple"},"_links":{"self":[{"href":"https:\/\/www.arclite-shop.de\/fr\/wp-json\/wp\/v2\/product\/354657","targetHints":{"allow":["GET"]}}],"collection":[{"href":"https:\/\/www.arclite-shop.de\/fr\/wp-json\/wp\/v2\/product"}],"about":[{"href":"https:\/\/www.arclite-shop.de\/fr\/wp-json\/wp\/v2\/types\/product"}],"wp:featuredmedia":[{"embeddable":true,"href":"https:\/\/www.arclite-shop.de\/fr\/wp-json\/wp\/v2\/media\/255592"}],"wp:attachment":[{"href":"https:\/\/www.arclite-shop.de\/fr\/wp-json\/wp\/v2\/media?parent=354657"}],"wp:term":[{"taxonomy":"product_brand","embeddable":true,"href":"https:\/\/www.arclite-shop.de\/fr\/wp-json\/wp\/v2\/product_brand?post=354657"},{"taxonomy":"product_cat","embeddable":true,"href":"https:\/\/www.arclite-shop.de\/fr\/wp-json\/wp\/v2\/product_cat?post=354657"},{"taxonomy":"product_tag","embeddable":true,"href":"https:\/\/www.arclite-shop.de\/fr\/wp-json\/wp\/v2\/product_tag?post=354657"}],"curies":[{"name":"wp","href":"https:\/\/api.w.org\/{rel}","templated":true}]}}