{"id":354605,"date":"2024-10-31T18:08:53","date_gmt":"2024-10-31T17:08:53","guid":{"rendered":"https:\/\/www.arclite-shop.de\/produkt\/685-aa80003-00-51\/"},"modified":"2026-04-16T16:56:09","modified_gmt":"2026-04-16T14:56:09","slug":"685-aa80003-00-51","status":"publish","type":"product","link":"https:\/\/www.arclite-shop.de\/fr\/produkt\/685-aa80003-00-51\/","title":{"rendered":"stripCENTURY 10 - LED Flexband flexible blanc 96W 120\u00b0 2700K\/RGB CRI80 685-AA80003.00.51"},"content":{"rendered":"<p>LED-Streifen f\u00fcr hohe Anspr\u00fcche . Ideal f\u00fcr Anwendungen im Shop-, Retail- und Wohnbereich. Erh\u00e4ltlich in wei\u00df, RGB, RGB+W, TW . Beidseitig anschlie\u00dfbar mit werkzeuglosem Steckverbinder. 5m Rolle, IP00. Leitungsl\u00e4nge &#8211; 35cm. Mit hochwertigem 3M Doppelklebeband. Konstantspannung 24V Betriebsger\u00e4t separat bestellen. 5 Jahre Garantie. <\/p>\n","protected":false},"excerpt":{"rendered":"<p>LED-Streifen f\u00fcr hohe Anspr\u00fcche . Ideal f\u00fcr Anwendungen im Shop-, Retail- und Wohnbereich. Erh\u00e4ltlich in wei\u00df, RGB, RGB+W, TW . Beidseitig anschlie\u00dfbar mit werkzeuglosem Steckverbinder. 5m Rolle, IP00. Leitungsl\u00e4nge &#8211; 35cm. Mit hochwertigem 3M Doppelklebeband. Konstantspannung 24V Betriebsger\u00e4t separat bestellen.<span class=\"excerpt-hellip\"> [\u2026]<\/span><\/p>\n","protected":false},"featured_media":255564,"template":"","meta":[],"product_brand":[],"product_cat":[86611],"product_tag":[],"class_list":{"0":"post-354605","1":"product","2":"type-product","3":"status-publish","4":"has-post-thumbnail","6":"product_cat-led-flexband","8":"first","9":"instock","10":"taxable","11":"shipping-taxable","12":"product-type-simple"},"_links":{"self":[{"href":"https:\/\/www.arclite-shop.de\/fr\/wp-json\/wp\/v2\/product\/354605","targetHints":{"allow":["GET"]}}],"collection":[{"href":"https:\/\/www.arclite-shop.de\/fr\/wp-json\/wp\/v2\/product"}],"about":[{"href":"https:\/\/www.arclite-shop.de\/fr\/wp-json\/wp\/v2\/types\/product"}],"wp:featuredmedia":[{"embeddable":true,"href":"https:\/\/www.arclite-shop.de\/fr\/wp-json\/wp\/v2\/media\/255564"}],"wp:attachment":[{"href":"https:\/\/www.arclite-shop.de\/fr\/wp-json\/wp\/v2\/media?parent=354605"}],"wp:term":[{"taxonomy":"product_brand","embeddable":true,"href":"https:\/\/www.arclite-shop.de\/fr\/wp-json\/wp\/v2\/product_brand?post=354605"},{"taxonomy":"product_cat","embeddable":true,"href":"https:\/\/www.arclite-shop.de\/fr\/wp-json\/wp\/v2\/product_cat?post=354605"},{"taxonomy":"product_tag","embeddable":true,"href":"https:\/\/www.arclite-shop.de\/fr\/wp-json\/wp\/v2\/product_tag?post=354605"}],"curies":[{"name":"wp","href":"https:\/\/api.w.org\/{rel}","templated":true}]}}