{"id":354474,"date":"2024-10-31T18:07:10","date_gmt":"2024-10-31T17:07:10","guid":{"rendered":"https:\/\/www.arclite-shop.de\/produkt\/847-f22b03765b02\/"},"modified":"2026-04-16T17:19:43","modified_gmt":"2026-04-16T15:19:43","slug":"847-f22b03765b02","status":"publish","type":"product","link":"https:\/\/www.arclite-shop.de\/fr\/produkt\/847-f22b03765b02\/","title":{"rendered":"Fido 108 HV adj - Phase Isolation Les feux ronds encastr\u00e9s pivotent noir\/blanc 10W   80\u00b0 2700K CRI93 847-F22B03765B02"},"content":{"rendered":"<p>LED Einbauleuchte f\u00fcr dekorative Beleuchtung. 8 Kombinationen f\u00fcr Geh\u00e4use und Reflektorring. Gleichm\u00e4\u00dfige Ausleuchtung durch Linse, Reflektor oder Diffusor. Geh\u00e4use aus Druckguss-Aluminium, mit CS Federn. Drehbereich 350\u00b0. Schwenkbereich 30\u00b0. Farbtoleranz 3 SDCM. Lichtstromr\u00fcckgang L90\/B10 nach mehr als 60.000h bei ta 25\u00b0C. Schutzart IP44 f\u00fcr geschlossene Deckensysteme. 7 Jahre Garantie. Netto 800lm<\/p>\n","protected":false},"excerpt":{"rendered":"<p>LED Einbauleuchte f\u00fcr dekorative Beleuchtung. 8 Kombinationen f\u00fcr Geh\u00e4use und Reflektorring. Gleichm\u00e4\u00dfige Ausleuchtung durch Linse, Reflektor oder Diffusor. Geh\u00e4use aus Druckguss-Aluminium, mit CS Federn. Drehbereich 350\u00b0. Schwenkbereich 30\u00b0. Farbtoleranz 3 SDCM. Lichtstromr\u00fcckgang L90\/B10 nach mehr als 60.000h bei ta 25\u00b0C.<span class=\"excerpt-hellip\"> [\u2026]<\/span><\/p>\n","protected":false},"featured_media":364450,"template":"","meta":[],"product_brand":[],"product_cat":[86599],"product_tag":[],"class_list":{"0":"post-354474","1":"product","2":"type-product","3":"status-publish","4":"has-post-thumbnail","6":"product_cat-runde-einbauleuchten-schwenkbar-illuxtron","8":"first","9":"instock","10":"taxable","11":"shipping-taxable","12":"product-type-simple"},"_links":{"self":[{"href":"https:\/\/www.arclite-shop.de\/fr\/wp-json\/wp\/v2\/product\/354474","targetHints":{"allow":["GET"]}}],"collection":[{"href":"https:\/\/www.arclite-shop.de\/fr\/wp-json\/wp\/v2\/product"}],"about":[{"href":"https:\/\/www.arclite-shop.de\/fr\/wp-json\/wp\/v2\/types\/product"}],"wp:featuredmedia":[{"embeddable":true,"href":"https:\/\/www.arclite-shop.de\/fr\/wp-json\/wp\/v2\/media\/364450"}],"wp:attachment":[{"href":"https:\/\/www.arclite-shop.de\/fr\/wp-json\/wp\/v2\/media?parent=354474"}],"wp:term":[{"taxonomy":"product_brand","embeddable":true,"href":"https:\/\/www.arclite-shop.de\/fr\/wp-json\/wp\/v2\/product_brand?post=354474"},{"taxonomy":"product_cat","embeddable":true,"href":"https:\/\/www.arclite-shop.de\/fr\/wp-json\/wp\/v2\/product_cat?post=354474"},{"taxonomy":"product_tag","embeddable":true,"href":"https:\/\/www.arclite-shop.de\/fr\/wp-json\/wp\/v2\/product_tag?post=354474"}],"curies":[{"name":"wp","href":"https:\/\/api.w.org\/{rel}","templated":true}]}}