{"id":354380,"date":"2024-10-31T18:05:55","date_gmt":"2024-10-31T17:05:55","guid":{"rendered":"https:\/\/www.arclite-shop.de\/produkt\/847-f12a03615h02\/"},"modified":"2026-03-07T19:30:58","modified_gmt":"2026-03-07T18:30:58","slug":"847-f12a03615h02","status":"publish","type":"product","link":"https:\/\/www.arclite-shop.de\/fr\/produkt\/847-f12a03615h02\/","title":{"rendered":"Fido 98 HV - Coupure de phase Luminaires ronds encastr\u00e9s rigides blanc\/or 10W   80\u00b0 2200-3000K CRI93 847-F12A03615H02"},"content":{"rendered":"<p>LED Einbauleuchte f\u00fcr dekorative Beleuchtung. 220-240V Netzspannung &#8211; Betriebsger\u00e4t nicht notwendig. Gleichm\u00e4\u00dfige Ausleuchtung durch Linse, Reflektor oder Diffusor. Geh\u00e4use aus Druckguss-Aluminium, mit CS Federn. Farbtoleranz 3 SDCM. Lichtstromr\u00fcckgang nach 70.000h L80\/B50. Schutzart IP44 f\u00fcr geschlossene Deckensysteme. Weitere Produktkonfigurationen auf Anfrage. 7 Jahre Garantie. Netto 600lm<\/p>\n","protected":false},"excerpt":{"rendered":"<p>LED Einbauleuchte f\u00fcr dekorative Beleuchtung. 220-240V Netzspannung &#8211; Betriebsger\u00e4t nicht notwendig. Gleichm\u00e4\u00dfige Ausleuchtung durch Linse, Reflektor oder Diffusor. Geh\u00e4use aus Druckguss-Aluminium, mit CS Federn. Farbtoleranz 3 SDCM. Lichtstromr\u00fcckgang nach 70.000h L80\/B50. Schutzart IP44 f\u00fcr geschlossene Deckensysteme. Weitere Produktkonfigurationen auf Anfrage.<span class=\"excerpt-hellip\"> [\u2026]<\/span><\/p>\n","protected":false},"featured_media":364520,"template":"","meta":[],"product_brand":[],"product_cat":[86598],"product_tag":[],"class_list":{"0":"post-354380","1":"product","2":"type-product","3":"status-publish","4":"has-post-thumbnail","6":"product_cat-runde-einbauleuchten-starr-illuxtron","8":"first","9":"instock","10":"taxable","11":"shipping-taxable","12":"product-type-simple"},"_links":{"self":[{"href":"https:\/\/www.arclite-shop.de\/fr\/wp-json\/wp\/v2\/product\/354380","targetHints":{"allow":["GET"]}}],"collection":[{"href":"https:\/\/www.arclite-shop.de\/fr\/wp-json\/wp\/v2\/product"}],"about":[{"href":"https:\/\/www.arclite-shop.de\/fr\/wp-json\/wp\/v2\/types\/product"}],"wp:featuredmedia":[{"embeddable":true,"href":"https:\/\/www.arclite-shop.de\/fr\/wp-json\/wp\/v2\/media\/364520"}],"wp:attachment":[{"href":"https:\/\/www.arclite-shop.de\/fr\/wp-json\/wp\/v2\/media?parent=354380"}],"wp:term":[{"taxonomy":"product_brand","embeddable":true,"href":"https:\/\/www.arclite-shop.de\/fr\/wp-json\/wp\/v2\/product_brand?post=354380"},{"taxonomy":"product_cat","embeddable":true,"href":"https:\/\/www.arclite-shop.de\/fr\/wp-json\/wp\/v2\/product_cat?post=354380"},{"taxonomy":"product_tag","embeddable":true,"href":"https:\/\/www.arclite-shop.de\/fr\/wp-json\/wp\/v2\/product_tag?post=354380"}],"curies":[{"name":"wp","href":"https:\/\/api.w.org\/{rel}","templated":true}]}}