{"id":354321,"date":"2024-10-31T18:05:11","date_gmt":"2024-10-31T17:05:11","guid":{"rendered":"https:\/\/www.arclite-shop.de\/produkt\/847-7b2a03715d02\/"},"modified":"2026-04-16T17:46:02","modified_gmt":"2026-04-16T15:46:02","slug":"847-7b2a03715d02","status":"publish","type":"product","link":"https:\/\/www.arclite-shop.de\/fr\/produkt\/847-7b2a03715d02\/","title":{"rendered":"Vector CL 100 HV - Phase Isolation Luminaires mont\u00e9s en surface rigides noir\/or 10W   40\u00b0 3000K CRI93 847-7B2A03715D02"},"content":{"rendered":"<p>LED Deckenaufbauleuchte f\u00fcr dekorative Beleuchtung. Gleichm\u00e4\u00dfige Ausleuchtung durch Linse, Reflektor oder Diffusor. Schutzblende aus Polycarbonat. Farbtoleranz 3 SDCM. Lichtstromr\u00fcckgang nach 70.000h L80\/B50. Interner Chip f\u00fcr reduziertes Flickern. 220-240V Netzspannung &#8211; Betriebsger\u00e4t nicht notwendig. Dimmbar mittels Phasenan- und Phasenabschnittsdimmer. 7 Jahre Garantie. Netto 800lm<\/p>\n","protected":false},"excerpt":{"rendered":"<p>LED Deckenaufbauleuchte f\u00fcr dekorative Beleuchtung. Gleichm\u00e4\u00dfige Ausleuchtung durch Linse, Reflektor oder Diffusor. Schutzblende aus Polycarbonat. Farbtoleranz 3 SDCM. Lichtstromr\u00fcckgang nach 70.000h L80\/B50. Interner Chip f\u00fcr reduziertes Flickern. 220-240V Netzspannung &#8211; Betriebsger\u00e4t nicht notwendig. Dimmbar mittels Phasenan- und Phasenabschnittsdimmer. 7 Jahre<span class=\"excerpt-hellip\"> [\u2026]<\/span><\/p>\n","protected":false},"featured_media":364576,"template":"","meta":[],"product_brand":[],"product_cat":[86609],"product_tag":[],"class_list":{"0":"post-354321","1":"product","2":"type-product","3":"status-publish","4":"has-post-thumbnail","6":"product_cat-aufbauleuchten-illuxtron","8":"first","9":"instock","10":"taxable","11":"shipping-taxable","12":"product-type-simple"},"_links":{"self":[{"href":"https:\/\/www.arclite-shop.de\/fr\/wp-json\/wp\/v2\/product\/354321","targetHints":{"allow":["GET"]}}],"collection":[{"href":"https:\/\/www.arclite-shop.de\/fr\/wp-json\/wp\/v2\/product"}],"about":[{"href":"https:\/\/www.arclite-shop.de\/fr\/wp-json\/wp\/v2\/types\/product"}],"wp:featuredmedia":[{"embeddable":true,"href":"https:\/\/www.arclite-shop.de\/fr\/wp-json\/wp\/v2\/media\/364576"}],"wp:attachment":[{"href":"https:\/\/www.arclite-shop.de\/fr\/wp-json\/wp\/v2\/media?parent=354321"}],"wp:term":[{"taxonomy":"product_brand","embeddable":true,"href":"https:\/\/www.arclite-shop.de\/fr\/wp-json\/wp\/v2\/product_brand?post=354321"},{"taxonomy":"product_cat","embeddable":true,"href":"https:\/\/www.arclite-shop.de\/fr\/wp-json\/wp\/v2\/product_cat?post=354321"},{"taxonomy":"product_tag","embeddable":true,"href":"https:\/\/www.arclite-shop.de\/fr\/wp-json\/wp\/v2\/product_tag?post=354321"}],"curies":[{"name":"wp","href":"https:\/\/api.w.org\/{rel}","templated":true}]}}