{"id":354264,"date":"2024-10-31T18:04:27","date_gmt":"2024-10-31T17:04:27","guid":{"rendered":"https:\/\/www.arclite-shop.de\/produkt\/847-791c03bly302\/"},"modified":"2026-04-16T17:55:44","modified_gmt":"2026-04-16T15:55:44","slug":"847-791c03bly302","status":"publish","type":"product","link":"https:\/\/www.arclite-shop.de\/fr\/produkt\/847-791c03bly302\/","title":{"rendered":"Cylindre CL 235 LV - Luminaires mont\u00e9s en surface rigides noir 18W 80\u00b0 4000K CRI80 847-791C03BLY302"},"content":{"rendered":"<p>Gro\u00dfe, formsch\u00f6ne LED Deckenaufbauleuchte f\u00fcr Innenanwendungen. Gleichm\u00e4ssige Ausleuchtung durch opale Abdeckung. Inkl. Befestigungsb\u00fcgel f\u00fcr Decke. Farbtoleranz 3 SDCM. Lichtstromr\u00fcckgang L90\/B10 nach mehr als 60.000h bei ta 25\u00b0C. Integriertes Betriebsger\u00e4t. 7 Jahre Garantie. Netto 2250lm<\/p>\n","protected":false},"excerpt":{"rendered":"<p>Gro\u00dfe, formsch\u00f6ne LED Deckenaufbauleuchte f\u00fcr Innenanwendungen. Gleichm\u00e4ssige Ausleuchtung durch opale Abdeckung. Inkl. Befestigungsb\u00fcgel f\u00fcr Decke. Farbtoleranz 3 SDCM. Lichtstromr\u00fcckgang L90\/B10 nach mehr als 60.000h bei ta 25\u00b0C. Integriertes Betriebsger\u00e4t. 7 Jahre Garantie. Netto 2250lm<\/p>\n","protected":false},"featured_media":364596,"template":"","meta":[],"product_brand":[],"product_cat":[86609],"product_tag":[],"class_list":{"0":"post-354264","1":"product","2":"type-product","3":"status-publish","4":"has-post-thumbnail","6":"product_cat-aufbauleuchten-illuxtron","8":"first","9":"instock","10":"taxable","11":"shipping-taxable","12":"product-type-simple"},"_links":{"self":[{"href":"https:\/\/www.arclite-shop.de\/fr\/wp-json\/wp\/v2\/product\/354264","targetHints":{"allow":["GET"]}}],"collection":[{"href":"https:\/\/www.arclite-shop.de\/fr\/wp-json\/wp\/v2\/product"}],"about":[{"href":"https:\/\/www.arclite-shop.de\/fr\/wp-json\/wp\/v2\/types\/product"}],"wp:featuredmedia":[{"embeddable":true,"href":"https:\/\/www.arclite-shop.de\/fr\/wp-json\/wp\/v2\/media\/364596"}],"wp:attachment":[{"href":"https:\/\/www.arclite-shop.de\/fr\/wp-json\/wp\/v2\/media?parent=354264"}],"wp:term":[{"taxonomy":"product_brand","embeddable":true,"href":"https:\/\/www.arclite-shop.de\/fr\/wp-json\/wp\/v2\/product_brand?post=354264"},{"taxonomy":"product_cat","embeddable":true,"href":"https:\/\/www.arclite-shop.de\/fr\/wp-json\/wp\/v2\/product_cat?post=354264"},{"taxonomy":"product_tag","embeddable":true,"href":"https:\/\/www.arclite-shop.de\/fr\/wp-json\/wp\/v2\/product_tag?post=354264"}],"curies":[{"name":"wp","href":"https:\/\/api.w.org\/{rel}","templated":true}]}}