{"id":352328,"date":"2024-10-31T17:40:12","date_gmt":"2024-10-31T16:40:12","guid":{"rendered":"https:\/\/www.arclite-shop.de\/produkt\/717-lca4034-00-92\/"},"modified":"2026-04-16T23:49:29","modified_gmt":"2026-04-16T21:49:29","slug":"717-lca4034-00-92","status":"publish","type":"product","link":"https:\/\/www.arclite-shop.de\/fr\/produkt\/717-lca4034-00-92\/","title":{"rendered":"lineCENTURY 4000 - Luminaires industriels toiture continue blanc  49W 1\u00d740\u00b0 4000K CRI80 717-LCA4034.00.92 RAL9010"},"content":{"rendered":"<p>Hochwertiges LED Lichtbandsystem f\u00fcr Aufbau-Pendelmontage in Werkhallen und f\u00fcr Retail. Einreihige Optik mit verschiedenen Abstrahlwinkeln und CCT. Installationszubeh\u00f6r separat zu bestellen. 3-Phasen Stromschieneneinsatz integrierbar. Leichte, werkzeuglose Montage. Enge Farbtoleranz MacAdam 3. Lichtstromr\u00fcckgang nach 150.000h L80\/B20 bei ta 25\u00b0C. G\u00fcltig f\u00fcr 28W, 34W, 44W . Integriertes, nicht dimmbares Betriebsger\u00e4t. 5 Jahre Garantie. <\/p>\n","protected":false},"excerpt":{"rendered":"<p>Hochwertiges LED Lichtbandsystem f\u00fcr Aufbau-Pendelmontage in Werkhallen und f\u00fcr Retail. Einreihige Optik mit verschiedenen Abstrahlwinkeln und CCT. Installationszubeh\u00f6r separat zu bestellen. 3-Phasen Stromschieneneinsatz integrierbar. Leichte, werkzeuglose Montage. Enge Farbtoleranz MacAdam 3. Lichtstromr\u00fcckgang nach 150.000h L80\/B20 bei ta 25\u00b0C. G\u00fcltig f\u00fcr<span class=\"excerpt-hellip\"> [\u2026]<\/span><\/p>\n","protected":false},"featured_media":364852,"template":"","meta":[],"product_brand":[],"product_cat":[86238],"product_tag":[],"class_list":{"0":"post-352328","1":"product","2":"type-product","3":"status-publish","4":"has-post-thumbnail","6":"product_cat-industrieleuchten","8":"first","9":"instock","10":"taxable","11":"shipping-taxable","12":"product-type-simple"},"_links":{"self":[{"href":"https:\/\/www.arclite-shop.de\/fr\/wp-json\/wp\/v2\/product\/352328","targetHints":{"allow":["GET"]}}],"collection":[{"href":"https:\/\/www.arclite-shop.de\/fr\/wp-json\/wp\/v2\/product"}],"about":[{"href":"https:\/\/www.arclite-shop.de\/fr\/wp-json\/wp\/v2\/types\/product"}],"wp:featuredmedia":[{"embeddable":true,"href":"https:\/\/www.arclite-shop.de\/fr\/wp-json\/wp\/v2\/media\/364852"}],"wp:attachment":[{"href":"https:\/\/www.arclite-shop.de\/fr\/wp-json\/wp\/v2\/media?parent=352328"}],"wp:term":[{"taxonomy":"product_brand","embeddable":true,"href":"https:\/\/www.arclite-shop.de\/fr\/wp-json\/wp\/v2\/product_brand?post=352328"},{"taxonomy":"product_cat","embeddable":true,"href":"https:\/\/www.arclite-shop.de\/fr\/wp-json\/wp\/v2\/product_cat?post=352328"},{"taxonomy":"product_tag","embeddable":true,"href":"https:\/\/www.arclite-shop.de\/fr\/wp-json\/wp\/v2\/product_tag?post=352328"}],"curies":[{"name":"wp","href":"https:\/\/api.w.org\/{rel}","templated":true}]}}