{"id":351885,"date":"2024-10-31T14:33:19","date_gmt":"2024-10-31T13:33:19","guid":{"rendered":"https:\/\/www.arclite-shop.de\/produkt\/02-4099854071430\/"},"modified":"2026-04-17T00:11:13","modified_gmt":"2026-04-16T22:11:13","slug":"02-4099854071430","status":"publish","type":"product","link":"https:\/\/www.arclite-shop.de\/fr\/produkt\/02-4099854071430\/","title":{"rendered":"Lampes r\u00e9flectrices LED PAR16 avec effet GLOWdim"},"content":{"rendered":"<p>LED-Reflektorlampen PAR16 mit GLOWdim-Effekt. Produkteigenschaften: LED-Alternative zu Hochvolthalogenlampen. Dimmbar. Sockel: GU10. Lampe aus Glas. Gute Lichtqualit\u00e4t; Farbwiedergabeindex Ra: \u2265 80. Lebensdauer: bis zu 15.000 h. Produktvorteile: Immer passende Lichtstimmung durch Ver\u00e4ndern der Lichtfarbe von Warmwei\u00df zu extra Warmwei\u00df beim dimmen. Einfacher, schneller und sicherer Lampenaustausch ohne Umverdrahtung. Design, Abmessungen, Lichtstrom vergleichbar mit einer Gl\u00fch- oder Halogenlampe. Geringer Wartungsaufwand durch lange Lebensdauer. Keine UV- und IR-nahen Anteile im Lichtstrahl. Sehr hohe Dimmerkompatibilit\u00e4t, siehe auchwww.ledvance.de\/dim. Sofort 100 % Licht, keine Aufw\u00e4rmzeit. Anwendungsgebiete: Verkaufs- und Ausstellungsr\u00e4ume. Anwendungen im Haushalt. Anwendung im Gewerbe. Akzentbeleuchtung. Einsatz im Au\u00dfenbereich nur in geeigneten Au\u00dfenleuchten.<\/p>\n","protected":false},"excerpt":{"rendered":"<p>LED-Reflektorlampen PAR16 mit GLOWdim-Effekt. Produkteigenschaften: LED-Alternative zu Hochvolthalogenlampen. Dimmbar. Sockel: GU10. Lampe aus Glas. Gute Lichtqualit\u00e4t; Farbwiedergabeindex Ra: \u2265 80. Lebensdauer: bis zu 15.000 h. Produktvorteile: Immer passende Lichtstimmung durch Ver\u00e4ndern der Lichtfarbe von Warmwei\u00df zu extra Warmwei\u00df beim dimmen.<span class=\"excerpt-hellip\"> [\u2026]<\/span><\/p>\n","protected":false},"featured_media":279821,"template":"","meta":[],"product_brand":[],"product_cat":[87060],"product_tag":[],"class_list":{"0":"post-351885","1":"product","2":"type-product","3":"status-publish","4":"has-post-thumbnail","6":"product_cat-led-lampe-multi-led","8":"first","9":"instock","10":"taxable","11":"shipping-taxable","12":"product-type-simple"},"_links":{"self":[{"href":"https:\/\/www.arclite-shop.de\/fr\/wp-json\/wp\/v2\/product\/351885","targetHints":{"allow":["GET"]}}],"collection":[{"href":"https:\/\/www.arclite-shop.de\/fr\/wp-json\/wp\/v2\/product"}],"about":[{"href":"https:\/\/www.arclite-shop.de\/fr\/wp-json\/wp\/v2\/types\/product"}],"wp:featuredmedia":[{"embeddable":true,"href":"https:\/\/www.arclite-shop.de\/fr\/wp-json\/wp\/v2\/media\/279821"}],"wp:attachment":[{"href":"https:\/\/www.arclite-shop.de\/fr\/wp-json\/wp\/v2\/media?parent=351885"}],"wp:term":[{"taxonomy":"product_brand","embeddable":true,"href":"https:\/\/www.arclite-shop.de\/fr\/wp-json\/wp\/v2\/product_brand?post=351885"},{"taxonomy":"product_cat","embeddable":true,"href":"https:\/\/www.arclite-shop.de\/fr\/wp-json\/wp\/v2\/product_cat?post=351885"},{"taxonomy":"product_tag","embeddable":true,"href":"https:\/\/www.arclite-shop.de\/fr\/wp-json\/wp\/v2\/product_tag?post=351885"}],"curies":[{"name":"wp","href":"https:\/\/api.w.org\/{rel}","templated":true}]}}