{"id":351872,"date":"2024-10-31T14:33:10","date_gmt":"2024-10-31T13:33:10","guid":{"rendered":"https:\/\/www.arclite-shop.de\/produkt\/02-4099854070792\/"},"modified":"2026-04-17T00:13:19","modified_gmt":"2026-04-16T22:13:19","slug":"02-4099854070792","status":"publish","type":"product","link":"https:\/\/www.arclite-shop.de\/fr\/produkt\/02-4099854070792\/","title":{"rendered":"LED PAR16 DIM S 9.5W 927 GU10"},"content":{"rendered":"<p>LED-Reflektorlampen. Produkteigenschaften: LED-Alternative zu Hochvolthalogenlampen. Hohe Farbkonsistenz: \u2264 3 SDCM. Dimmbar. Sockel: GU10. Lampe aus Glas. Excellente Farbwiedergabe (R a : 97). Lebensdauer: bis zu 40.000 h. Produktvorteile: Einfacher, schneller und sicherer Lampenaustausch ohne Umverdrahtung. Design, Abmessungen, Lichtstrom vergleichbar mit einer Gl\u00fch- oder Halogenlampe. Geringer Wartungsaufwand durch lange Lebensdauer. Keine UV- und IR-nahen Anteile im Lichtstrahl. Stufenloses Dimmen. Sehr hohe Dimmerkompatibilit\u00e4t, siehe auch www.ledvance.de\/dim . Sofort 100 % Licht, keine Aufw\u00e4rmzeit. Anwendungsgebiete: Verkaufs- und Ausstellungsr\u00e4ume. Anwendungen im Haushalt. Anwendung im Gewerbe. Akzentbeleuchtung. Einsatz im Au\u00dfenbereich nur in geeigneten Au\u00dfenleuchten.<\/p>\n","protected":false},"excerpt":{"rendered":"<p>LED-Reflektorlampen. Produkteigenschaften: LED-Alternative zu Hochvolthalogenlampen. Hohe Farbkonsistenz: \u2264 3 SDCM. Dimmbar. Sockel: GU10. Lampe aus Glas. Excellente Farbwiedergabe (R a : 97). Lebensdauer: bis zu 40.000 h. Produktvorteile: Einfacher, schneller und sicherer Lampenaustausch ohne Umverdrahtung. Design, Abmessungen, Lichtstrom vergleichbar mit<span class=\"excerpt-hellip\"> [\u2026]<\/span><\/p>\n","protected":false},"featured_media":364918,"template":"","meta":[],"product_brand":[],"product_cat":[87060],"product_tag":[],"class_list":{"0":"post-351872","1":"product","2":"type-product","3":"status-publish","4":"has-post-thumbnail","6":"product_cat-led-lampe-multi-led","8":"first","9":"outofstock","10":"taxable","11":"shipping-taxable","12":"product-type-simple"},"_links":{"self":[{"href":"https:\/\/www.arclite-shop.de\/fr\/wp-json\/wp\/v2\/product\/351872","targetHints":{"allow":["GET"]}}],"collection":[{"href":"https:\/\/www.arclite-shop.de\/fr\/wp-json\/wp\/v2\/product"}],"about":[{"href":"https:\/\/www.arclite-shop.de\/fr\/wp-json\/wp\/v2\/types\/product"}],"wp:featuredmedia":[{"embeddable":true,"href":"https:\/\/www.arclite-shop.de\/fr\/wp-json\/wp\/v2\/media\/364918"}],"wp:attachment":[{"href":"https:\/\/www.arclite-shop.de\/fr\/wp-json\/wp\/v2\/media?parent=351872"}],"wp:term":[{"taxonomy":"product_brand","embeddable":true,"href":"https:\/\/www.arclite-shop.de\/fr\/wp-json\/wp\/v2\/product_brand?post=351872"},{"taxonomy":"product_cat","embeddable":true,"href":"https:\/\/www.arclite-shop.de\/fr\/wp-json\/wp\/v2\/product_cat?post=351872"},{"taxonomy":"product_tag","embeddable":true,"href":"https:\/\/www.arclite-shop.de\/fr\/wp-json\/wp\/v2\/product_tag?post=351872"}],"curies":[{"name":"wp","href":"https:\/\/api.w.org\/{rel}","templated":true}]}}