{"id":351860,"date":"2024-10-31T14:33:02","date_gmt":"2024-10-31T13:33:02","guid":{"rendered":"https:\/\/www.arclite-shop.de\/produkt\/02-4099854070013\/"},"modified":"2026-04-17T00:15:10","modified_gmt":"2026-04-16T22:15:10","slug":"02-4099854070013","status":"publish","type":"product","link":"https:\/\/www.arclite-shop.de\/fr\/produkt\/02-4099854070013\/","title":{"rendered":"Lampes LED, forme classique d\u2019ampoule Edison"},"content":{"rendered":"<p>LED-Lampen, klassische Edison-Kolbenform. Produkteigenschaften: Professionelle LED-Lampen f\u00fcr Netzspannung. Nicht dimmbar. Lebensdauer: bis zu 15.000 h. Ausstrahlungswinkel: bis zu 360\u00b0. Lampe aus Glas. Gute Lichtqualit\u00e4t; Farbwiedergabeindex Ra: \u2265 80; konstanter Farbort. Produktvorteile: Lampen mit innovativer LED-\u00ab\u00a0Filament\u00a0\u00bb-Technologie. Sehr geringer Energieverbrauch. Sofort 100 % Licht, keine Aufw\u00e4rmzeit. Einfacher Austausch von Standardgl\u00fchlampen. Anwendungsgebiete: Ideal f\u00fcr dekorative Einbauten. Anwendungen im Haushalt. Allgemeinbeleuchtung. Einsatz im Au\u00dfenbereich nur in geeigneten Au\u00dfenleuchten.<\/p>\n","protected":false},"excerpt":{"rendered":"<p>LED-Lampen, klassische Edison-Kolbenform. Produkteigenschaften: Professionelle LED-Lampen f\u00fcr Netzspannung. Nicht dimmbar. Lebensdauer: bis zu 15.000 h. Ausstrahlungswinkel: bis zu 360\u00b0. Lampe aus Glas. Gute Lichtqualit\u00e4t; Farbwiedergabeindex Ra: \u2265 80; konstanter Farbort. Produktvorteile: Lampen mit innovativer LED-\u00ab\u00a0Filament\u00a0\u00bb-Technologie. Sehr geringer Energieverbrauch. Sofort 100<span class=\"excerpt-hellip\"> [\u2026]<\/span><\/p>\n","protected":false},"featured_media":364951,"template":"","meta":[],"product_brand":[],"product_cat":[87060],"product_tag":[],"class_list":{"0":"post-351860","1":"product","2":"type-product","3":"status-publish","4":"has-post-thumbnail","6":"product_cat-led-lampe-multi-led","8":"first","9":"instock","10":"taxable","11":"shipping-taxable","12":"product-type-simple"},"_links":{"self":[{"href":"https:\/\/www.arclite-shop.de\/fr\/wp-json\/wp\/v2\/product\/351860","targetHints":{"allow":["GET"]}}],"collection":[{"href":"https:\/\/www.arclite-shop.de\/fr\/wp-json\/wp\/v2\/product"}],"about":[{"href":"https:\/\/www.arclite-shop.de\/fr\/wp-json\/wp\/v2\/types\/product"}],"wp:featuredmedia":[{"embeddable":true,"href":"https:\/\/www.arclite-shop.de\/fr\/wp-json\/wp\/v2\/media\/364951"}],"wp:attachment":[{"href":"https:\/\/www.arclite-shop.de\/fr\/wp-json\/wp\/v2\/media?parent=351860"}],"wp:term":[{"taxonomy":"product_brand","embeddable":true,"href":"https:\/\/www.arclite-shop.de\/fr\/wp-json\/wp\/v2\/product_brand?post=351860"},{"taxonomy":"product_cat","embeddable":true,"href":"https:\/\/www.arclite-shop.de\/fr\/wp-json\/wp\/v2\/product_cat?post=351860"},{"taxonomy":"product_tag","embeddable":true,"href":"https:\/\/www.arclite-shop.de\/fr\/wp-json\/wp\/v2\/product_tag?post=351860"}],"curies":[{"name":"wp","href":"https:\/\/api.w.org\/{rel}","templated":true}]}}