{"id":351727,"date":"2024-10-31T14:31:24","date_gmt":"2024-10-31T13:31:24","guid":{"rendered":"https:\/\/www.arclite-shop.de\/produkt\/02-4099854061271\/"},"modified":"2026-04-17T00:40:57","modified_gmt":"2026-04-16T22:40:57","slug":"02-4099854061271","status":"publish","type":"product","link":"https:\/\/www.arclite-shop.de\/fr\/produkt\/02-4099854061271\/","title":{"rendered":"Lampes LED dimmables, forme classique d\u2019ampoule avec une partie bleue fortement r\u00e9duite"},"content":{"rendered":"<p>Dimmbare LED-Lampen, klassische Kolbenform mit stark reduzierter Blaunteil. Produkteigenschaften: LED-Lampen f\u00fcr Netzspannung. Ausstrahlungswinkel: bis zu 300\u00b0. Dimmbar. Farbwiedergabeindex Ra: \u2265 90. Produktvorteile: Lampen mit innovativer LED-\u00ab\u00a0Filament\u00a0\u00bb-Technologie. Design, Abmessungen, Lichtstrom vergleichbar mit einer Halogenlampe. Nat\u00fcrliches Lichtspektrum mit hervorragender Farbwiedergabe von CRI &gt; 90. Stark reduzierter Blauanteil. Verbesserter Sehkomfort und geringere Augenbelastung. Sehr geringer Energieverbrauch. Sofort 100 % Licht, keine Aufw\u00e4rmzeit. Geringes flackern. Anwendungsgebiete: Ideal f\u00fcr dekorative Einbauten. Anwendungen im Haushalt. Allgemeinbeleuchtung. Einsatz im Au\u00dfenbereich nur in geeigneten Au\u00dfenleuchten.<\/p>\n","protected":false},"excerpt":{"rendered":"<p>Dimmbare LED-Lampen, klassische Kolbenform mit stark reduzierter Blaunteil. Produkteigenschaften: LED-Lampen f\u00fcr Netzspannung. Ausstrahlungswinkel: bis zu 300\u00b0. Dimmbar. Farbwiedergabeindex Ra: \u2265 90. Produktvorteile: Lampen mit innovativer LED-\u00ab\u00a0Filament\u00a0\u00bb-Technologie. Design, Abmessungen, Lichtstrom vergleichbar mit einer Halogenlampe. Nat\u00fcrliches Lichtspektrum mit hervorragender Farbwiedergabe von CRI<span class=\"excerpt-hellip\"> [\u2026]<\/span><\/p>\n","protected":false},"featured_media":364975,"template":"","meta":[],"product_brand":[],"product_cat":[87060],"product_tag":[],"class_list":{"0":"post-351727","1":"product","2":"type-product","3":"status-publish","4":"has-post-thumbnail","6":"product_cat-led-lampe-multi-led","8":"first","9":"instock","10":"taxable","11":"shipping-taxable","12":"product-type-simple"},"_links":{"self":[{"href":"https:\/\/www.arclite-shop.de\/fr\/wp-json\/wp\/v2\/product\/351727","targetHints":{"allow":["GET"]}}],"collection":[{"href":"https:\/\/www.arclite-shop.de\/fr\/wp-json\/wp\/v2\/product"}],"about":[{"href":"https:\/\/www.arclite-shop.de\/fr\/wp-json\/wp\/v2\/types\/product"}],"wp:featuredmedia":[{"embeddable":true,"href":"https:\/\/www.arclite-shop.de\/fr\/wp-json\/wp\/v2\/media\/364975"}],"wp:attachment":[{"href":"https:\/\/www.arclite-shop.de\/fr\/wp-json\/wp\/v2\/media?parent=351727"}],"wp:term":[{"taxonomy":"product_brand","embeddable":true,"href":"https:\/\/www.arclite-shop.de\/fr\/wp-json\/wp\/v2\/product_brand?post=351727"},{"taxonomy":"product_cat","embeddable":true,"href":"https:\/\/www.arclite-shop.de\/fr\/wp-json\/wp\/v2\/product_cat?post=351727"},{"taxonomy":"product_tag","embeddable":true,"href":"https:\/\/www.arclite-shop.de\/fr\/wp-json\/wp\/v2\/product_tag?post=351727"}],"curies":[{"name":"wp","href":"https:\/\/api.w.org\/{rel}","templated":true}]}}