{"id":351709,"date":"2024-10-31T14:31:10","date_gmt":"2024-10-31T13:31:10","guid":{"rendered":"https:\/\/www.arclite-shop.de\/produkt\/02-4099854060533\/"},"modified":"2026-04-17T00:44:16","modified_gmt":"2026-04-16T22:44:16","slug":"02-4099854060533","status":"publish","type":"product","link":"https:\/\/www.arclite-shop.de\/fr\/produkt\/02-4099854060533\/","title":{"rendered":"LED CLASSIC B DIM P 5.5W 827 FIL FR E14"},"content":{"rendered":"<p>Dimmbare LED-Lampen, klassische Minikerzeform. Produkteigenschaften: Professionelle LED-Lampen f\u00fcr Netzspannung. Dimmbar. Lebensdauer: bis zu 15.000 h. Ausstrahlungswinkel: bis zu 300\u00b0. Lampe aus Glas. Gute Lichtqualit\u00e4t; Farbwiedergabeindex R a : \u2265 80; konstanter Farbort. Produktvorteile: Design, Abmessungen, Lichtstrom vergleichbar mit einer Gl\u00fchlampe. Sehr geringer Energieverbrauch. Unempfindlich gegen\u00fcber Ersch\u00fctterungen. Sofort 100 % Licht, keine Aufw\u00e4rmzeit. Einfacher Austausch von Standardgl\u00fchlampen. Anwendungsgebiete: Ideal f\u00fcr dekorative Einbauten. Anwendungen im Haushalt. Allgemeinbeleuchtung. Einsatz im Au\u00dfenbereich nur in geeigneten Au\u00dfenleuchten.<\/p>\n","protected":false},"excerpt":{"rendered":"<p>Dimmbare LED-Lampen, klassische Minikerzeform. Produkteigenschaften: Professionelle LED-Lampen f\u00fcr Netzspannung. Dimmbar. Lebensdauer: bis zu 15.000 h. Ausstrahlungswinkel: bis zu 300\u00b0. Lampe aus Glas. Gute Lichtqualit\u00e4t; Farbwiedergabeindex R a : \u2265 80; konstanter Farbort. Produktvorteile: Design, Abmessungen, Lichtstrom vergleichbar mit einer Gl\u00fchlampe.<span class=\"excerpt-hellip\"> [\u2026]<\/span><\/p>\n","protected":false},"featured_media":365065,"template":"","meta":[],"product_brand":[],"product_cat":[87060],"product_tag":[],"class_list":{"0":"post-351709","1":"product","2":"type-product","3":"status-publish","4":"has-post-thumbnail","6":"product_cat-led-lampe-multi-led","8":"first","9":"instock","10":"taxable","11":"shipping-taxable","12":"product-type-simple"},"_links":{"self":[{"href":"https:\/\/www.arclite-shop.de\/fr\/wp-json\/wp\/v2\/product\/351709","targetHints":{"allow":["GET"]}}],"collection":[{"href":"https:\/\/www.arclite-shop.de\/fr\/wp-json\/wp\/v2\/product"}],"about":[{"href":"https:\/\/www.arclite-shop.de\/fr\/wp-json\/wp\/v2\/types\/product"}],"wp:featuredmedia":[{"embeddable":true,"href":"https:\/\/www.arclite-shop.de\/fr\/wp-json\/wp\/v2\/media\/365065"}],"wp:attachment":[{"href":"https:\/\/www.arclite-shop.de\/fr\/wp-json\/wp\/v2\/media?parent=351709"}],"wp:term":[{"taxonomy":"product_brand","embeddable":true,"href":"https:\/\/www.arclite-shop.de\/fr\/wp-json\/wp\/v2\/product_brand?post=351709"},{"taxonomy":"product_cat","embeddable":true,"href":"https:\/\/www.arclite-shop.de\/fr\/wp-json\/wp\/v2\/product_cat?post=351709"},{"taxonomy":"product_tag","embeddable":true,"href":"https:\/\/www.arclite-shop.de\/fr\/wp-json\/wp\/v2\/product_tag?post=351709"}],"curies":[{"name":"wp","href":"https:\/\/api.w.org\/{rel}","templated":true}]}}