{"id":351685,"date":"2024-10-31T14:30:52","date_gmt":"2024-10-31T13:30:52","guid":{"rendered":"https:\/\/www.arclite-shop.de\/produkt\/02-4099854059179\/"},"modified":"2026-04-17T00:50:55","modified_gmt":"2026-04-16T22:50:55","slug":"02-4099854059179","status":"publish","type":"product","link":"https:\/\/www.arclite-shop.de\/fr\/produkt\/02-4099854059179\/","title":{"rendered":"Lampe r\u00e9flectrice LED R50 \u00e0 r\u00e9glage avec base \u00e0 vis, lumi\u00e8re naturelle du jour"},"content":{"rendered":"<p>Dimmbare R50 LED Reflektor Lampe mit Schraubsockel, nat\u00fcrliches Tageslicht. Produkteigenschaften: LED-Alternative zu konventionellen Niedervoltlampen. Dimmbar. Sockel: E14. Farbwiedergabeindex Ra: \u2265 90. Lampe aus Glas. Produktvorteile: Einfacher, schneller und sicherer Lampenaustausch ohne Umverdrahtung. Design, Abmessungen, Lichtstrom vergleichbar mit einer Halogenlampe. Nat\u00fcrliches Lichtspektrum mit hervorragender Farbwiedergabe von CRI &gt; 90. Stark reduzierter Blauanteil. Verbesserter Sehkomfort und geringere Augenbelastung. Geringer Wartungsaufwand durch lange Lebensdauer. Geringes flackern. Anwendungsgebiete: Verkaufs- und Ausstellungsr\u00e4ume. Anwendungen im Haushalt. Anwendung im Gewerbe. Akzentbeleuchtung. Einsatz im Au\u00dfenbereich nur in geeigneten Au\u00dfenleuchten.<\/p>\n","protected":false},"excerpt":{"rendered":"<p>Dimmbare R50 LED Reflektor Lampe mit Schraubsockel, nat\u00fcrliches Tageslicht. Produkteigenschaften: LED-Alternative zu konventionellen Niedervoltlampen. Dimmbar. Sockel: E14. Farbwiedergabeindex Ra: \u2265 90. Lampe aus Glas. Produktvorteile: Einfacher, schneller und sicherer Lampenaustausch ohne Umverdrahtung. Design, Abmessungen, Lichtstrom vergleichbar mit einer Halogenlampe. Nat\u00fcrliches<span class=\"excerpt-hellip\"> [\u2026]<\/span><\/p>\n","protected":false},"featured_media":279531,"template":"","meta":[],"product_brand":[],"product_cat":[87060],"product_tag":[],"class_list":{"0":"post-351685","1":"product","2":"type-product","3":"status-publish","4":"has-post-thumbnail","6":"product_cat-led-lampe-multi-led","8":"first","9":"instock","10":"taxable","11":"shipping-taxable","12":"product-type-simple"},"_links":{"self":[{"href":"https:\/\/www.arclite-shop.de\/fr\/wp-json\/wp\/v2\/product\/351685","targetHints":{"allow":["GET"]}}],"collection":[{"href":"https:\/\/www.arclite-shop.de\/fr\/wp-json\/wp\/v2\/product"}],"about":[{"href":"https:\/\/www.arclite-shop.de\/fr\/wp-json\/wp\/v2\/types\/product"}],"wp:featuredmedia":[{"embeddable":true,"href":"https:\/\/www.arclite-shop.de\/fr\/wp-json\/wp\/v2\/media\/279531"}],"wp:attachment":[{"href":"https:\/\/www.arclite-shop.de\/fr\/wp-json\/wp\/v2\/media?parent=351685"}],"wp:term":[{"taxonomy":"product_brand","embeddable":true,"href":"https:\/\/www.arclite-shop.de\/fr\/wp-json\/wp\/v2\/product_brand?post=351685"},{"taxonomy":"product_cat","embeddable":true,"href":"https:\/\/www.arclite-shop.de\/fr\/wp-json\/wp\/v2\/product_cat?post=351685"},{"taxonomy":"product_tag","embeddable":true,"href":"https:\/\/www.arclite-shop.de\/fr\/wp-json\/wp\/v2\/product_tag?post=351685"}],"curies":[{"name":"wp","href":"https:\/\/api.w.org\/{rel}","templated":true}]}}