{"id":351667,"date":"2024-10-31T14:30:38","date_gmt":"2024-10-31T13:30:38","guid":{"rendered":"https:\/\/www.arclite-shop.de\/produkt\/02-4099854057250\/"},"modified":"2026-04-17T00:54:10","modified_gmt":"2026-04-16T22:54:10","slug":"02-4099854057250","status":"publish","type":"product","link":"https:\/\/www.arclite-shop.de\/fr\/produkt\/02-4099854057250\/","title":{"rendered":"Lampes LED, forme classique de tige"},"content":{"rendered":"<p>LED-Lampen, klassische Stabform. Produkteigenschaften: LED-Alternative zu konventionellen Lampen. Lebensdauer: bis zu 15.000 h. Nicht dimmbar. Gute Lichtqualit\u00e4t; Farbwiedergabeindex Ra: \u2265 80; konstanter Farbort. Produktvorteile: Geringer Energieverbrauch. Formsch\u00f6nes Lampendesign. Sofort 100 % Licht, keine Aufw\u00e4rmzeit. Anwendungsgebiete: Wohnr\u00e4ume, speziell wenn die Lampe sichtbar ist. \u00dcberall wo kompakte, effiziente Lampen ben\u00f6tigt werden. Einsatz im Au\u00dfenbereich nur in geeigneten Au\u00dfenleuchten.<\/p>\n","protected":false},"excerpt":{"rendered":"<p>LED-Lampen, klassische Stabform. Produkteigenschaften: LED-Alternative zu konventionellen Lampen. Lebensdauer: bis zu 15.000 h. Nicht dimmbar. Gute Lichtqualit\u00e4t; Farbwiedergabeindex Ra: \u2265 80; konstanter Farbort. Produktvorteile: Geringer Energieverbrauch. Formsch\u00f6nes Lampendesign. Sofort 100 % Licht, keine Aufw\u00e4rmzeit. Anwendungsgebiete: Wohnr\u00e4ume, speziell wenn die Lampe<span class=\"excerpt-hellip\"> [\u2026]<\/span><\/p>\n","protected":false},"featured_media":365298,"template":"","meta":[],"product_brand":[],"product_cat":[87060],"product_tag":[],"class_list":{"0":"post-351667","1":"product","2":"type-product","3":"status-publish","4":"has-post-thumbnail","6":"product_cat-led-lampe-multi-led","8":"first","9":"instock","10":"taxable","11":"shipping-taxable","12":"product-type-simple"},"_links":{"self":[{"href":"https:\/\/www.arclite-shop.de\/fr\/wp-json\/wp\/v2\/product\/351667","targetHints":{"allow":["GET"]}}],"collection":[{"href":"https:\/\/www.arclite-shop.de\/fr\/wp-json\/wp\/v2\/product"}],"about":[{"href":"https:\/\/www.arclite-shop.de\/fr\/wp-json\/wp\/v2\/types\/product"}],"wp:featuredmedia":[{"embeddable":true,"href":"https:\/\/www.arclite-shop.de\/fr\/wp-json\/wp\/v2\/media\/365298"}],"wp:attachment":[{"href":"https:\/\/www.arclite-shop.de\/fr\/wp-json\/wp\/v2\/media?parent=351667"}],"wp:term":[{"taxonomy":"product_brand","embeddable":true,"href":"https:\/\/www.arclite-shop.de\/fr\/wp-json\/wp\/v2\/product_brand?post=351667"},{"taxonomy":"product_cat","embeddable":true,"href":"https:\/\/www.arclite-shop.de\/fr\/wp-json\/wp\/v2\/product_cat?post=351667"},{"taxonomy":"product_tag","embeddable":true,"href":"https:\/\/www.arclite-shop.de\/fr\/wp-json\/wp\/v2\/product_tag?post=351667"}],"curies":[{"name":"wp","href":"https:\/\/api.w.org\/{rel}","templated":true}]}}