{"id":351662,"date":"2024-10-31T14:30:35","date_gmt":"2024-10-31T13:30:35","guid":{"rendered":"https:\/\/www.arclite-shop.de\/produkt\/02-4099854055850\/"},"modified":"2026-04-17T00:55:32","modified_gmt":"2026-04-16T22:55:32","slug":"02-4099854055850","status":"publish","type":"product","link":"https:\/\/www.arclite-shop.de\/fr\/produkt\/02-4099854055850\/","title":{"rendered":"Lampes LED dimmables, forme classique de tige avec CRI 90"},"content":{"rendered":"<p>Dimmbare LED &#8211; Lampen, klassische Stabform mit CRI 90. Produkteigenschaften: LED-Lampen f\u00fcr Netzspannung. Dimmbar. Farbwiedergabeindex Ra: \u2265 90. Produktvorteile: Nat\u00fcrliches Lichtspektrum mit hervorragender Farbwiedergabe von CRI \u2265 90. Stark reduzierter Blauanteil. Verbesserter Sehkomfort und geringere Augenbelastung. Geringer Energieverbrauch. Formsch\u00f6nes Lampendesign. Anwendungsgebiete: Ideal f\u00fcr dekorative Einbauten. Anwendungen im Haushalt. Allgemeinbeleuchtung. Einsatz im Au\u00dfenbereich nur in geeigneten Au\u00dfenleuchten.<\/p>\n","protected":false},"excerpt":{"rendered":"<p>Dimmbare LED &#8211; Lampen, klassische Stabform mit CRI 90. Produkteigenschaften: LED-Lampen f\u00fcr Netzspannung. Dimmbar. Farbwiedergabeindex Ra: \u2265 90. Produktvorteile: Nat\u00fcrliches Lichtspektrum mit hervorragender Farbwiedergabe von CRI \u2265 90. Stark reduzierter Blauanteil. Verbesserter Sehkomfort und geringere Augenbelastung. Geringer Energieverbrauch. Formsch\u00f6nes Lampendesign.<span class=\"excerpt-hellip\"> [\u2026]<\/span><\/p>\n","protected":false},"featured_media":365298,"template":"","meta":[],"product_brand":[],"product_cat":[87060],"product_tag":[],"class_list":{"0":"post-351662","1":"product","2":"type-product","3":"status-publish","4":"has-post-thumbnail","6":"product_cat-led-lampe-multi-led","8":"first","9":"instock","10":"taxable","11":"shipping-taxable","12":"product-type-simple"},"_links":{"self":[{"href":"https:\/\/www.arclite-shop.de\/fr\/wp-json\/wp\/v2\/product\/351662","targetHints":{"allow":["GET"]}}],"collection":[{"href":"https:\/\/www.arclite-shop.de\/fr\/wp-json\/wp\/v2\/product"}],"about":[{"href":"https:\/\/www.arclite-shop.de\/fr\/wp-json\/wp\/v2\/types\/product"}],"wp:featuredmedia":[{"embeddable":true,"href":"https:\/\/www.arclite-shop.de\/fr\/wp-json\/wp\/v2\/media\/365298"}],"wp:attachment":[{"href":"https:\/\/www.arclite-shop.de\/fr\/wp-json\/wp\/v2\/media?parent=351662"}],"wp:term":[{"taxonomy":"product_brand","embeddable":true,"href":"https:\/\/www.arclite-shop.de\/fr\/wp-json\/wp\/v2\/product_brand?post=351662"},{"taxonomy":"product_cat","embeddable":true,"href":"https:\/\/www.arclite-shop.de\/fr\/wp-json\/wp\/v2\/product_cat?post=351662"},{"taxonomy":"product_tag","embeddable":true,"href":"https:\/\/www.arclite-shop.de\/fr\/wp-json\/wp\/v2\/product_tag?post=351662"}],"curies":[{"name":"wp","href":"https:\/\/api.w.org\/{rel}","templated":true}]}}