{"id":351597,"date":"2024-10-31T14:29:47","date_gmt":"2024-10-31T13:29:47","guid":{"rendered":"https:\/\/www.arclite-shop.de\/produkt\/02-4099854048111\/"},"modified":"2026-04-17T01:06:22","modified_gmt":"2026-04-16T23:06:22","slug":"02-4099854048111","status":"publish","type":"product","link":"https:\/\/www.arclite-shop.de\/fr\/produkt\/02-4099854048111\/","title":{"rendered":"Lampes r\u00e9flectrices LED basse tension MR16 \u00e0 r\u00e9glage avec prise retrofit"},"content":{"rendered":"<p>Dimmbare Niedervolt-LED-Reflektorlampen MR16 mit Retrofit-Stecksockel. Produkteigenschaften: LED-Alternative zu Niedervolthalogenlampen. Hohe Farbkonsistenz: \u2264 3 SDCM. Dimmbar. Sockel: GU5.3. Lampe aus Glas. Excellente Farbwiedergabe (Ra: 97). Lebensdauer: bis zu 40.000 h. Produktvorteile: Einfacher, schneller und sicherer Lampenaustausch ohne Umverdrahtung. Design, Abmessungen, Lichtstrom vergleichbar mit einer Gl\u00fch- oder Halogenlampe. Geringer Wartungsaufwand und Kostenersparnis durch lange Lebensdauer. Keine UV- und IR-nahen Anteile im Lichtstrahl. Stufenloses Dimmen. Sehr hohe Dimmerkompatibilit\u00e4t, siehe auchwww.ledvance.de\/dim. Kompatibel mit vielen handels\u00fcblichen elektronischen Vorschaltger\u00e4ten (siehe auchKompatibilit\u00e4tsliste). Sofort 100 % Licht, keine Aufw\u00e4rmzeit. Anwendungsgebiete: Verkaufs- und Ausstellungsr\u00e4ume. Anwendungen im Haushalt. Anwendung im Gewerbe. Akzentbeleuchtung. Einsatz im Au\u00dfenbereich nur in geeigneten Au\u00dfenleuchten.<\/p>\n","protected":false},"excerpt":{"rendered":"<p>Dimmbare Niedervolt-LED-Reflektorlampen MR16 mit Retrofit-Stecksockel. Produkteigenschaften: LED-Alternative zu Niedervolthalogenlampen. Hohe Farbkonsistenz: \u2264 3 SDCM. Dimmbar. Sockel: GU5.3. Lampe aus Glas. Excellente Farbwiedergabe (Ra: 97). Lebensdauer: bis zu 40.000 h. Produktvorteile: Einfacher, schneller und sicherer Lampenaustausch ohne Umverdrahtung. Design, Abmessungen, Lichtstrom<span class=\"excerpt-hellip\"> [\u2026]<\/span><\/p>\n","protected":false},"featured_media":365370,"template":"","meta":[],"product_brand":[],"product_cat":[87060],"product_tag":[],"class_list":{"0":"post-351597","1":"product","2":"type-product","3":"status-publish","4":"has-post-thumbnail","6":"product_cat-led-lampe-multi-led","8":"first","9":"instock","10":"taxable","11":"shipping-taxable","12":"product-type-simple"},"_links":{"self":[{"href":"https:\/\/www.arclite-shop.de\/fr\/wp-json\/wp\/v2\/product\/351597","targetHints":{"allow":["GET"]}}],"collection":[{"href":"https:\/\/www.arclite-shop.de\/fr\/wp-json\/wp\/v2\/product"}],"about":[{"href":"https:\/\/www.arclite-shop.de\/fr\/wp-json\/wp\/v2\/types\/product"}],"wp:featuredmedia":[{"embeddable":true,"href":"https:\/\/www.arclite-shop.de\/fr\/wp-json\/wp\/v2\/media\/365370"}],"wp:attachment":[{"href":"https:\/\/www.arclite-shop.de\/fr\/wp-json\/wp\/v2\/media?parent=351597"}],"wp:term":[{"taxonomy":"product_brand","embeddable":true,"href":"https:\/\/www.arclite-shop.de\/fr\/wp-json\/wp\/v2\/product_brand?post=351597"},{"taxonomy":"product_cat","embeddable":true,"href":"https:\/\/www.arclite-shop.de\/fr\/wp-json\/wp\/v2\/product_cat?post=351597"},{"taxonomy":"product_tag","embeddable":true,"href":"https:\/\/www.arclite-shop.de\/fr\/wp-json\/wp\/v2\/product_tag?post=351597"}],"curies":[{"name":"wp","href":"https:\/\/api.w.org\/{rel}","templated":true}]}}