{"id":351560,"date":"2024-10-31T14:29:20","date_gmt":"2024-10-31T13:29:20","guid":{"rendered":"https:\/\/www.arclite-shop.de\/produkt\/02-4099854043956\/"},"modified":"2026-04-17T01:14:11","modified_gmt":"2026-04-16T23:14:11","slug":"02-4099854043956","status":"publish","type":"product","link":"https:\/\/www.arclite-shop.de\/fr\/produkt\/02-4099854043956\/","title":{"rendered":"Lampes LED sp\u00e9ciales avec capteur de lumi\u00e8re du jour, forme classique d\u2019ampoule"},"content":{"rendered":"<p>LED-Speziallampen mit Tageslichtsensor, klassische Kolbenform. Produkteigenschaften: LED-Alternative zu konventionellen Lampen. Nicht dimmbar. Gute Lichtqualit\u00e4t; Farbwiedergabeindex Ra: \u2265 80; konstanter Farbort. Produktvorteile: Kurze Amortisationszeit dank geringem Energieverbrauch und niedrigen Wartungskosten. Energiesparende Beleuchtungsl\u00f6sung dank automatischem Ausschalten bei Tageslicht. Sicherheit durch automatisches Anschalten bei Dunkelheit. Geringer Energieverbrauch. Einfacher Ersatz von klassischen Lampen dank kompaktem Design. Sofort 100 % Licht, keine Aufw\u00e4rmzeit. Lichtsensoren erkennen anhand der Spektralverteilung das Tageslicht. Anwendungsgebiete: Orte, die bei Dunkelheit dauerhaft beleuchtet sein m\u00fcssen. Einsatz im Au\u00dfenbereich nur in geeigneten Au\u00dfenleuchten.<\/p>\n","protected":false},"excerpt":{"rendered":"<p>LED-Speziallampen mit Tageslichtsensor, klassische Kolbenform. Produkteigenschaften: LED-Alternative zu konventionellen Lampen. Nicht dimmbar. Gute Lichtqualit\u00e4t; Farbwiedergabeindex Ra: \u2265 80; konstanter Farbort. Produktvorteile: Kurze Amortisationszeit dank geringem Energieverbrauch und niedrigen Wartungskosten. Energiesparende Beleuchtungsl\u00f6sung dank automatischem Ausschalten bei Tageslicht. Sicherheit durch automatisches Anschalten<span class=\"excerpt-hellip\"> [\u2026]<\/span><\/p>\n","protected":false},"featured_media":363543,"template":"","meta":[],"product_brand":[],"product_cat":[87060],"product_tag":[],"class_list":{"0":"post-351560","1":"product","2":"type-product","3":"status-publish","4":"has-post-thumbnail","6":"product_cat-led-lampe-multi-led","8":"first","9":"outofstock","10":"taxable","11":"shipping-taxable","12":"product-type-simple"},"_links":{"self":[{"href":"https:\/\/www.arclite-shop.de\/fr\/wp-json\/wp\/v2\/product\/351560","targetHints":{"allow":["GET"]}}],"collection":[{"href":"https:\/\/www.arclite-shop.de\/fr\/wp-json\/wp\/v2\/product"}],"about":[{"href":"https:\/\/www.arclite-shop.de\/fr\/wp-json\/wp\/v2\/types\/product"}],"wp:featuredmedia":[{"embeddable":true,"href":"https:\/\/www.arclite-shop.de\/fr\/wp-json\/wp\/v2\/media\/363543"}],"wp:attachment":[{"href":"https:\/\/www.arclite-shop.de\/fr\/wp-json\/wp\/v2\/media?parent=351560"}],"wp:term":[{"taxonomy":"product_brand","embeddable":true,"href":"https:\/\/www.arclite-shop.de\/fr\/wp-json\/wp\/v2\/product_brand?post=351560"},{"taxonomy":"product_cat","embeddable":true,"href":"https:\/\/www.arclite-shop.de\/fr\/wp-json\/wp\/v2\/product_cat?post=351560"},{"taxonomy":"product_tag","embeddable":true,"href":"https:\/\/www.arclite-shop.de\/fr\/wp-json\/wp\/v2\/product_tag?post=351560"}],"curies":[{"name":"wp","href":"https:\/\/api.w.org\/{rel}","templated":true}]}}