{"id":351423,"date":"2024-10-31T14:27:41","date_gmt":"2024-10-31T13:27:41","guid":{"rendered":"https:\/\/www.arclite-shop.de\/produkt\/02-4099854026256\/"},"modified":"2026-04-17T02:13:10","modified_gmt":"2026-04-17T00:13:10","slug":"02-4099854026256","status":"publish","type":"product","link":"https:\/\/www.arclite-shop.de\/fr\/produkt\/02-4099854026256\/","title":{"rendered":"Tubes LED \u00e9conomiques pour ballasts \u00e9lectroniques"},"content":{"rendered":"<p>Kosteneffiziente LED-R\u00f6hren f\u00fcr elektronische Vorschaltger\u00e4te (EVG). Produkteigenschaften: LED-Ersatz f\u00fcr herk\u00f6mmliche T8-Leuchtstofflampen mit G13 Sockel in EVG Leuchten. Kompatibel mit vielen handels\u00fcblichen elektronischen Vorschaltger\u00e4ten (siehe auchKompatibilit\u00e4tsliste). Flimmerarm nach EU 2019\/2020 (SVM \u22640,4 \/ PstLM \u2264 1). R\u00f6hre aus Glas. Homogene Ausleuchtung. Quecksilberfrei und RoHS-konform. Schutzart: IP20. Lebensdauer: bis zu 30.000 h. Produktvorteile: Kein Durchh\u00e4ngen dank Glasr\u00f6hre. Energieeinsparung von bis zu 56 % (gegen\u00fcber T8 Leuchtstofflampe). Einfacher, schneller und sicherer Lampenaustausch ohne Umverdrahtung. Sehr hohe Schaltfestigkeit. Auch geeignet f\u00fcr den Betrieb bei niedrigen Temperaturen. Anwendungsgebiete: Allgemeinbeleuchtung in Umgebungstemperaturen von -20\u2026+45 \u00b0C. Korridore, Treppen- und Parkh\u00e4user. Industrie. Lagerh\u00e4user. K\u00fchl- und Lagerr\u00e4ume. Anwendungen im Haushalt. Superm\u00e4rkte und Warenh\u00e4user.<\/p>\n","protected":false},"excerpt":{"rendered":"<p>Kosteneffiziente LED-R\u00f6hren f\u00fcr elektronische Vorschaltger\u00e4te (EVG). Produkteigenschaften: LED-Ersatz f\u00fcr herk\u00f6mmliche T8-Leuchtstofflampen mit G13 Sockel in EVG Leuchten. Kompatibel mit vielen handels\u00fcblichen elektronischen Vorschaltger\u00e4ten (siehe auchKompatibilit\u00e4tsliste). Flimmerarm nach EU 2019\/2020 (SVM \u22640,4 \/ PstLM \u2264 1). R\u00f6hre aus Glas. Homogene Ausleuchtung.<span class=\"excerpt-hellip\"> [\u2026]<\/span><\/p>\n","protected":false},"featured_media":365468,"template":"","meta":[],"product_brand":[],"product_cat":[87060],"product_tag":[],"class_list":{"0":"post-351423","1":"product","2":"type-product","3":"status-publish","4":"has-post-thumbnail","6":"product_cat-led-lampe-multi-led","8":"first","9":"outofstock","10":"taxable","11":"shipping-taxable","12":"product-type-simple"},"_links":{"self":[{"href":"https:\/\/www.arclite-shop.de\/fr\/wp-json\/wp\/v2\/product\/351423","targetHints":{"allow":["GET"]}}],"collection":[{"href":"https:\/\/www.arclite-shop.de\/fr\/wp-json\/wp\/v2\/product"}],"about":[{"href":"https:\/\/www.arclite-shop.de\/fr\/wp-json\/wp\/v2\/types\/product"}],"wp:featuredmedia":[{"embeddable":true,"href":"https:\/\/www.arclite-shop.de\/fr\/wp-json\/wp\/v2\/media\/365468"}],"wp:attachment":[{"href":"https:\/\/www.arclite-shop.de\/fr\/wp-json\/wp\/v2\/media?parent=351423"}],"wp:term":[{"taxonomy":"product_brand","embeddable":true,"href":"https:\/\/www.arclite-shop.de\/fr\/wp-json\/wp\/v2\/product_brand?post=351423"},{"taxonomy":"product_cat","embeddable":true,"href":"https:\/\/www.arclite-shop.de\/fr\/wp-json\/wp\/v2\/product_cat?post=351423"},{"taxonomy":"product_tag","embeddable":true,"href":"https:\/\/www.arclite-shop.de\/fr\/wp-json\/wp\/v2\/product_tag?post=351423"}],"curies":[{"name":"wp","href":"https:\/\/api.w.org\/{rel}","templated":true}]}}