{"id":351406,"date":"2024-10-31T14:27:28","date_gmt":"2024-10-31T13:27:28","guid":{"rendered":"https:\/\/www.arclite-shop.de\/produkt\/02-4099854018510\/"},"modified":"2026-04-17T02:20:11","modified_gmt":"2026-04-17T00:20:11","slug":"02-4099854018510","status":"publish","type":"product","link":"https:\/\/www.arclite-shop.de\/fr\/produkt\/02-4099854018510\/","title":{"rendered":"C\u00e2ble d\u2019extension avec verrouillage torsad\u00e9 pour le Panel Comfort 1200"},"content":{"rendered":"<p>Verl\u00e4ngerungskabel mit Twist Lock f\u00fcr Panel Comfort 1200. Produkteigenschaften: 2400 mm Kabell\u00e4nge. Passende Twist Lock Steckverbindung an beiden Enden. Silberfarbig \/ transparente Kabelisolierung f\u00fcr eine m\u00f6glichst unauff\u00e4llige Erscheinung. Passend f\u00fcr PANEL COMFORT 1200. Produktvorteile: Verbessert die optische Erscheinung des Panels in der abgependelten Anwendung. Verl\u00e4ngerungskabel auf der DC Seite um das Vorschaltger\u00e4t hinter der Decke zu verbergen. Werkzeuglose Installation durch das Einbinden des Kabels in der existierenden Twist Lock Verbindung zwischen Panel und Vorschaltger\u00e4t. Technische Ausstattung: Inklusive 4 transparenter Kabelhalter zur Fixierung am Metalldraht des Pendelsatzes.<\/p>\n","protected":false},"excerpt":{"rendered":"<p>Verl\u00e4ngerungskabel mit Twist Lock f\u00fcr Panel Comfort 1200. Produkteigenschaften: 2400 mm Kabell\u00e4nge. Passende Twist Lock Steckverbindung an beiden Enden. Silberfarbig \/ transparente Kabelisolierung f\u00fcr eine m\u00f6glichst unauff\u00e4llige Erscheinung. Passend f\u00fcr PANEL COMFORT 1200. Produktvorteile: Verbessert die optische Erscheinung des Panels<span class=\"excerpt-hellip\"> [\u2026]<\/span><\/p>\n","protected":false},"featured_media":365472,"template":"","meta":[],"product_brand":[],"product_cat":[95268],"product_tag":[],"class_list":{"0":"post-351406","1":"product","2":"type-product","3":"status-publish","4":"has-post-thumbnail","6":"product_cat-elektrisches-zubehoer-ersatzteile-fuer-leuchten-ledvance","8":"first","9":"instock","10":"taxable","11":"shipping-taxable","12":"product-type-simple"},"_links":{"self":[{"href":"https:\/\/www.arclite-shop.de\/fr\/wp-json\/wp\/v2\/product\/351406","targetHints":{"allow":["GET"]}}],"collection":[{"href":"https:\/\/www.arclite-shop.de\/fr\/wp-json\/wp\/v2\/product"}],"about":[{"href":"https:\/\/www.arclite-shop.de\/fr\/wp-json\/wp\/v2\/types\/product"}],"wp:featuredmedia":[{"embeddable":true,"href":"https:\/\/www.arclite-shop.de\/fr\/wp-json\/wp\/v2\/media\/365472"}],"wp:attachment":[{"href":"https:\/\/www.arclite-shop.de\/fr\/wp-json\/wp\/v2\/media?parent=351406"}],"wp:term":[{"taxonomy":"product_brand","embeddable":true,"href":"https:\/\/www.arclite-shop.de\/fr\/wp-json\/wp\/v2\/product_brand?post=351406"},{"taxonomy":"product_cat","embeddable":true,"href":"https:\/\/www.arclite-shop.de\/fr\/wp-json\/wp\/v2\/product_cat?post=351406"},{"taxonomy":"product_tag","embeddable":true,"href":"https:\/\/www.arclite-shop.de\/fr\/wp-json\/wp\/v2\/product_tag?post=351406"}],"curies":[{"name":"wp","href":"https:\/\/api.w.org\/{rel}","templated":true}]}}