{"id":351299,"date":"2024-10-31T14:26:09","date_gmt":"2024-10-31T13:26:09","guid":{"rendered":"https:\/\/www.arclite-shop.de\/produkt\/02-4062172224673\/"},"modified":"2026-04-17T06:42:33","modified_gmt":"2026-04-17T04:42:33","slug":"02-4062172224673","status":"publish","type":"product","link":"https:\/\/www.arclite-shop.de\/fr\/produkt\/02-4062172224673\/","title":{"rendered":"Lichtmanagementsysteme"},"content":{"rendered":"<p>Lichtmanagementsysteme. Produkteigenschaften: Bis zu 4 DALI MCU TW zum Aufbau mehrerer Bedienstellen parallel schaltbar. Automatische Synchronisation zwischen den Bedienstellen. Blende und Drehknopf in neutralwei\u00df. Leitungsl\u00e4nge der DALI-Steuerleitung: bis zu 300 m. . Produktvorteile: Intuitives manuelles Dimmen, schalten und  Einstellung der Farbtemperatur. Individuelle Einstellung der minimalen Helligkeitsstufe. Individuelle Einstellung des Farbtemperaturbereiches. . Anwendungsgebiete: Besprechungsr\u00e4ume. Restaurants. Shopbeleuchtung. Private Wohnbereiche. . Technische Ausstattung: Geeignet f\u00fcr bis zu 25 elektronische Vorschaltger\u00e4te. Abdeckung und Drehknopf im Lieferumfang. .<\/p>\n","protected":false},"excerpt":{"rendered":"<p>Lichtmanagementsysteme. Produkteigenschaften: Bis zu 4 DALI MCU TW zum Aufbau mehrerer Bedienstellen parallel schaltbar. Automatische Synchronisation zwischen den Bedienstellen. Blende und Drehknopf in neutralwei\u00df. Leitungsl\u00e4nge der DALI-Steuerleitung: bis zu 300 m. . Produktvorteile: Intuitives manuelles Dimmen, schalten und Einstellung der<span class=\"excerpt-hellip\"> [\u2026]<\/span><\/p>\n","protected":false},"featured_media":309202,"template":"","meta":[],"product_brand":[],"product_cat":[87015],"product_tag":[],"class_list":{"0":"post-351299","1":"product","2":"type-product","3":"status-publish","4":"has-post-thumbnail","6":"product_cat-lichtregelsystemkomponente-ledvance","8":"first","9":"instock","10":"taxable","11":"shipping-taxable","12":"product-type-simple"},"_links":{"self":[{"href":"https:\/\/www.arclite-shop.de\/fr\/wp-json\/wp\/v2\/product\/351299","targetHints":{"allow":["GET"]}}],"collection":[{"href":"https:\/\/www.arclite-shop.de\/fr\/wp-json\/wp\/v2\/product"}],"about":[{"href":"https:\/\/www.arclite-shop.de\/fr\/wp-json\/wp\/v2\/types\/product"}],"wp:featuredmedia":[{"embeddable":true,"href":"https:\/\/www.arclite-shop.de\/fr\/wp-json\/wp\/v2\/media\/309202"}],"wp:attachment":[{"href":"https:\/\/www.arclite-shop.de\/fr\/wp-json\/wp\/v2\/media?parent=351299"}],"wp:term":[{"taxonomy":"product_brand","embeddable":true,"href":"https:\/\/www.arclite-shop.de\/fr\/wp-json\/wp\/v2\/product_brand?post=351299"},{"taxonomy":"product_cat","embeddable":true,"href":"https:\/\/www.arclite-shop.de\/fr\/wp-json\/wp\/v2\/product_cat?post=351299"},{"taxonomy":"product_tag","embeddable":true,"href":"https:\/\/www.arclite-shop.de\/fr\/wp-json\/wp\/v2\/product_tag?post=351299"}],"curies":[{"name":"wp","href":"https:\/\/api.w.org\/{rel}","templated":true}]}}