{"id":351292,"date":"2024-10-31T14:26:04","date_gmt":"2024-10-31T13:26:04","guid":{"rendered":"https:\/\/www.arclite-shop.de\/produkt\/02-4062172143899\/"},"modified":"2026-04-17T06:43:30","modified_gmt":"2026-04-17T04:43:30","slug":"02-4062172143899","status":"publish","type":"product","link":"https:\/\/www.arclite-shop.de\/fr\/produkt\/02-4062172143899\/","title":{"rendered":"Courant constant - Int\u00e9rieur"},"content":{"rendered":"<p>Konstantstrom &#8211; Innenbereich. Produkteigenschaften: Versorgungsspannung: 220\u2026240 V. Netzfrequenz: 0 Hz, 50\u202660 Hz. Netzspannung: 198\u2026264 V. Nach EN 61347-1, 61347-2-13, 62384. Funkentst\u00f6rung nach EN 55015:2007+A1:2007\/CDN. St\u00f6rfestigkeit nach EN 61547. Schutzart: IP20. . Produktvorteile: Vielseitiger DALI-Weitbereichstreiber durch flexible Ausgangscharakteristik. Sperren und Entsperren von Leuchten\/Treiberdaten. Einfache und schnelle Ausgangsstromeinstellung mithilfe von NFC. Sehr hohe Effizienz. Hochqualitatives Dimmen von 1\u2026100 % durch Amplituden-Dimmen. DALI-2 &#8211; zertifiziert, inkl. Parts 251, 252, 253. . Anwendungsgebiete: Geeignet f\u00fcr Downlights, Strahler und LED-Paneele. F\u00fcr den Einsatz in Leuchten mit flexibler Stromeinstellung geeignet. Einbau in Notbeleuchtungsanlagen gem\u00e4\u00df IEC 61347-2-13, Anhang J. Geeignet f\u00fcr SELV-Installationen im Innenbereich. Geeignet f\u00fcr Leuchten der Schutzklasse I und II. .<\/p>\n","protected":false},"excerpt":{"rendered":"<p>Konstantstrom &#8211; Innenbereich. Produkteigenschaften: Versorgungsspannung: 220\u2026240 V. Netzfrequenz: 0 Hz, 50\u202660 Hz. Netzspannung: 198\u2026264 V. Nach EN 61347-1, 61347-2-13, 62384. Funkentst\u00f6rung nach EN 55015:2007+A1:2007\/CDN. St\u00f6rfestigkeit nach EN 61547. Schutzart: IP20. . Produktvorteile: Vielseitiger DALI-Weitbereichstreiber durch flexible Ausgangscharakteristik. Sperren und Entsperren<span class=\"excerpt-hellip\"> [\u2026]<\/span><\/p>\n","protected":false},"featured_media":309213,"template":"","meta":[],"product_brand":[],"product_cat":[87021],"product_tag":[],"class_list":{"0":"post-351292","1":"product","2":"type-product","3":"status-publish","4":"has-post-thumbnail","6":"product_cat-led-betriebsgeraet-ledvance","8":"first","9":"instock","10":"taxable","11":"shipping-taxable","12":"product-type-simple"},"_links":{"self":[{"href":"https:\/\/www.arclite-shop.de\/fr\/wp-json\/wp\/v2\/product\/351292","targetHints":{"allow":["GET"]}}],"collection":[{"href":"https:\/\/www.arclite-shop.de\/fr\/wp-json\/wp\/v2\/product"}],"about":[{"href":"https:\/\/www.arclite-shop.de\/fr\/wp-json\/wp\/v2\/types\/product"}],"wp:featuredmedia":[{"embeddable":true,"href":"https:\/\/www.arclite-shop.de\/fr\/wp-json\/wp\/v2\/media\/309213"}],"wp:attachment":[{"href":"https:\/\/www.arclite-shop.de\/fr\/wp-json\/wp\/v2\/media?parent=351292"}],"wp:term":[{"taxonomy":"product_brand","embeddable":true,"href":"https:\/\/www.arclite-shop.de\/fr\/wp-json\/wp\/v2\/product_brand?post=351292"},{"taxonomy":"product_cat","embeddable":true,"href":"https:\/\/www.arclite-shop.de\/fr\/wp-json\/wp\/v2\/product_cat?post=351292"},{"taxonomy":"product_tag","embeddable":true,"href":"https:\/\/www.arclite-shop.de\/fr\/wp-json\/wp\/v2\/product_tag?post=351292"}],"curies":[{"name":"wp","href":"https:\/\/api.w.org\/{rel}","templated":true}]}}