{"id":351281,"date":"2024-10-31T14:25:57","date_gmt":"2024-10-31T13:25:57","guid":{"rendered":"https:\/\/www.arclite-shop.de\/produkt\/02-4062172072045\/"},"modified":"2026-03-07T02:15:30","modified_gmt":"2026-03-07T01:15:30","slug":"02-4062172072045","status":"publish","type":"product","link":"https:\/\/www.arclite-shop.de\/fr\/produkt\/02-4062172072045\/","title":{"rendered":"Capteur de lumi\u00e8re et de pr\u00e9sence ultra-plat DALI-2 pour l\u2019installation d\u2019luminaires"},"content":{"rendered":"<p>Ultraflacher DALI-2 Licht- und Pr\u00e4senzsensor f\u00fcr den Leuchteneinbau. Produkteigenschaften: Licht- und Pr\u00e4senzsensor f\u00fcr Leuchteneinbau. Pr\u00e4senzerfassung \u00fcber passives IR-Element. Arbeitsbereich Lichtsensor: 10\u20261000 lx (gemessen am Sensor). Montageh\u00f6he: 2\u20264 m. Funktionsanzeige \u00fcber integrierte LED. . Produktvorteile: Extrem flache Bauform. Pr\u00e4senzerfassungsbereich \u00fcber aufsteckbare Shutter reduzierbar. DALI-2 zertifiziert . DALI-Bus-spannungs-versorgt (keine Netzanschluss erforderlich). Mehrere Sensoren an eine DALI Linie anschlie\u00dfbar. Integrierbar in Licht- und Geb\u00e4udemanagementsysteme die DALI-2 Sensorik unterst\u00fctzen. . Anwendungsgebiete: Geeignet f\u00fcr Anwendungen im Innenbereich. Einbau in B\u00fcroleuchten. Geeignet f\u00fcr Stehleuchten in Kombination mit einer Steuerung. .<\/p>\n","protected":false},"excerpt":{"rendered":"<p>Ultraflacher DALI-2 Licht- und Pr\u00e4senzsensor f\u00fcr den Leuchteneinbau. Produkteigenschaften: Licht- und Pr\u00e4senzsensor f\u00fcr Leuchteneinbau. Pr\u00e4senzerfassung \u00fcber passives IR-Element. Arbeitsbereich Lichtsensor: 10\u20261000 lx (gemessen am Sensor). Montageh\u00f6he: 2\u20264 m. Funktionsanzeige \u00fcber integrierte LED. . Produktvorteile: Extrem flache Bauform. Pr\u00e4senzerfassungsbereich \u00fcber aufsteckbare<span class=\"excerpt-hellip\"> [\u2026]<\/span><\/p>\n","protected":false},"featured_media":365544,"template":"","meta":[],"product_brand":[],"product_cat":[87015],"product_tag":[],"class_list":{"0":"post-351281","1":"product","2":"type-product","3":"status-publish","4":"has-post-thumbnail","6":"product_cat-lichtregelsystemkomponente-ledvance","8":"first","9":"instock","10":"taxable","11":"shipping-taxable","12":"product-type-simple"},"_links":{"self":[{"href":"https:\/\/www.arclite-shop.de\/fr\/wp-json\/wp\/v2\/product\/351281","targetHints":{"allow":["GET"]}}],"collection":[{"href":"https:\/\/www.arclite-shop.de\/fr\/wp-json\/wp\/v2\/product"}],"about":[{"href":"https:\/\/www.arclite-shop.de\/fr\/wp-json\/wp\/v2\/types\/product"}],"wp:featuredmedia":[{"embeddable":true,"href":"https:\/\/www.arclite-shop.de\/fr\/wp-json\/wp\/v2\/media\/365544"}],"wp:attachment":[{"href":"https:\/\/www.arclite-shop.de\/fr\/wp-json\/wp\/v2\/media?parent=351281"}],"wp:term":[{"taxonomy":"product_brand","embeddable":true,"href":"https:\/\/www.arclite-shop.de\/fr\/wp-json\/wp\/v2\/product_brand?post=351281"},{"taxonomy":"product_cat","embeddable":true,"href":"https:\/\/www.arclite-shop.de\/fr\/wp-json\/wp\/v2\/product_cat?post=351281"},{"taxonomy":"product_tag","embeddable":true,"href":"https:\/\/www.arclite-shop.de\/fr\/wp-json\/wp\/v2\/product_tag?post=351281"}],"curies":[{"name":"wp","href":"https:\/\/api.w.org\/{rel}","templated":true}]}}