{"id":351277,"date":"2024-10-31T14:25:54","date_gmt":"2024-10-31T13:25:54","guid":{"rendered":"https:\/\/www.arclite-shop.de\/produkt\/02-4062172044776\/"},"modified":"2026-04-17T06:45:49","modified_gmt":"2026-04-17T04:45:49","slug":"02-4062172044776","status":"publish","type":"product","link":"https:\/\/www.arclite-shop.de\/fr\/produkt\/02-4062172044776\/","title":{"rendered":"Convertisseur de syst\u00e8me de gestion de la lumi\u00e8re sans fil"},"content":{"rendered":"<p>Konverter zur Integration von DALI Leuchten in Zigbee basiertes Steuersystem. Produkteigenschaften: Integriertes Zigbee Sende-Empf\u00e4nger Modul. DALI Schnittstelle f\u00fcr adressierten oder broadcast Betrieb. Ausg\u00e4nge mit elektronisch reversiblem \u00dcbertemperatur-, Kurzschluss-, \u00dcberlastschutz. . Produktvorteile: Unterst\u00fctzt standart DALI und DALI DT8 (Tunable White) EVGs. Automatische Betriebsarterkennung nach jedem Neustart. Standard Zigbee 3.0 zertifiziert inklusiven erh\u00f6htem Sicherheitsstandard. Synchrones Schalten und Dimmen von bis zu 8 DALI EVGs. Zuverl\u00e4ssiges Dimmen durch digitale Ansteuerung der Treiber. . Anwendungsgebiete: Smart Homes. B\u00fcror\u00e4ume. . Technische Ausstattung: 1-2 DALI EVGs im adressierten Betrieb. 3-8 DALI EVGs im broadcast Betrieb. Deckeneinbau oder unabh\u00e4ngige Montage \u00fcber ECO CI KIT m\u00f6glich. .<\/p>\n","protected":false},"excerpt":{"rendered":"<p>Konverter zur Integration von DALI Leuchten in Zigbee basiertes Steuersystem. Produkteigenschaften: Integriertes Zigbee Sende-Empf\u00e4nger Modul. DALI Schnittstelle f\u00fcr adressierten oder broadcast Betrieb. Ausg\u00e4nge mit elektronisch reversiblem \u00dcbertemperatur-, Kurzschluss-, \u00dcberlastschutz. . Produktvorteile: Unterst\u00fctzt standart DALI und DALI DT8 (Tunable White) EVGs.<span class=\"excerpt-hellip\"> [\u2026]<\/span><\/p>\n","protected":false},"featured_media":365546,"template":"","meta":[],"product_brand":[],"product_cat":[87015],"product_tag":[],"class_list":{"0":"post-351277","1":"product","2":"type-product","3":"status-publish","4":"has-post-thumbnail","6":"product_cat-lichtregelsystemkomponente-ledvance","8":"first","9":"instock","10":"taxable","11":"shipping-taxable","12":"product-type-simple"},"_links":{"self":[{"href":"https:\/\/www.arclite-shop.de\/fr\/wp-json\/wp\/v2\/product\/351277","targetHints":{"allow":["GET"]}}],"collection":[{"href":"https:\/\/www.arclite-shop.de\/fr\/wp-json\/wp\/v2\/product"}],"about":[{"href":"https:\/\/www.arclite-shop.de\/fr\/wp-json\/wp\/v2\/types\/product"}],"wp:featuredmedia":[{"embeddable":true,"href":"https:\/\/www.arclite-shop.de\/fr\/wp-json\/wp\/v2\/media\/365546"}],"wp:attachment":[{"href":"https:\/\/www.arclite-shop.de\/fr\/wp-json\/wp\/v2\/media?parent=351277"}],"wp:term":[{"taxonomy":"product_brand","embeddable":true,"href":"https:\/\/www.arclite-shop.de\/fr\/wp-json\/wp\/v2\/product_brand?post=351277"},{"taxonomy":"product_cat","embeddable":true,"href":"https:\/\/www.arclite-shop.de\/fr\/wp-json\/wp\/v2\/product_cat?post=351277"},{"taxonomy":"product_tag","embeddable":true,"href":"https:\/\/www.arclite-shop.de\/fr\/wp-json\/wp\/v2\/product_tag?post=351277"}],"curies":[{"name":"wp","href":"https:\/\/api.w.org\/{rel}","templated":true}]}}