{"id":351204,"date":"2024-10-31T14:25:00","date_gmt":"2024-10-31T13:25:00","guid":{"rendered":"https:\/\/www.arclite-shop.de\/produkt\/02-4058075822115\/"},"modified":"2026-04-17T07:20:35","modified_gmt":"2026-04-17T05:20:35","slug":"02-4058075822115","status":"publish","type":"product","link":"https:\/\/www.arclite-shop.de\/fr\/produkt\/02-4058075822115\/","title":{"rendered":"Remplacement de LED pour KLLni avec 4 broches. Prise 2G11 pour fonctionnement en ECG et tension secteur "},"content":{"rendered":"<p>LED-Ersatz f\u00fcr KLLni, mit 4pol. 2G11 Stecksockel zum Betrieb am EVG oder Netzspannung. Produkteigenschaften: LED-Ersatz f\u00fcr herk\u00f6mmliche Kompaktleuchtstofflampen in EVG Leuchten oder an Netzspannung. Lebensdauer: bis zu 30.000 h. Einseitiger 4-Stift-Stecksockel 2G11. Schutzart: IP20. Quecksilberfreie Lampen. Produktvorteile: Einfache Installation. Geringer Energieverbrauch. Nicht f\u00fcr den Betrieb mit konventionellen Vorschaltger\u00e4ten geeignet. Einfacher Lampenwechsel dank kompaktem Design. Betrieb direkt an 230 V Netzspannung m\u00f6glich. Anwendungsgebiete: Allgemeinbeleuchtung in Umgebungstemperaturen von -20\u2026+45 \u00b0C. B\u00fcros, \u00f6ffentliche Einrichtungen. Gesch\u00e4fte. Hotels, Restaurants. Industrie.<\/p>\n","protected":false},"excerpt":{"rendered":"<p>LED-Ersatz f\u00fcr KLLni, mit 4pol. 2G11 Stecksockel zum Betrieb am EVG oder Netzspannung. Produkteigenschaften: LED-Ersatz f\u00fcr herk\u00f6mmliche Kompaktleuchtstofflampen in EVG Leuchten oder an Netzspannung. Lebensdauer: bis zu 30.000 h. Einseitiger 4-Stift-Stecksockel 2G11. Schutzart: IP20. Quecksilberfreie Lampen. Produktvorteile: Einfache Installation. Geringer<span class=\"excerpt-hellip\"> [\u2026]<\/span><\/p>\n","protected":false},"featured_media":365576,"template":"","meta":[],"product_brand":[],"product_cat":[87060],"product_tag":[],"class_list":{"0":"post-351204","1":"product","2":"type-product","3":"status-publish","4":"has-post-thumbnail","6":"product_cat-led-lampe-multi-led","8":"first","9":"outofstock","10":"taxable","11":"shipping-taxable","12":"product-type-simple"},"_links":{"self":[{"href":"https:\/\/www.arclite-shop.de\/fr\/wp-json\/wp\/v2\/product\/351204","targetHints":{"allow":["GET"]}}],"collection":[{"href":"https:\/\/www.arclite-shop.de\/fr\/wp-json\/wp\/v2\/product"}],"about":[{"href":"https:\/\/www.arclite-shop.de\/fr\/wp-json\/wp\/v2\/types\/product"}],"wp:featuredmedia":[{"embeddable":true,"href":"https:\/\/www.arclite-shop.de\/fr\/wp-json\/wp\/v2\/media\/365576"}],"wp:attachment":[{"href":"https:\/\/www.arclite-shop.de\/fr\/wp-json\/wp\/v2\/media?parent=351204"}],"wp:term":[{"taxonomy":"product_brand","embeddable":true,"href":"https:\/\/www.arclite-shop.de\/fr\/wp-json\/wp\/v2\/product_brand?post=351204"},{"taxonomy":"product_cat","embeddable":true,"href":"https:\/\/www.arclite-shop.de\/fr\/wp-json\/wp\/v2\/product_cat?post=351204"},{"taxonomy":"product_tag","embeddable":true,"href":"https:\/\/www.arclite-shop.de\/fr\/wp-json\/wp\/v2\/product_tag?post=351204"}],"curies":[{"name":"wp","href":"https:\/\/api.w.org\/{rel}","templated":true}]}}