{"id":351184,"date":"2024-10-31T14:24:45","date_gmt":"2024-10-31T13:24:45","guid":{"rendered":"https:\/\/www.arclite-shop.de\/produkt\/02-4058075803930\/"},"modified":"2026-04-17T07:31:53","modified_gmt":"2026-04-17T05:31:53","slug":"02-4058075803930","status":"publish","type":"product","link":"https:\/\/www.arclite-shop.de\/fr\/produkt\/02-4058075803930\/","title":{"rendered":"Lampes LED, forme classique de mini-bougie"},"content":{"rendered":"<p>LED-Lampen, klassische Minikerzenform. Produkteigenschaften: Professionelle LED-Lampen f\u00fcr Netzspannung. Nicht f\u00fcr den Betrieb an Dimmern geeignet. Gute Farbwiedergabe (Ra \u2265 80) und Farbstabilit\u00e4t \u00fcber die gesamte Lampenlebensdauer. Sockel: E14, B22d. Quecksilberfreie Lampen. Produktvorteile: Geringere W\u00e4rmeentwicklung (gegen\u00fcber dem Standardreferenzprodukt). Sehr geringer Energieverbrauch. Sto\u00df- und vibrationsfest dank LED-Technologie. Keine UV- und IR-nahen Anteile im Lichtstrahl. Sofort 100 % Licht, keine Aufw\u00e4rmzeit. Einfacher Austausch gegen herk\u00f6mmliche Gl\u00fchlampen. Anwendungsgebiete: Allgemeinbeleuchtung. Anwendungen im Haushalt. Kronleuchter. Einsatz im Au\u00dfenbereich nur in geeigneten Au\u00dfenleuchten.<\/p>\n","protected":false},"excerpt":{"rendered":"<p>LED-Lampen, klassische Minikerzenform. Produkteigenschaften: Professionelle LED-Lampen f\u00fcr Netzspannung. Nicht f\u00fcr den Betrieb an Dimmern geeignet. Gute Farbwiedergabe (Ra \u2265 80) und Farbstabilit\u00e4t \u00fcber die gesamte Lampenlebensdauer. Sockel: E14, B22d. Quecksilberfreie Lampen. Produktvorteile: Geringere W\u00e4rmeentwicklung (gegen\u00fcber dem Standardreferenzprodukt). Sehr geringer Energieverbrauch.<span class=\"excerpt-hellip\"> [\u2026]<\/span><\/p>\n","protected":false},"featured_media":365592,"template":"","meta":[],"product_brand":[],"product_cat":[87060],"product_tag":[],"class_list":{"0":"post-351184","1":"product","2":"type-product","3":"status-publish","4":"has-post-thumbnail","6":"product_cat-led-lampe-multi-led","8":"first","9":"instock","10":"taxable","11":"shipping-taxable","12":"product-type-simple"},"_links":{"self":[{"href":"https:\/\/www.arclite-shop.de\/fr\/wp-json\/wp\/v2\/product\/351184","targetHints":{"allow":["GET"]}}],"collection":[{"href":"https:\/\/www.arclite-shop.de\/fr\/wp-json\/wp\/v2\/product"}],"about":[{"href":"https:\/\/www.arclite-shop.de\/fr\/wp-json\/wp\/v2\/types\/product"}],"wp:featuredmedia":[{"embeddable":true,"href":"https:\/\/www.arclite-shop.de\/fr\/wp-json\/wp\/v2\/media\/365592"}],"wp:attachment":[{"href":"https:\/\/www.arclite-shop.de\/fr\/wp-json\/wp\/v2\/media?parent=351184"}],"wp:term":[{"taxonomy":"product_brand","embeddable":true,"href":"https:\/\/www.arclite-shop.de\/fr\/wp-json\/wp\/v2\/product_brand?post=351184"},{"taxonomy":"product_cat","embeddable":true,"href":"https:\/\/www.arclite-shop.de\/fr\/wp-json\/wp\/v2\/product_cat?post=351184"},{"taxonomy":"product_tag","embeddable":true,"href":"https:\/\/www.arclite-shop.de\/fr\/wp-json\/wp\/v2\/product_tag?post=351184"}],"curies":[{"name":"wp","href":"https:\/\/api.w.org\/{rel}","templated":true}]}}