{"id":351141,"date":"2024-10-31T14:24:14","date_gmt":"2024-10-31T13:24:14","guid":{"rendered":"https:\/\/www.arclite-shop.de\/produkt\/02-4058075779723\/"},"modified":"2026-04-17T08:21:39","modified_gmt":"2026-04-17T06:21:39","slug":"02-4058075779723","status":"publish","type":"product","link":"https:\/\/www.arclite-shop.de\/fr\/produkt\/02-4058075779723\/","title":{"rendered":"Pilote LED compact \u00e0 courant constant avec interface de gradation DALI"},"content":{"rendered":"<p>Kompakter Konstantstrom LED-Treiber mit DALI-Dimmschnittstelle. Produkteigenschaften: 1 Kanal DALI-2 zertifiziertes LED Betriebsger\u00e4t. Versorgungsspannung: 220\u2026240 V. Betrieb mit Schutzkleinspannung (SELV): &lt; 60 V. Verf\u00fcgbar mit Ausgangsstrombereich: bis zu 1.400 mA. Montageart: Unabh\u00e4ngig und Einbau in Leuchten. Geeignet f\u00fcr Notlichtbeleuchtung gem\u00e4\u00df EN 60598-2-2 mit einem Notlichtfaktor EOFI=15%. Geeignet zur Anwendung in M\u00f6beln. Produktvorteile: Individuelle Stromeinstellung am Ger\u00e4t mit Dip-Schaltern in 50mA Schritten. Push-DIM-Anwendung zur einfachen Steuerung. Geringes Flackern erm\u00f6glicht hohe Lichtqualit\u00e4t als auch guten visuellen Komfort. Hochqualitatives Dimmen von 1\u2026100 %. Werkzeuglose Installation. 5 Jahre Garantie. Anwendungsgebiete: Leuchten der Schutzklassen I und II. Indoor SELV Installationen. Notstrombeleuchtung. Ein- und Anbau in M\u00f6beln. Voutenbeleuchtung. B\u00fcros. Schule. Lagerbereiche. Einzelhandel.<\/p>\n","protected":false},"excerpt":{"rendered":"<p>Kompakter Konstantstrom LED-Treiber mit DALI-Dimmschnittstelle. Produkteigenschaften: 1 Kanal DALI-2 zertifiziertes LED Betriebsger\u00e4t. Versorgungsspannung: 220\u2026240 V. Betrieb mit Schutzkleinspannung (SELV): &lt; 60 V. Verf\u00fcgbar mit Ausgangsstrombereich: bis zu 1.400 mA. Montageart: Unabh\u00e4ngig und Einbau in Leuchten. Geeignet f\u00fcr Notlichtbeleuchtung gem\u00e4\u00df EN<span class=\"excerpt-hellip\"> [\u2026]<\/span><\/p>\n","protected":false},"featured_media":339154,"template":"","meta":[],"product_brand":[],"product_cat":[87021],"product_tag":[],"class_list":{"0":"post-351141","1":"product","2":"type-product","3":"status-publish","4":"has-post-thumbnail","6":"product_cat-led-betriebsgeraet-ledvance","8":"first","9":"outofstock","10":"taxable","11":"shipping-taxable","12":"product-type-simple"},"_links":{"self":[{"href":"https:\/\/www.arclite-shop.de\/fr\/wp-json\/wp\/v2\/product\/351141","targetHints":{"allow":["GET"]}}],"collection":[{"href":"https:\/\/www.arclite-shop.de\/fr\/wp-json\/wp\/v2\/product"}],"about":[{"href":"https:\/\/www.arclite-shop.de\/fr\/wp-json\/wp\/v2\/types\/product"}],"wp:featuredmedia":[{"embeddable":true,"href":"https:\/\/www.arclite-shop.de\/fr\/wp-json\/wp\/v2\/media\/339154"}],"wp:attachment":[{"href":"https:\/\/www.arclite-shop.de\/fr\/wp-json\/wp\/v2\/media?parent=351141"}],"wp:term":[{"taxonomy":"product_brand","embeddable":true,"href":"https:\/\/www.arclite-shop.de\/fr\/wp-json\/wp\/v2\/product_brand?post=351141"},{"taxonomy":"product_cat","embeddable":true,"href":"https:\/\/www.arclite-shop.de\/fr\/wp-json\/wp\/v2\/product_cat?post=351141"},{"taxonomy":"product_tag","embeddable":true,"href":"https:\/\/www.arclite-shop.de\/fr\/wp-json\/wp\/v2\/product_tag?post=351141"}],"curies":[{"name":"wp","href":"https:\/\/api.w.org\/{rel}","templated":true}]}}