{"id":351113,"date":"2024-10-31T14:23:53","date_gmt":"2024-10-31T13:23:53","guid":{"rendered":"https:\/\/www.arclite-shop.de\/produkt\/02-4058075769359\/"},"modified":"2026-04-17T08:35:30","modified_gmt":"2026-04-17T06:35:30","slug":"02-4058075769359","status":"publish","type":"product","link":"https:\/\/www.arclite-shop.de\/fr\/produkt\/02-4058075769359\/","title":{"rendered":"R\u00e9troviseur mont\u00e9 en surface avec protection IP65"},"content":{"rendered":"<p>Anbau-Downlight mit IP65-Schutz. Produkteigenschaften: Sto\u00dffestigkeit: IK06. Steckklemme f\u00fcr werkzeuglosen Anschluss. Durchverdrahtung m\u00f6glich. Schutzart: IP65. Lichtstrom: bis zu 4.950 lm. Hohe Lichtausbeute: bis zu 110 lm\/W. Lebensdauer (L70\/B50): 100.000 h (bei 25 \u00b0C). Umgebungstemperaturbereich bei Betrieb: -30\u2026+40 \u00b0C. Produktvorteile: Geeignet f\u00fcr Verwendung in staubigen und feuchten Umgebungen dank hoher Schutzart. Geeignet f\u00fcr den Einsatz in \u00f6ffentlichen Bereichen dank hoher IK-Bewertung. 5 Jahre Garantie. Bis zu 50 % Energieersparnis (verglichen mit Leuchten, die Leuchtstofflampen verwenden). Anwendungsgebiete: Direkter Ersatz f\u00fcr Leuchten mit Leuchtstofflampen. Geeignet f\u00fcr Installationen im Innen- und Au\u00dfenbereich. Korridore, Treppenh\u00e4user, Eingangsbereiche. Passagen, Unterf\u00fchrungen. \u00d6ffentlicher Raum.<\/p>\n","protected":false},"excerpt":{"rendered":"<p>Anbau-Downlight mit IP65-Schutz. Produkteigenschaften: Sto\u00dffestigkeit: IK06. Steckklemme f\u00fcr werkzeuglosen Anschluss. Durchverdrahtung m\u00f6glich. Schutzart: IP65. Lichtstrom: bis zu 4.950 lm. Hohe Lichtausbeute: bis zu 110 lm\/W. Lebensdauer (L70\/B50): 100.000 h (bei 25 \u00b0C). Umgebungstemperaturbereich bei Betrieb: -30\u2026+40 \u00b0C. Produktvorteile: Geeignet f\u00fcr<span class=\"excerpt-hellip\"> [\u2026]<\/span><\/p>\n","protected":false},"featured_media":365712,"template":"","meta":[],"product_brand":[],"product_cat":[87053],"product_tag":[],"class_list":{"0":"post-351113","1":"product","2":"type-product","3":"status-publish","4":"has-post-thumbnail","6":"product_cat-downlight-strahler-flutlicht","8":"first","9":"instock","10":"taxable","11":"shipping-taxable","12":"product-type-simple"},"_links":{"self":[{"href":"https:\/\/www.arclite-shop.de\/fr\/wp-json\/wp\/v2\/product\/351113","targetHints":{"allow":["GET"]}}],"collection":[{"href":"https:\/\/www.arclite-shop.de\/fr\/wp-json\/wp\/v2\/product"}],"about":[{"href":"https:\/\/www.arclite-shop.de\/fr\/wp-json\/wp\/v2\/types\/product"}],"wp:featuredmedia":[{"embeddable":true,"href":"https:\/\/www.arclite-shop.de\/fr\/wp-json\/wp\/v2\/media\/365712"}],"wp:attachment":[{"href":"https:\/\/www.arclite-shop.de\/fr\/wp-json\/wp\/v2\/media?parent=351113"}],"wp:term":[{"taxonomy":"product_brand","embeddable":true,"href":"https:\/\/www.arclite-shop.de\/fr\/wp-json\/wp\/v2\/product_brand?post=351113"},{"taxonomy":"product_cat","embeddable":true,"href":"https:\/\/www.arclite-shop.de\/fr\/wp-json\/wp\/v2\/product_cat?post=351113"},{"taxonomy":"product_tag","embeddable":true,"href":"https:\/\/www.arclite-shop.de\/fr\/wp-json\/wp\/v2\/product_tag?post=351113"}],"curies":[{"name":"wp","href":"https:\/\/api.w.org\/{rel}","templated":true}]}}