{"id":350953,"date":"2024-10-31T14:21:58","date_gmt":"2024-10-31T13:21:58","guid":{"rendered":"https:\/\/www.arclite-shop.de\/produkt\/02-4058075730496\/"},"modified":"2026-04-17T11:04:48","modified_gmt":"2026-04-17T09:04:48","slug":"02-4058075730496","status":"publish","type":"product","link":"https:\/\/www.arclite-shop.de\/fr\/produkt\/02-4058075730496\/","title":{"rendered":"Tubes LED T5 EXTERNES pour pilotes LED EXTERNE"},"content":{"rendered":"<p>LED-R\u00f6hren T5 EXTERNAL f\u00fcr LED Treiber EXTERNAL. Produkteigenschaften: Ausgelegt f\u00fcr den Betrieb an LEDVANCE Driver LED TUBE EXTERNAL . Quecksilberfrei und RoHS-konform. Produktvorteile: Kompatibel mit LEDVANCE DRIVER LED TUBE DALI EXTERNAL. Splitterschutz dank spezieller PET-Beschichtung. Kein Durchh\u00e4ngen dank Glasr\u00f6hre. Sehr hohe Schaltfestigkeit. F\u00fcnf Jahre Garantie. Anwendungsgebiete: Industriebeleuchtung (z.B. Fertigungsanlagen, Logistikzentren, Lagerh\u00e4user). Lineare Lichtl\u00f6sungen f\u00fcr B\u00fcros, Bildungsst\u00e4tten, Lagerbereiche und Retail. Gesch\u00e4fte, Superm\u00e4rkte. Geeignet f\u00fcr SELV-Installationen im Innenbereich. Allgemeinbeleuchtung in Umgebungstemperaturen von -20\u2026+50\u00b0C.<\/p>\n","protected":false},"excerpt":{"rendered":"<p>LED-R\u00f6hren T5 EXTERNAL f\u00fcr LED Treiber EXTERNAL. Produkteigenschaften: Ausgelegt f\u00fcr den Betrieb an LEDVANCE Driver LED TUBE EXTERNAL . Quecksilberfrei und RoHS-konform. Produktvorteile: Kompatibel mit LEDVANCE DRIVER LED TUBE DALI EXTERNAL. Splitterschutz dank spezieller PET-Beschichtung. Kein Durchh\u00e4ngen dank Glasr\u00f6hre. Sehr<span class=\"excerpt-hellip\"> [\u2026]<\/span><\/p>\n","protected":false},"featured_media":365918,"template":"","meta":[],"product_brand":[],"product_cat":[87060],"product_tag":[],"class_list":{"0":"post-350953","1":"product","2":"type-product","3":"status-publish","4":"has-post-thumbnail","6":"product_cat-led-lampe-multi-led","8":"first","9":"instock","10":"taxable","11":"shipping-taxable","12":"product-type-simple"},"_links":{"self":[{"href":"https:\/\/www.arclite-shop.de\/fr\/wp-json\/wp\/v2\/product\/350953","targetHints":{"allow":["GET"]}}],"collection":[{"href":"https:\/\/www.arclite-shop.de\/fr\/wp-json\/wp\/v2\/product"}],"about":[{"href":"https:\/\/www.arclite-shop.de\/fr\/wp-json\/wp\/v2\/types\/product"}],"wp:featuredmedia":[{"embeddable":true,"href":"https:\/\/www.arclite-shop.de\/fr\/wp-json\/wp\/v2\/media\/365918"}],"wp:attachment":[{"href":"https:\/\/www.arclite-shop.de\/fr\/wp-json\/wp\/v2\/media?parent=350953"}],"wp:term":[{"taxonomy":"product_brand","embeddable":true,"href":"https:\/\/www.arclite-shop.de\/fr\/wp-json\/wp\/v2\/product_brand?post=350953"},{"taxonomy":"product_cat","embeddable":true,"href":"https:\/\/www.arclite-shop.de\/fr\/wp-json\/wp\/v2\/product_cat?post=350953"},{"taxonomy":"product_tag","embeddable":true,"href":"https:\/\/www.arclite-shop.de\/fr\/wp-json\/wp\/v2\/product_tag?post=350953"}],"curies":[{"name":"wp","href":"https:\/\/api.w.org\/{rel}","templated":true}]}}