{"id":350946,"date":"2024-10-31T14:21:53","date_gmt":"2024-10-31T13:21:53","guid":{"rendered":"https:\/\/www.arclite-shop.de\/produkt\/02-4058075729308\/"},"modified":"2026-04-17T11:09:06","modified_gmt":"2026-04-17T09:09:06","slug":"02-4058075729308","status":"publish","type":"product","link":"https:\/\/www.arclite-shop.de\/fr\/produkt\/02-4058075729308\/","title":{"rendered":"Prise ext\u00e9rieure intelligente avec technologie ZigBee pour int\u00e9grer des appareils \u00e9lectriques dans le syst\u00e8me domestique intelligent"},"content":{"rendered":"<p>Intelligente Au\u00dfensteckdose mit ZigBee-Technologie zur Einbindung von elektrischen Ger\u00e4te ins Smart-Home-System. Produkteigenschaften: Steuerung \u00fcber kompatibles Smart-Home-System oder Ein- \/ Aus-Taste am Ger\u00e4t. Steuerung \u00fcber Stimme m\u00f6glich: Google Assistant oder Amazon Alexa, abh\u00e4ngig vom genutzten Smart Home System. 1,5 m Netzkabel f\u00fcr flexible Installation. Hohe Schaltleistung: bis zu 3.680 W \/ 16 A. Netzwerkprotokoll: ZigBee 3.0. Schutzart: IP44. F\u00fcr vollen Funktionsumfang Verbindung mit einem kompatiblen Smart Home System (Gateway und App) notwendig. Produktvorteile: Integriert konventionelle Elektroger\u00e4te in kompatible Smart-Home-Systeme. Erm\u00f6glicht das Schalten von herk\u00f6mmlichen Leuchtmitteln und anderen elektrischen Ger\u00e4ten. Einfacher Anschluss elektrischer Ger\u00e4te \u00fcber Standardsteckdose. Die Steckdosenabdeckung kann zum Schutz vor Spritzwasser geschlossen werden. Anwendungsgebiete: Wo immer nicht-smarte Ger\u00e4te in ein kompatibles Smart-Home-System integeriert werden sollen. G\u00e4rten, Balkone und andere Au\u00dfenbereiche. Technische Ausstattung: Steuerung via app erfordert ein kompatibles Smart home System.<\/p>\n","protected":false},"excerpt":{"rendered":"<p>Intelligente Au\u00dfensteckdose mit ZigBee-Technologie zur Einbindung von elektrischen Ger\u00e4te ins Smart-Home-System. Produkteigenschaften: Steuerung \u00fcber kompatibles Smart-Home-System oder Ein- \/ Aus-Taste am Ger\u00e4t. Steuerung \u00fcber Stimme m\u00f6glich: Google Assistant oder Amazon Alexa, abh\u00e4ngig vom genutzten Smart Home System. 1,5 m Netzkabel<span class=\"excerpt-hellip\"> [\u2026]<\/span><\/p>\n","protected":false},"featured_media":365922,"template":"","meta":[],"product_brand":[],"product_cat":[87015],"product_tag":[],"class_list":{"0":"post-350946","1":"product","2":"type-product","3":"status-publish","4":"has-post-thumbnail","6":"product_cat-lichtregelsystemkomponente-ledvance","8":"first","9":"instock","10":"taxable","11":"shipping-taxable","12":"product-type-simple"},"_links":{"self":[{"href":"https:\/\/www.arclite-shop.de\/fr\/wp-json\/wp\/v2\/product\/350946","targetHints":{"allow":["GET"]}}],"collection":[{"href":"https:\/\/www.arclite-shop.de\/fr\/wp-json\/wp\/v2\/product"}],"about":[{"href":"https:\/\/www.arclite-shop.de\/fr\/wp-json\/wp\/v2\/types\/product"}],"wp:featuredmedia":[{"embeddable":true,"href":"https:\/\/www.arclite-shop.de\/fr\/wp-json\/wp\/v2\/media\/365922"}],"wp:attachment":[{"href":"https:\/\/www.arclite-shop.de\/fr\/wp-json\/wp\/v2\/media?parent=350946"}],"wp:term":[{"taxonomy":"product_brand","embeddable":true,"href":"https:\/\/www.arclite-shop.de\/fr\/wp-json\/wp\/v2\/product_brand?post=350946"},{"taxonomy":"product_cat","embeddable":true,"href":"https:\/\/www.arclite-shop.de\/fr\/wp-json\/wp\/v2\/product_cat?post=350946"},{"taxonomy":"product_tag","embeddable":true,"href":"https:\/\/www.arclite-shop.de\/fr\/wp-json\/wp\/v2\/product_tag?post=350946"}],"curies":[{"name":"wp","href":"https:\/\/api.w.org\/{rel}","templated":true}]}}