{"id":350942,"date":"2024-10-31T14:21:50","date_gmt":"2024-10-31T13:21:50","guid":{"rendered":"https:\/\/www.arclite-shop.de\/produkt\/02-4058075729162\/"},"modified":"2026-04-17T11:10:58","modified_gmt":"2026-04-17T09:10:58","slug":"02-4058075729162","status":"publish","type":"product","link":"https:\/\/www.arclite-shop.de\/fr\/produkt\/02-4058075729162\/","title":{"rendered":"Lampe r\u00e9flectrice LED r\u00e9trofit avec technologie domotique, temp\u00e9rature de couleur r\u00e9glable, PAR16"},"content":{"rendered":"<p>LED-Retrofit-Reflektorlampe mit Smart-Home-Technik, Farbtemperatur einstellbar, PAR16. Produkteigenschaften: Steuerung \u00fcber kompatibles Smart-Home-System (Gateway und App). Steuerung \u00fcber Sprachsteuerung verf\u00fcgbar: Google Assistant oder Amazon Alexa, je nach verwendetem Smart-Home-System. Lichtfarbe \u00fcber Tunable White einstellbar: Warmwei\u00df bis Kaltwei\u00df (2.700\u20266.500 K). Netzwerkprotokoll: ZigBee 3.0. Dimmbar. Lebensdauer: bis zu 20.000 h. F\u00fcr vollen Funktionsumfang Verbindung mit einem kompatiblen Smart Home System (Gateway und App) notwendig. Produktvorteile: Drahtlose Steuerung \u00fcber App. Einfache Installation und Nutzung. Enth\u00e4lt kein Quecksilber. Anwendungsgebiete: Allgemeinbeleuchtung. Wohnr\u00e4ume. Gewerbe (Hotels, Bars, Boutiquen usw.). Einsatz im Au\u00dfenbereich nur in geeigneten Au\u00dfenleuchten.<\/p>\n","protected":false},"excerpt":{"rendered":"<p>LED-Retrofit-Reflektorlampe mit Smart-Home-Technik, Farbtemperatur einstellbar, PAR16. Produkteigenschaften: Steuerung \u00fcber kompatibles Smart-Home-System (Gateway und App). Steuerung \u00fcber Sprachsteuerung verf\u00fcgbar: Google Assistant oder Amazon Alexa, je nach verwendetem Smart-Home-System. Lichtfarbe \u00fcber Tunable White einstellbar: Warmwei\u00df bis Kaltwei\u00df (2.700\u20266.500 K). Netzwerkprotokoll: ZigBee 3.0.<span class=\"excerpt-hellip\"> [\u2026]<\/span><\/p>\n","protected":false},"featured_media":365930,"template":"","meta":[],"product_brand":[],"product_cat":[87060],"product_tag":[],"class_list":{"0":"post-350942","1":"product","2":"type-product","3":"status-publish","4":"has-post-thumbnail","6":"product_cat-led-lampe-multi-led","8":"first","9":"instock","10":"taxable","11":"shipping-taxable","12":"product-type-simple"},"_links":{"self":[{"href":"https:\/\/www.arclite-shop.de\/fr\/wp-json\/wp\/v2\/product\/350942","targetHints":{"allow":["GET"]}}],"collection":[{"href":"https:\/\/www.arclite-shop.de\/fr\/wp-json\/wp\/v2\/product"}],"about":[{"href":"https:\/\/www.arclite-shop.de\/fr\/wp-json\/wp\/v2\/types\/product"}],"wp:featuredmedia":[{"embeddable":true,"href":"https:\/\/www.arclite-shop.de\/fr\/wp-json\/wp\/v2\/media\/365930"}],"wp:attachment":[{"href":"https:\/\/www.arclite-shop.de\/fr\/wp-json\/wp\/v2\/media?parent=350942"}],"wp:term":[{"taxonomy":"product_brand","embeddable":true,"href":"https:\/\/www.arclite-shop.de\/fr\/wp-json\/wp\/v2\/product_brand?post=350942"},{"taxonomy":"product_cat","embeddable":true,"href":"https:\/\/www.arclite-shop.de\/fr\/wp-json\/wp\/v2\/product_cat?post=350942"},{"taxonomy":"product_tag","embeddable":true,"href":"https:\/\/www.arclite-shop.de\/fr\/wp-json\/wp\/v2\/product_tag?post=350942"}],"curies":[{"name":"wp","href":"https:\/\/api.w.org\/{rel}","templated":true}]}}