{"id":350875,"date":"2024-10-31T14:21:03","date_gmt":"2024-10-31T13:21:03","guid":{"rendered":"https:\/\/www.arclite-shop.de\/produkt\/02-4058075705913\/"},"modified":"2026-04-17T11:51:59","modified_gmt":"2026-04-17T09:51:59","slug":"02-4058075705913","status":"publish","type":"product","link":"https:\/\/www.arclite-shop.de\/fr\/produkt\/02-4058075705913\/","title":{"rendered":"Rubans LED haute performance prot\u00e9g\u00e9s par IP67 de 1000 lm\/m pour des applications exigeantes"},"content":{"rendered":"<p>Leistungsstarke IP67 gesch\u00fctzte LED-B\u00e4nder mit 1000 lm\/m f\u00fcr anspruchsvolle Anwendungen. Produkteigenschaften: Flexibles und teilbares LED-Band. Kleinste teilbare Einheit: 55,56 mm. Lebensdauer (L70\/B50): 50.000 h (bei Temperatur am T c = 80 \u00b0C). Lichtstrom: 1000 lm\/m. Sehr gute Farbwiedergabeindex Ra: &gt; 90. Anf\u00e4ngliche Farbkonsistenz: &lt; 3 SDCM (Schwellwerteinheit). Gro\u00dfes Spektrum an Farbtemperaturen: von Warmwei\u00df bis k\u00fchles Tageslicht. Dimmbar mit geeigneten Treibern, siehe auch www.ledvance.de\/dim ). Schutzart: IP67. UV-Best\u00e4ndigkeit (nach IEC 60068-2-5). Salznebelbest\u00e4ndigkeit (nach IEC 60068-2-52). Produktvorteile: Gro\u00dfe Designfreiheit dank langer, flexible LED-Lichtb\u00e4nder. Einfache Installation, werkzeugloser Anschluss. Einfache Montage an vielen glatten Oberfl\u00e4chen durch selbstklebendes Klebeband. Einfacher Anschluss durch beidseitig integrierte Kabel. Geeignet f\u00fcr Verwendung in feuchten Umgebungen dank hoher Schutzart. Anwendungsgebiete: Allgemeine Innenbeleuchtung. Allgemeine Au\u00dfenbeleuchtung. Industrie. B\u00fcros, Verkaufs- und Konferenzr\u00e4ume. Architekturbeleuchtung. Dekorative Beleuchtung. Technische Ausstattung: Verbindungen, Profile und Abdeckungen f\u00fcr verschiedene Montagem\u00f6glichkeiten verf\u00fcgbar. Endkappen m\u00fcssen separat bestellt werden.<\/p>\n","protected":false},"excerpt":{"rendered":"<p>Leistungsstarke IP67 gesch\u00fctzte LED-B\u00e4nder mit 1000 lm\/m f\u00fcr anspruchsvolle Anwendungen. Produkteigenschaften: Flexibles und teilbares LED-Band. Kleinste teilbare Einheit: 55,56 mm. Lebensdauer (L70\/B50): 50.000 h (bei Temperatur am T c = 80 \u00b0C). Lichtstrom: 1000 lm\/m. Sehr gute Farbwiedergabeindex Ra: &gt;<span class=\"excerpt-hellip\"> [\u2026]<\/span><\/p>\n","protected":false},"featured_media":365976,"template":"","meta":[],"product_brand":[],"product_cat":[87128],"product_tag":[],"class_list":{"0":"post-350875","1":"product","2":"type-product","3":"status-publish","4":"has-post-thumbnail","6":"product_cat-lichtschlauch-band","8":"first","9":"instock","10":"taxable","11":"shipping-taxable","12":"product-type-simple"},"_links":{"self":[{"href":"https:\/\/www.arclite-shop.de\/fr\/wp-json\/wp\/v2\/product\/350875","targetHints":{"allow":["GET"]}}],"collection":[{"href":"https:\/\/www.arclite-shop.de\/fr\/wp-json\/wp\/v2\/product"}],"about":[{"href":"https:\/\/www.arclite-shop.de\/fr\/wp-json\/wp\/v2\/types\/product"}],"wp:featuredmedia":[{"embeddable":true,"href":"https:\/\/www.arclite-shop.de\/fr\/wp-json\/wp\/v2\/media\/365976"}],"wp:attachment":[{"href":"https:\/\/www.arclite-shop.de\/fr\/wp-json\/wp\/v2\/media?parent=350875"}],"wp:term":[{"taxonomy":"product_brand","embeddable":true,"href":"https:\/\/www.arclite-shop.de\/fr\/wp-json\/wp\/v2\/product_brand?post=350875"},{"taxonomy":"product_cat","embeddable":true,"href":"https:\/\/www.arclite-shop.de\/fr\/wp-json\/wp\/v2\/product_cat?post=350875"},{"taxonomy":"product_tag","embeddable":true,"href":"https:\/\/www.arclite-shop.de\/fr\/wp-json\/wp\/v2\/product_tag?post=350875"}],"curies":[{"name":"wp","href":"https:\/\/api.w.org\/{rel}","templated":true}]}}