{"id":350853,"date":"2024-10-31T14:20:47","date_gmt":"2024-10-31T13:20:47","guid":{"rendered":"https:\/\/www.arclite-shop.de\/produkt\/02-4058075703124\/"},"modified":"2026-04-17T12:03:50","modified_gmt":"2026-04-17T10:03:50","slug":"02-4058075703124","status":"publish","type":"product","link":"https:\/\/www.arclite-shop.de\/fr\/produkt\/02-4058075703124\/","title":{"rendered":"R\u00e9tro\u00e9clairage avec protection IP44"},"content":{"rendered":"<p>Downlight mit IP44-Schutz. Produkteigenschaften: Schutzart: IP44. Lichtausbeute: 100 lm\/W. Produktvorteile: Hohe Lichtausbeute. Sehr homogenes Licht. Einfache Installation dank integriertem Treiber. Anwendungsgebiete: Direkter Ersatz f\u00fcr Leuchten mit Leuchtstofflampen. Allgemeinbeleuchtung. \u00d6ffentlicher Raum. Treppenh\u00e4user. Flure. Gesch\u00e4fte. Badezimmer. Technische Ausstattung: Rahmen f\u00fcr Anbaumontage als Zubeh\u00f6r erh\u00e4ltlich.<\/p>\n","protected":false},"excerpt":{"rendered":"<p>Downlight mit IP44-Schutz. Produkteigenschaften: Schutzart: IP44. Lichtausbeute: 100 lm\/W. Produktvorteile: Hohe Lichtausbeute. Sehr homogenes Licht. Einfache Installation dank integriertem Treiber. Anwendungsgebiete: Direkter Ersatz f\u00fcr Leuchten mit Leuchtstofflampen. Allgemeinbeleuchtung. \u00d6ffentlicher Raum. Treppenh\u00e4user. Flure. Gesch\u00e4fte. Badezimmer. Technische Ausstattung: Rahmen f\u00fcr Anbaumontage als<span class=\"excerpt-hellip\"> [\u2026]<\/span><\/p>\n","protected":false},"featured_media":365980,"template":"","meta":[],"product_brand":[],"product_cat":[87053],"product_tag":[],"class_list":{"0":"post-350853","1":"product","2":"type-product","3":"status-publish","4":"has-post-thumbnail","6":"product_cat-downlight-strahler-flutlicht","8":"first","9":"instock","10":"taxable","11":"shipping-taxable","12":"product-type-simple"},"_links":{"self":[{"href":"https:\/\/www.arclite-shop.de\/fr\/wp-json\/wp\/v2\/product\/350853","targetHints":{"allow":["GET"]}}],"collection":[{"href":"https:\/\/www.arclite-shop.de\/fr\/wp-json\/wp\/v2\/product"}],"about":[{"href":"https:\/\/www.arclite-shop.de\/fr\/wp-json\/wp\/v2\/types\/product"}],"wp:featuredmedia":[{"embeddable":true,"href":"https:\/\/www.arclite-shop.de\/fr\/wp-json\/wp\/v2\/media\/365980"}],"wp:attachment":[{"href":"https:\/\/www.arclite-shop.de\/fr\/wp-json\/wp\/v2\/media?parent=350853"}],"wp:term":[{"taxonomy":"product_brand","embeddable":true,"href":"https:\/\/www.arclite-shop.de\/fr\/wp-json\/wp\/v2\/product_brand?post=350853"},{"taxonomy":"product_cat","embeddable":true,"href":"https:\/\/www.arclite-shop.de\/fr\/wp-json\/wp\/v2\/product_cat?post=350853"},{"taxonomy":"product_tag","embeddable":true,"href":"https:\/\/www.arclite-shop.de\/fr\/wp-json\/wp\/v2\/product_tag?post=350853"}],"curies":[{"name":"wp","href":"https:\/\/api.w.org\/{rel}","templated":true}]}}