{"id":350848,"date":"2024-10-31T14:20:44","date_gmt":"2024-10-31T13:20:44","guid":{"rendered":"https:\/\/www.arclite-shop.de\/produkt\/02-4058075699397\/"},"modified":"2026-04-17T12:07:56","modified_gmt":"2026-04-17T10:07:56","slug":"02-4058075699397","status":"publish","type":"product","link":"https:\/\/www.arclite-shop.de\/fr\/produkt\/02-4058075699397\/","title":{"rendered":"R\u00e9flecteurs pour luminaires de la 4e g\u00e9n\u00e9ration \u00e0 haute baie"},"content":{"rendered":"<p>Reflektoren f\u00fcr HIGH BAY GEN 4 Leuchten. Produkteigenschaften: Reflektor aus hochwertigem Aluminium.<\/p>\n","protected":false},"excerpt":{"rendered":"<p>Reflektoren f\u00fcr HIGH BAY GEN 4 Leuchten. Produkteigenschaften: Reflektor aus hochwertigem Aluminium.<\/p>\n","protected":false},"featured_media":365986,"template":"","meta":[],"product_brand":[],"product_cat":[95267],"product_tag":[],"class_list":{"0":"post-350848","1":"product","2":"type-product","3":"status-publish","4":"has-post-thumbnail","6":"product_cat-lichttechnisches-zubehoer-ersatzteile-fuer-leuchten-ledvance","8":"first","9":"instock","10":"taxable","11":"shipping-taxable","12":"product-type-simple"},"_links":{"self":[{"href":"https:\/\/www.arclite-shop.de\/fr\/wp-json\/wp\/v2\/product\/350848","targetHints":{"allow":["GET"]}}],"collection":[{"href":"https:\/\/www.arclite-shop.de\/fr\/wp-json\/wp\/v2\/product"}],"about":[{"href":"https:\/\/www.arclite-shop.de\/fr\/wp-json\/wp\/v2\/types\/product"}],"wp:featuredmedia":[{"embeddable":true,"href":"https:\/\/www.arclite-shop.de\/fr\/wp-json\/wp\/v2\/media\/365986"}],"wp:attachment":[{"href":"https:\/\/www.arclite-shop.de\/fr\/wp-json\/wp\/v2\/media?parent=350848"}],"wp:term":[{"taxonomy":"product_brand","embeddable":true,"href":"https:\/\/www.arclite-shop.de\/fr\/wp-json\/wp\/v2\/product_brand?post=350848"},{"taxonomy":"product_cat","embeddable":true,"href":"https:\/\/www.arclite-shop.de\/fr\/wp-json\/wp\/v2\/product_cat?post=350848"},{"taxonomy":"product_tag","embeddable":true,"href":"https:\/\/www.arclite-shop.de\/fr\/wp-json\/wp\/v2\/product_tag?post=350848"}],"curies":[{"name":"wp","href":"https:\/\/api.w.org\/{rel}","templated":true}]}}