{"id":350822,"date":"2024-10-31T14:20:25","date_gmt":"2024-10-31T13:20:25","guid":{"rendered":"https:\/\/www.arclite-shop.de\/produkt\/02-4058075659681\/"},"modified":"2026-04-17T12:58:51","modified_gmt":"2026-04-17T10:58:51","slug":"02-4058075659681","status":"publish","type":"product","link":"https:\/\/www.arclite-shop.de\/fr\/produkt\/02-4058075659681\/","title":{"rendered":"PARATHOM\u00ae CLASSIC A 200 FR 24.9 W\/2700 K E27"},"content":{"rendered":"<p>LED-Lampen, klassische Kolbenform. Produkteigenschaften: Professionelle LED-Lampen f\u00fcr Netzspannung. Nicht dimmbar. Lebensdauer: bis zu 15.000 h. Gute Lichtqualit\u00e4t; Farbwiedergabeindex R a : \u2265 80; konstanter Farbort. Produktvorteile: Geringer Energieverbrauch. Einfacher Ersatz von klassischen Lampen dank kompaktem Design. Sofort 100 % Licht, keine Aufw\u00e4rmzeit. Anwendungsgebiete: Anwendungen im Haushalt. Allgemeinbeleuchtung. Einsatz im Au\u00dfenbereich nur in geeigneten Au\u00dfenleuchten.<\/p>\n","protected":false},"excerpt":{"rendered":"<p>LED-Lampen, klassische Kolbenform. Produkteigenschaften: Professionelle LED-Lampen f\u00fcr Netzspannung. Nicht dimmbar. Lebensdauer: bis zu 15.000 h. Gute Lichtqualit\u00e4t; Farbwiedergabeindex R a : \u2265 80; konstanter Farbort. Produktvorteile: Geringer Energieverbrauch. Einfacher Ersatz von klassischen Lampen dank kompaktem Design. Sofort 100 % Licht,<span class=\"excerpt-hellip\"> [\u2026]<\/span><\/p>\n","protected":false},"featured_media":366008,"template":"","meta":[],"product_brand":[],"product_cat":[87060],"product_tag":[],"class_list":{"0":"post-350822","1":"product","2":"type-product","3":"status-publish","4":"has-post-thumbnail","6":"product_cat-led-lampe-multi-led","8":"first","9":"instock","10":"taxable","11":"shipping-taxable","12":"product-type-simple"},"_links":{"self":[{"href":"https:\/\/www.arclite-shop.de\/fr\/wp-json\/wp\/v2\/product\/350822","targetHints":{"allow":["GET"]}}],"collection":[{"href":"https:\/\/www.arclite-shop.de\/fr\/wp-json\/wp\/v2\/product"}],"about":[{"href":"https:\/\/www.arclite-shop.de\/fr\/wp-json\/wp\/v2\/types\/product"}],"wp:featuredmedia":[{"embeddable":true,"href":"https:\/\/www.arclite-shop.de\/fr\/wp-json\/wp\/v2\/media\/366008"}],"wp:attachment":[{"href":"https:\/\/www.arclite-shop.de\/fr\/wp-json\/wp\/v2\/media?parent=350822"}],"wp:term":[{"taxonomy":"product_brand","embeddable":true,"href":"https:\/\/www.arclite-shop.de\/fr\/wp-json\/wp\/v2\/product_brand?post=350822"},{"taxonomy":"product_cat","embeddable":true,"href":"https:\/\/www.arclite-shop.de\/fr\/wp-json\/wp\/v2\/product_cat?post=350822"},{"taxonomy":"product_tag","embeddable":true,"href":"https:\/\/www.arclite-shop.de\/fr\/wp-json\/wp\/v2\/product_tag?post=350822"}],"curies":[{"name":"wp","href":"https:\/\/api.w.org\/{rel}","templated":true}]}}