{"id":350796,"date":"2024-10-31T14:20:06","date_gmt":"2024-10-31T13:20:06","guid":{"rendered":"https:\/\/www.arclite-shop.de\/produkt\/02-4058075647480\/"},"modified":"2026-04-17T13:26:53","modified_gmt":"2026-04-17T11:26:53","slug":"02-4058075647480","status":"publish","type":"product","link":"https:\/\/www.arclite-shop.de\/fr\/produkt\/02-4058075647480\/","title":{"rendered":"SURFACE BULKHEAD 300 MARCHE\/ARR\u00caT 15W 840 WT IP65"},"content":{"rendered":"<p>Robuste Wand- und Deckenleuchte mit IP65 Schutz. Produkteigenschaften: UV-stabilisiertes Polycarbonat (PC)-Geh\u00e4use, PC-Diffusor. Sto\u00dffestigkeit: IK10. Steckklemme f\u00fcr werkzeuglosen Anschluss. Durchverdrahtung m\u00f6glich. Schutzart: IP65. Lichtstrom: bis zu 1.400 lm. Hohe Lichtausbeute: bis zu 95 lm\/W. Lebensdauer (L70\/B50): bis zu 50.000 h (bei 25 \u00b0C). Umgebungstemperaturbereich bei Betrieb: -20\u2026+40 \u00b0C. Produktvorteile: Geeignet f\u00fcr Verwendung in staubigen und feuchten Umgebungen dank hoher Schutzart. Geeignet f\u00fcr den Einsatz in \u00f6ffentlichen Bereichen dank hoher IK-Bewertung. Mehrere Montagemuster f\u00fcr bequeme Installation. Separate Abdeckringe f\u00fcr ein \u00e4sthetisches und funktionales Design erh\u00e4ltlich. 5 Jahre Garantie. Bis zu 50 % Energieersparnis (verglichen mit Leuchten, die Leuchtstofflampen verwenden). Anwendungsgebiete: Direkter Ersatz f\u00fcr Leuchten mit Leuchtstofflampen. Korridore, Treppenh\u00e4user, Eingangsbereiche. Passagen, Unterf\u00fchrungen. \u00d6ffentlicher Raum. Technische Ausstattung: Zus\u00e4tzliche Abdeckringe in verschiedenen Ausf\u00fchrungen erh\u00e4ltlich. Inklusive Montageschrauben und D\u00fcbel.<\/p>\n","protected":false},"excerpt":{"rendered":"<p>Robuste Wand- und Deckenleuchte mit IP65 Schutz. Produkteigenschaften: UV-stabilisiertes Polycarbonat (PC)-Geh\u00e4use, PC-Diffusor. Sto\u00dffestigkeit: IK10. Steckklemme f\u00fcr werkzeuglosen Anschluss. Durchverdrahtung m\u00f6glich. Schutzart: IP65. Lichtstrom: bis zu 1.400 lm. Hohe Lichtausbeute: bis zu 95 lm\/W. Lebensdauer (L70\/B50): bis zu 50.000 h (bei<span class=\"excerpt-hellip\"> [\u2026]<\/span><\/p>\n","protected":false},"featured_media":366024,"template":"","meta":[],"product_brand":[],"product_cat":[87052],"product_tag":[],"class_list":{"0":"post-350796","1":"product","2":"type-product","3":"status-publish","4":"has-post-thumbnail","6":"product_cat-decken-wandleuchte","8":"first","9":"instock","10":"taxable","11":"shipping-taxable","12":"product-type-simple"},"_links":{"self":[{"href":"https:\/\/www.arclite-shop.de\/fr\/wp-json\/wp\/v2\/product\/350796","targetHints":{"allow":["GET"]}}],"collection":[{"href":"https:\/\/www.arclite-shop.de\/fr\/wp-json\/wp\/v2\/product"}],"about":[{"href":"https:\/\/www.arclite-shop.de\/fr\/wp-json\/wp\/v2\/types\/product"}],"wp:featuredmedia":[{"embeddable":true,"href":"https:\/\/www.arclite-shop.de\/fr\/wp-json\/wp\/v2\/media\/366024"}],"wp:attachment":[{"href":"https:\/\/www.arclite-shop.de\/fr\/wp-json\/wp\/v2\/media?parent=350796"}],"wp:term":[{"taxonomy":"product_brand","embeddable":true,"href":"https:\/\/www.arclite-shop.de\/fr\/wp-json\/wp\/v2\/product_brand?post=350796"},{"taxonomy":"product_cat","embeddable":true,"href":"https:\/\/www.arclite-shop.de\/fr\/wp-json\/wp\/v2\/product_cat?post=350796"},{"taxonomy":"product_tag","embeddable":true,"href":"https:\/\/www.arclite-shop.de\/fr\/wp-json\/wp\/v2\/product_tag?post=350796"}],"curies":[{"name":"wp","href":"https:\/\/api.w.org\/{rel}","templated":true}]}}