{"id":350793,"date":"2024-10-31T14:20:04","date_gmt":"2024-10-31T13:20:04","guid":{"rendered":"https:\/\/www.arclite-shop.de\/produkt\/02-4058075647404\/"},"modified":"2026-04-17T13:32:16","modified_gmt":"2026-04-17T11:32:16","slug":"02-4058075647404","status":"publish","type":"product","link":"https:\/\/www.arclite-shop.de\/fr\/produkt\/02-4058075647404\/","title":{"rendered":"\u00c9clairage mural et de plafond robuste avec protection IP65, capteur haute fr\u00e9quence et fonction d\u2019\u00e9clairage de s\u00e9curit\u00e9 int\u00e9gr\u00e9"},"content":{"rendered":"<p>Robuste Wand- und Deckenleuchte mit IP65 Schutz, Hochfrequenzsensor und integrierter Sicherheitsbeleuchtungsfunktion. Produkteigenschaften: Hochfrequenzsensor f\u00fcr Tageslicht- und Bewegungserfassung. Zertifiziert gem\u00e4\u00df Europ\u00e4ischer Normen (EN 60598-1:2015; EN 60598-2-22:2014). Leuchte f\u00fcr Allgemeinbeleuchtung und Sicherheitsbeleuchtung geeignet. Einzelbatterieleuchten. Sicherheitsbeleuchtungs-Funktion: Batterieentladedauer 3 h. Funktionstest der Sicherheitsbeleuchtung: automatisch (AT). Batterietechnologie: LiFePO4. Umgebungstemperaturbereich bei Betrieb: 5\u00b0\u2026+40\u00b0 C. UV-stabilisiertes Polycarbonat (PC)-Geh\u00e4use, PC-Diffusor. Sto\u00dffestigkeit: IK10. Steckklemme f\u00fcr werkzeuglosen Anschluss. Durchverdrahtung m\u00f6glich. Produktvorteile: Mehrfache Einstellm\u00f6glichkeiten von Sensorbereich, Tageslichterkennung und Haltezeit. Nahtlose Integration von Leuchten mit Sicherheitsbeleuchtungs-Funktion in die Allgemeinbeleuchtung. Einfache Verkabelung dank mitgeliefertem, vorverdrahtetem Treiber und Batterie f\u00fcr die Sicherheitsbeleuchtungs-Funktion. Separate Abdeckringe f\u00fcr ein \u00e4sthetisches und funktionales Design erh\u00e4ltlich. 3 Jahre Garantie. Betrieb der Sicherheitsbeleuchtungs-Funktion mit langlebiger LiFePO4 Batterie mit 3h Betriebsentladungszeit. Hohe Lichtausbeute im Normalbetrieb. Geeignet f\u00fcr Verwendung in staubigen und feuchten Umgebungen dank hoher Schutzart. Geeignet f\u00fcr den Einsatz in \u00f6ffentlichen Bereichen dank hoher IK-Bewertung. Mehrere Montagemuster f\u00fcr bequeme Installation. Komfortable Visualisierung der Ergebnisse des automatischen Tests mit enthaltener Kontroll-LED. Einfache Pr\u00fcfung der Sicherheitsbeleuchtungs-Funktion durch integrierte automatische Testfunktion. Anwendungsgebiete: Sicherheitsbeleuchtung f\u00fcr Rettungswegen. Antipanik-Beleuchtung. Geb\u00e4ude, f\u00fcr die Sicherheitsbeleuchtung von 3 h erforderlich ist. Direkter Ersatz f\u00fcr Leuchten mit Leuchtstofflampen. Korridore, Treppenh\u00e4user, Eingangsbereiche. Passagen, Unterf\u00fchrungen. \u00d6ffentlicher Raum. Technische Ausstattung: Zus\u00e4tzliche Abdeckringe in verschiedenen Ausf\u00fchrungen erh\u00e4ltlich. Inklusive Montageschrauben und D\u00fcbel.<\/p>\n","protected":false},"excerpt":{"rendered":"<p>Robuste Wand- und Deckenleuchte mit IP65 Schutz, Hochfrequenzsensor und integrierter Sicherheitsbeleuchtungsfunktion. Produkteigenschaften: Hochfrequenzsensor f\u00fcr Tageslicht- und Bewegungserfassung. Zertifiziert gem\u00e4\u00df Europ\u00e4ischer Normen (EN 60598-1:2015; EN 60598-2-22:2014). Leuchte f\u00fcr Allgemeinbeleuchtung und Sicherheitsbeleuchtung geeignet. Einzelbatterieleuchten. Sicherheitsbeleuchtungs-Funktion: Batterieentladedauer 3 h. Funktionstest der Sicherheitsbeleuchtung: automatisch<span class=\"excerpt-hellip\"> [\u2026]<\/span><\/p>\n","protected":false},"featured_media":366022,"template":"","meta":[],"product_brand":[],"product_cat":[87052],"product_tag":[],"class_list":{"0":"post-350793","1":"product","2":"type-product","3":"status-publish","4":"has-post-thumbnail","6":"product_cat-decken-wandleuchte","8":"first","9":"instock","10":"taxable","11":"shipping-taxable","12":"product-type-simple"},"_links":{"self":[{"href":"https:\/\/www.arclite-shop.de\/fr\/wp-json\/wp\/v2\/product\/350793","targetHints":{"allow":["GET"]}}],"collection":[{"href":"https:\/\/www.arclite-shop.de\/fr\/wp-json\/wp\/v2\/product"}],"about":[{"href":"https:\/\/www.arclite-shop.de\/fr\/wp-json\/wp\/v2\/types\/product"}],"wp:featuredmedia":[{"embeddable":true,"href":"https:\/\/www.arclite-shop.de\/fr\/wp-json\/wp\/v2\/media\/366022"}],"wp:attachment":[{"href":"https:\/\/www.arclite-shop.de\/fr\/wp-json\/wp\/v2\/media?parent=350793"}],"wp:term":[{"taxonomy":"product_brand","embeddable":true,"href":"https:\/\/www.arclite-shop.de\/fr\/wp-json\/wp\/v2\/product_brand?post=350793"},{"taxonomy":"product_cat","embeddable":true,"href":"https:\/\/www.arclite-shop.de\/fr\/wp-json\/wp\/v2\/product_cat?post=350793"},{"taxonomy":"product_tag","embeddable":true,"href":"https:\/\/www.arclite-shop.de\/fr\/wp-json\/wp\/v2\/product_tag?post=350793"}],"curies":[{"name":"wp","href":"https:\/\/api.w.org\/{rel}","templated":true}]}}