{"id":350590,"date":"2024-10-31T14:17:44","date_gmt":"2024-10-31T13:17:44","guid":{"rendered":"https:\/\/www.arclite-shop.de\/produkt\/02-4058075564602\/"},"modified":"2026-04-17T17:15:46","modified_gmt":"2026-04-17T15:15:46","slug":"02-4058075564602","status":"publish","type":"product","link":"https:\/\/www.arclite-shop.de\/fr\/produkt\/02-4058075564602\/","title":{"rendered":"Lumi\u00e8re murale fine avec cam\u00e9ra int\u00e9gr\u00e9e, ajustable via une application, un syst\u00e8me t\u00e9l\u00e9phonique, un capteur de mouvement et de lumi\u00e8re du jour"},"content":{"rendered":"<p>Schlanke Wandleuchte mit integrierter, per app ausrichtbarer Kamera, Fernsprecheinrichtung, Bewegungs- und Tageslichtsensor. Produkteigenschaften: Steuerbar \u00fcber LEDVANCE SMART+ WiFi App (mit mindestens Android\u2122\ufe0f 4.4 oder iOS 10.0). Dimmbar. Farbtemperatur: 3.000 K (Warm White). Schutzart: IP44. Kamera mit HD Live Bild \u00dcbertragung. Eingebaute Fernsprecheinrichtung und Alarm-Funktion. Lichtstrom: 900 lm. Produktvorteile: Einfache und schnelle Installation. Erh\u00f6htes Sicherheitsgef\u00fchl dank hoher Helligkeit. Anwendungsgebiete: Garagen. Eingangsbereiche. Au\u00dfenanwendung (IP44). Technische Ausstattung: F\u00fcr die Steuerung \u00fcber LEDVANCE SMART + WiFi App ist ein Smartphone oder Tablet erforderlich. Vollst\u00e4ndiges Montage- und Anschlusszubeh\u00f6r enthalten.<\/p>\n","protected":false},"excerpt":{"rendered":"<p>Schlanke Wandleuchte mit integrierter, per app ausrichtbarer Kamera, Fernsprecheinrichtung, Bewegungs- und Tageslichtsensor. Produkteigenschaften: Steuerbar \u00fcber LEDVANCE SMART+ WiFi App (mit mindestens Android\u2122\ufe0f 4.4 oder iOS 10.0). Dimmbar. Farbtemperatur: 3.000 K (Warm White). Schutzart: IP44. Kamera mit HD Live Bild \u00dcbertragung.<span class=\"excerpt-hellip\"> [\u2026]<\/span><\/p>\n","protected":false},"featured_media":366284,"template":"","meta":[],"product_brand":[],"product_cat":[87123],"product_tag":[],"class_list":{"0":"post-350590","1":"product","2":"type-product","3":"status-publish","4":"has-post-thumbnail","6":"product_cat-wegeleuchte","8":"first","9":"instock","10":"taxable","11":"shipping-taxable","12":"product-type-simple"},"_links":{"self":[{"href":"https:\/\/www.arclite-shop.de\/fr\/wp-json\/wp\/v2\/product\/350590","targetHints":{"allow":["GET"]}}],"collection":[{"href":"https:\/\/www.arclite-shop.de\/fr\/wp-json\/wp\/v2\/product"}],"about":[{"href":"https:\/\/www.arclite-shop.de\/fr\/wp-json\/wp\/v2\/types\/product"}],"wp:featuredmedia":[{"embeddable":true,"href":"https:\/\/www.arclite-shop.de\/fr\/wp-json\/wp\/v2\/media\/366284"}],"wp:attachment":[{"href":"https:\/\/www.arclite-shop.de\/fr\/wp-json\/wp\/v2\/media?parent=350590"}],"wp:term":[{"taxonomy":"product_brand","embeddable":true,"href":"https:\/\/www.arclite-shop.de\/fr\/wp-json\/wp\/v2\/product_brand?post=350590"},{"taxonomy":"product_cat","embeddable":true,"href":"https:\/\/www.arclite-shop.de\/fr\/wp-json\/wp\/v2\/product_cat?post=350590"},{"taxonomy":"product_tag","embeddable":true,"href":"https:\/\/www.arclite-shop.de\/fr\/wp-json\/wp\/v2\/product_tag?post=350590"}],"curies":[{"name":"wp","href":"https:\/\/api.w.org\/{rel}","templated":true}]}}