{"id":350552,"date":"2024-10-31T14:17:16","date_gmt":"2024-10-31T13:17:16","guid":{"rendered":"https:\/\/www.arclite-shop.de\/produkt\/02-4058075557390\/"},"modified":"2026-04-17T17:39:43","modified_gmt":"2026-04-17T15:39:43","slug":"02-4058075557390","status":"publish","type":"product","link":"https:\/\/www.arclite-shop.de\/fr\/produkt\/02-4058075557390\/","title":{"rendered":"Remplacement de LED pour KLLni avec 4 broches. Prise 2G11 pour l\u2019op\u00e9ration sur l\u2019ECG "},"content":{"rendered":"<p>LED-Ersatz f\u00fcr KLLni, mit 4pol. 2G11 Stecksockel zum Betrieb am EVG oder Netzspannung. Produkteigenschaften: LED-Ersatz f\u00fcr herk\u00f6mmliche Kompaktleuchtstofflampen in EVG Leuchten oder an Netzspannung. Einseitiger 4-Stift-Stecksockel 2G11. Kurze und kompakte Stecksockellampe in 2-Rohr-Technik. Schutzart: IP20. Lebensdauer: bis zu 30.000 h. Quecksilberfreie Lampen. Produktvorteile: Einfacher, schneller und sicherer Lampenaustausch. Einfacher Austausch dank \u00e4hnlichem Design wie herk\u00f6mmliche Kompaktleuchtstofflampen. Geringer Energieverbrauch. Betrieb direkt an 230 V Netzspannung m\u00f6glich. Anwendungsgebiete: B\u00fcros, \u00f6ffentliche Einrichtungen. Gesch\u00e4fte. Hotels, Restaurants. Industrie. Au\u00dfenanwendungen nur in geeigneten Leuchten.<\/p>\n","protected":false},"excerpt":{"rendered":"<p>LED-Ersatz f\u00fcr KLLni, mit 4pol. 2G11 Stecksockel zum Betrieb am EVG oder Netzspannung. Produkteigenschaften: LED-Ersatz f\u00fcr herk\u00f6mmliche Kompaktleuchtstofflampen in EVG Leuchten oder an Netzspannung. Einseitiger 4-Stift-Stecksockel 2G11. Kurze und kompakte Stecksockellampe in 2-Rohr-Technik. Schutzart: IP20. Lebensdauer: bis zu 30.000 h.<span class=\"excerpt-hellip\"> [\u2026]<\/span><\/p>\n","protected":false},"featured_media":366314,"template":"","meta":[],"product_brand":[],"product_cat":[87060],"product_tag":[],"class_list":{"0":"post-350552","1":"product","2":"type-product","3":"status-publish","4":"has-post-thumbnail","6":"product_cat-led-lampe-multi-led","8":"first","9":"instock","10":"taxable","11":"shipping-taxable","12":"product-type-simple"},"_links":{"self":[{"href":"https:\/\/www.arclite-shop.de\/fr\/wp-json\/wp\/v2\/product\/350552","targetHints":{"allow":["GET"]}}],"collection":[{"href":"https:\/\/www.arclite-shop.de\/fr\/wp-json\/wp\/v2\/product"}],"about":[{"href":"https:\/\/www.arclite-shop.de\/fr\/wp-json\/wp\/v2\/types\/product"}],"wp:featuredmedia":[{"embeddable":true,"href":"https:\/\/www.arclite-shop.de\/fr\/wp-json\/wp\/v2\/media\/366314"}],"wp:attachment":[{"href":"https:\/\/www.arclite-shop.de\/fr\/wp-json\/wp\/v2\/media?parent=350552"}],"wp:term":[{"taxonomy":"product_brand","embeddable":true,"href":"https:\/\/www.arclite-shop.de\/fr\/wp-json\/wp\/v2\/product_brand?post=350552"},{"taxonomy":"product_cat","embeddable":true,"href":"https:\/\/www.arclite-shop.de\/fr\/wp-json\/wp\/v2\/product_cat?post=350552"},{"taxonomy":"product_tag","embeddable":true,"href":"https:\/\/www.arclite-shop.de\/fr\/wp-json\/wp\/v2\/product_tag?post=350552"}],"curies":[{"name":"wp","href":"https:\/\/api.w.org\/{rel}","templated":true}]}}