{"id":350549,"date":"2024-10-31T14:17:14","date_gmt":"2024-10-31T13:17:14","guid":{"rendered":"https:\/\/www.arclite-shop.de\/produkt\/02-4058075554573\/"},"modified":"2026-04-17T17:40:41","modified_gmt":"2026-04-17T15:40:41","slug":"02-4058075554573","status":"publish","type":"product","link":"https:\/\/www.arclite-shop.de\/fr\/produkt\/02-4058075554573\/","title":{"rendered":"Luminaires classiques avec base GU10 et \u00e9mission lumineuse vers le haut et vers le bas"},"content":{"rendered":"<p>Klassische Leuchten mit GU10 Sockel und Lichtaustritt nach oben und unten. Produkteigenschaften: Indirekte Beleuchtung. Geh\u00e4usematerial: Aluminium. Geh\u00e4usefarbe: RAL 7016. Schutzart: IP44. Produktvorteile: Hohe Flexibilit\u00e4t bei der Wahl des Leuchtmittels dank GU10-Fassung. Einfache und schnelle Installation. Anwendungsgebiete: Anstrahlung von Fassaden. Eingangsbeleuchtung. Terrassen, Balkone. Wegebeleuchtung. Auffahrten. Technische Ausstattung: Vollst\u00e4ndiges Montage- und Anschlusszubeh\u00f6r enthalten. Keine Leuchtmittel enthalten.<\/p>\n","protected":false},"excerpt":{"rendered":"<p>Klassische Leuchten mit GU10 Sockel und Lichtaustritt nach oben und unten. Produkteigenschaften: Indirekte Beleuchtung. Geh\u00e4usematerial: Aluminium. Geh\u00e4usefarbe: RAL 7016. Schutzart: IP44. Produktvorteile: Hohe Flexibilit\u00e4t bei der Wahl des Leuchtmittels dank GU10-Fassung. Einfache und schnelle Installation. Anwendungsgebiete: Anstrahlung von Fassaden. Eingangsbeleuchtung.<span class=\"excerpt-hellip\"> [\u2026]<\/span><\/p>\n","protected":false},"featured_media":366320,"template":"","meta":[],"product_brand":[],"product_cat":[87052],"product_tag":[],"class_list":{"0":"post-350549","1":"product","2":"type-product","3":"status-publish","4":"has-post-thumbnail","6":"product_cat-decken-wandleuchte","8":"first","9":"instock","10":"taxable","11":"shipping-taxable","12":"product-type-simple"},"_links":{"self":[{"href":"https:\/\/www.arclite-shop.de\/fr\/wp-json\/wp\/v2\/product\/350549","targetHints":{"allow":["GET"]}}],"collection":[{"href":"https:\/\/www.arclite-shop.de\/fr\/wp-json\/wp\/v2\/product"}],"about":[{"href":"https:\/\/www.arclite-shop.de\/fr\/wp-json\/wp\/v2\/types\/product"}],"wp:featuredmedia":[{"embeddable":true,"href":"https:\/\/www.arclite-shop.de\/fr\/wp-json\/wp\/v2\/media\/366320"}],"wp:attachment":[{"href":"https:\/\/www.arclite-shop.de\/fr\/wp-json\/wp\/v2\/media?parent=350549"}],"wp:term":[{"taxonomy":"product_brand","embeddable":true,"href":"https:\/\/www.arclite-shop.de\/fr\/wp-json\/wp\/v2\/product_brand?post=350549"},{"taxonomy":"product_cat","embeddable":true,"href":"https:\/\/www.arclite-shop.de\/fr\/wp-json\/wp\/v2\/product_cat?post=350549"},{"taxonomy":"product_tag","embeddable":true,"href":"https:\/\/www.arclite-shop.de\/fr\/wp-json\/wp\/v2\/product_tag?post=350549"}],"curies":[{"name":"wp","href":"https:\/\/api.w.org\/{rel}","templated":true}]}}