{"id":350542,"date":"2024-10-31T14:17:10","date_gmt":"2024-10-31T13:17:10","guid":{"rendered":"https:\/\/www.arclite-shop.de\/produkt\/02-4058075554313\/"},"modified":"2026-04-17T17:43:25","modified_gmt":"2026-04-17T15:43:25","slug":"02-4058075554313","status":"publish","type":"product","link":"https:\/\/www.arclite-shop.de\/fr\/produkt\/02-4058075554313\/","title":{"rendered":"S\u00e9rie d\u2019\u00e9clairage moderne en aluminium avec diffuseur en verre vintage ou transparent"},"content":{"rendered":"<p>Moderne Leuchtenserie aus Aluminium mit Vintage oder klarem Glasdiffusor. Produkteigenschaften: Direkte Beleuchtung. Diffusormaterial: Glas. Diffusorfarbe: Bernstein oder klar. Geh\u00e4usematerial: Aluminium. Geh\u00e4usefarbe: RAL 7016. Schutzart: IP44. Produktvorteile: Hohe Flexibilit\u00e4t bei der Wahl des Leuchtmittels dank E27-Fassung. Einfache und schnelle Installation. Anwendungsgebiete: Anstrahlung von Fassaden. Terrassen, Balkone. Wegebeleuchtung. Auffahrten. Technische Ausstattung: Vollst\u00e4ndiges Montage- und Anschlusszubeh\u00f6r enthalten. Keine Leuchtmittel enthalten.<\/p>\n","protected":false},"excerpt":{"rendered":"<p>Moderne Leuchtenserie aus Aluminium mit Vintage oder klarem Glasdiffusor. Produkteigenschaften: Direkte Beleuchtung. Diffusormaterial: Glas. Diffusorfarbe: Bernstein oder klar. Geh\u00e4usematerial: Aluminium. Geh\u00e4usefarbe: RAL 7016. Schutzart: IP44. Produktvorteile: Hohe Flexibilit\u00e4t bei der Wahl des Leuchtmittels dank E27-Fassung. Einfache und schnelle Installation. Anwendungsgebiete:<span class=\"excerpt-hellip\"> [\u2026]<\/span><\/p>\n","protected":false},"featured_media":366332,"template":"","meta":[],"product_brand":[],"product_cat":[87123],"product_tag":[],"class_list":{"0":"post-350542","1":"product","2":"type-product","3":"status-publish","4":"has-post-thumbnail","6":"product_cat-wegeleuchte","8":"first","9":"instock","10":"taxable","11":"shipping-taxable","12":"product-type-simple"},"_links":{"self":[{"href":"https:\/\/www.arclite-shop.de\/fr\/wp-json\/wp\/v2\/product\/350542","targetHints":{"allow":["GET"]}}],"collection":[{"href":"https:\/\/www.arclite-shop.de\/fr\/wp-json\/wp\/v2\/product"}],"about":[{"href":"https:\/\/www.arclite-shop.de\/fr\/wp-json\/wp\/v2\/types\/product"}],"wp:featuredmedia":[{"embeddable":true,"href":"https:\/\/www.arclite-shop.de\/fr\/wp-json\/wp\/v2\/media\/366332"}],"wp:attachment":[{"href":"https:\/\/www.arclite-shop.de\/fr\/wp-json\/wp\/v2\/media?parent=350542"}],"wp:term":[{"taxonomy":"product_brand","embeddable":true,"href":"https:\/\/www.arclite-shop.de\/fr\/wp-json\/wp\/v2\/product_brand?post=350542"},{"taxonomy":"product_cat","embeddable":true,"href":"https:\/\/www.arclite-shop.de\/fr\/wp-json\/wp\/v2\/product_cat?post=350542"},{"taxonomy":"product_tag","embeddable":true,"href":"https:\/\/www.arclite-shop.de\/fr\/wp-json\/wp\/v2\/product_tag?post=350542"}],"curies":[{"name":"wp","href":"https:\/\/api.w.org\/{rel}","templated":true}]}}