{"id":350539,"date":"2024-10-31T14:17:08","date_gmt":"2024-10-31T13:17:08","guid":{"rendered":"https:\/\/www.arclite-shop.de\/produkt\/02-4058075552579\/"},"modified":"2026-04-17T17:44:40","modified_gmt":"2026-04-17T15:44:40","slug":"02-4058075552579","status":"publish","type":"product","link":"https:\/\/www.arclite-shop.de\/fr\/produkt\/02-4058075552579\/","title":{"rendered":"R\u00e9ducteur pour m\u00e2ts de diam\u00e8tre plus petit"},"content":{"rendered":"<p>Reduzierst\u00fcck f\u00fcr kleinere Mastdurchmesser. Produkteigenschaften: Reduzierung, zur Montage der Leuchte mit Standardmastadaper an Maste mit 42 mm Zopfma\u00df. F\u00fcr s\u00e4mtliche Produkte der Streetlight Flex Familie geeignet (48\u202660 mm Mastadapter wird vorausgesetzt). Produktvorteile: Erm\u00f6glicht die Installation von Streetlight Flex an Masten mit kleinerem Durchmesser.<\/p>\n","protected":false},"excerpt":{"rendered":"<p>Reduzierst\u00fcck f\u00fcr kleinere Mastdurchmesser. Produkteigenschaften: Reduzierung, zur Montage der Leuchte mit Standardmastadaper an Maste mit 42 mm Zopfma\u00df. F\u00fcr s\u00e4mtliche Produkte der Streetlight Flex Familie geeignet (48\u202660 mm Mastadapter wird vorausgesetzt). Produktvorteile: Erm\u00f6glicht die Installation von Streetlight Flex an Masten<span class=\"excerpt-hellip\"> [\u2026]<\/span><\/p>\n","protected":false},"featured_media":366336,"template":"","meta":[],"product_brand":[],"product_cat":[87054],"product_tag":[],"class_list":{"0":"post-350539","1":"product","2":"type-product","3":"status-publish","4":"has-post-thumbnail","6":"product_cat-mechanisches-zubehoer-ersatzteile-fuer-leuchten-ledvance","8":"first","9":"instock","10":"taxable","11":"shipping-taxable","12":"product-type-simple"},"_links":{"self":[{"href":"https:\/\/www.arclite-shop.de\/fr\/wp-json\/wp\/v2\/product\/350539","targetHints":{"allow":["GET"]}}],"collection":[{"href":"https:\/\/www.arclite-shop.de\/fr\/wp-json\/wp\/v2\/product"}],"about":[{"href":"https:\/\/www.arclite-shop.de\/fr\/wp-json\/wp\/v2\/types\/product"}],"wp:featuredmedia":[{"embeddable":true,"href":"https:\/\/www.arclite-shop.de\/fr\/wp-json\/wp\/v2\/media\/366336"}],"wp:attachment":[{"href":"https:\/\/www.arclite-shop.de\/fr\/wp-json\/wp\/v2\/media?parent=350539"}],"wp:term":[{"taxonomy":"product_brand","embeddable":true,"href":"https:\/\/www.arclite-shop.de\/fr\/wp-json\/wp\/v2\/product_brand?post=350539"},{"taxonomy":"product_cat","embeddable":true,"href":"https:\/\/www.arclite-shop.de\/fr\/wp-json\/wp\/v2\/product_cat?post=350539"},{"taxonomy":"product_tag","embeddable":true,"href":"https:\/\/www.arclite-shop.de\/fr\/wp-json\/wp\/v2\/product_tag?post=350539"}],"curies":[{"name":"wp","href":"https:\/\/api.w.org\/{rel}","templated":true}]}}