{"id":350518,"date":"2024-10-31T14:16:53","date_gmt":"2024-10-31T13:16:53","guid":{"rendered":"https:\/\/www.arclite-shop.de\/produkt\/02-4058075552326\/"},"modified":"2026-04-17T18:45:16","modified_gmt":"2026-04-17T16:45:16","slug":"02-4058075552326","status":"publish","type":"product","link":"https:\/\/www.arclite-shop.de\/fr\/produkt\/02-4058075552326\/","title":{"rendered":"Distribution de la lumi\u00e8re pour l\u2019\u00e9clairage public g\u00e9n\u00e9ral"},"content":{"rendered":"<p>Lichtverteilung f\u00fcr allgemeine Stra\u00dfenbeleuchtung. Produkteigenschaften: Lichtverteilung f\u00fcr Stra\u00dfen mit \u00e4hnlicher Stra\u00dfenbreite wie Lichtpunkth\u00f6he. Sehr lange Lebensdauer (L90\/B10): bis zu 100.000 h (bei 25\u00b0C). Mastadapter f\u00fcr 48-60 mm Zopfma\u00df im Lieferumfang enthalten. Zus\u00e4tzliche Reduzierung f\u00fcr 42 mm sowie Adapter f\u00fcr 76 mm Masten separat erh\u00e4ltlich. Einstellbarer Mastadapter, geeignet f\u00fcr Mastansatz- und Mastaufsatzmontage. +\/- 15\u00b0 Neigungsverstellung, bei geschlossenem Geh\u00e4use. Hohe Lichtausbeute: bis zu 147 lm\/W. Umgebungstemperaturbereich bei Betrieb: -40\u202650 \u00b0C. Hoher \u00dcberspannungschutz von bis zu 10 kV (L\/N-GND). Schutzklasse: II. Produktvorteile: Robustes Design und h\u00f6chste Komponentenqualit\u00e4t f\u00fcr eine langanhaltende Produktleistung. Schneller und einfacher Netzanschlus, dank werkzeugloser Geh\u00e4use\u00f6ffnung und Push-Button-Anschlussklemme. Hohe Lichthomogenit\u00e4t. 3 Lichtfarben, f\u00fcr eine optimale Beleuchtung unterschiedlichster Umgebungen. Kein Lichtaustritt im oberen Halbraum (ULOR 0%) bei 0\u00b0 Aufneigung. Automatische Netzunterbrechung beim \u00d6ffnen des Geh\u00e4uses. 5 Jahre Garantie. Anwendungsgebiete: Au\u00dfenanwendung (IP66). Stra\u00dfen der Klassen M, C und P gem. EN 13201. Parkpl\u00e4tze. \u00d6ffentlicher Raum. Industrie. Technische Ausstattung: Mastadapter f\u00fcr 42 und 76 mm Zopfma\u00df separat erh\u00e4ltlich.<\/p>\n","protected":false},"excerpt":{"rendered":"<p>Lichtverteilung f\u00fcr allgemeine Stra\u00dfenbeleuchtung. Produkteigenschaften: Lichtverteilung f\u00fcr Stra\u00dfen mit \u00e4hnlicher Stra\u00dfenbreite wie Lichtpunkth\u00f6he. Sehr lange Lebensdauer (L90\/B10): bis zu 100.000 h (bei 25\u00b0C). Mastadapter f\u00fcr 48-60 mm Zopfma\u00df im Lieferumfang enthalten. Zus\u00e4tzliche Reduzierung f\u00fcr 42 mm sowie Adapter f\u00fcr 76<span class=\"excerpt-hellip\"> [\u2026]<\/span><\/p>\n","protected":false},"featured_media":366342,"template":"","meta":[],"product_brand":[],"product_cat":[87333],"product_tag":[],"class_list":{"0":"post-350518","1":"product","2":"type-product","3":"status-publish","4":"has-post-thumbnail","6":"product_cat-strassen-und-platzleuchte","8":"first","9":"instock","10":"taxable","11":"shipping-taxable","12":"product-type-simple"},"_links":{"self":[{"href":"https:\/\/www.arclite-shop.de\/fr\/wp-json\/wp\/v2\/product\/350518","targetHints":{"allow":["GET"]}}],"collection":[{"href":"https:\/\/www.arclite-shop.de\/fr\/wp-json\/wp\/v2\/product"}],"about":[{"href":"https:\/\/www.arclite-shop.de\/fr\/wp-json\/wp\/v2\/types\/product"}],"wp:featuredmedia":[{"embeddable":true,"href":"https:\/\/www.arclite-shop.de\/fr\/wp-json\/wp\/v2\/media\/366342"}],"wp:attachment":[{"href":"https:\/\/www.arclite-shop.de\/fr\/wp-json\/wp\/v2\/media?parent=350518"}],"wp:term":[{"taxonomy":"product_brand","embeddable":true,"href":"https:\/\/www.arclite-shop.de\/fr\/wp-json\/wp\/v2\/product_brand?post=350518"},{"taxonomy":"product_cat","embeddable":true,"href":"https:\/\/www.arclite-shop.de\/fr\/wp-json\/wp\/v2\/product_cat?post=350518"},{"taxonomy":"product_tag","embeddable":true,"href":"https:\/\/www.arclite-shop.de\/fr\/wp-json\/wp\/v2\/product_tag?post=350518"}],"curies":[{"name":"wp","href":"https:\/\/api.w.org\/{rel}","templated":true}]}}