{"id":350506,"date":"2024-10-31T14:16:42","date_gmt":"2024-10-31T13:16:42","guid":{"rendered":"https:\/\/www.arclite-shop.de\/produkt\/02-4058075545366\/"},"modified":"2026-04-17T19:12:00","modified_gmt":"2026-04-17T17:12:00","slug":"02-4058075545366","status":"publish","type":"product","link":"https:\/\/www.arclite-shop.de\/fr\/produkt\/02-4058075545366\/","title":{"rendered":"Tubes LED \u00e9conomiques pour ballasts \u00e9lectroniques"},"content":{"rendered":"<p>Kosteneffiziente LED-R\u00f6hren f\u00fcr elektronische Vorschaltger\u00e4te (EVG). Produkteigenschaften: T8-LED-R\u00f6hre aus Glas mit G13-Sockel. Kompatibel mit vielen handels\u00fcblichen elektronischen Vorschaltger\u00e4ten (siehe auchKompatibilit\u00e4tsliste). Flimmerarm nach EU 2019\/2020. Homogene Ausleuchtung. Lebensdauer: bis zu 30.000 h. Quecksilberfrei und RoHS-konform. Schutzart: IP20. Produktvorteile: Einfache Installation. Auch geeignet f\u00fcr den Betrieb bei niedrigen Temperaturen. Kein Durchh\u00e4ngen dank Glastechnik. Anwendungsgebiete: Allgemeinbeleuchtung in Umgebungstemperaturen von -20\u2026+45 \u00b0C. Korridore, Treppen- und Parkh\u00e4user. Lagerh\u00e4user.<\/p>\n","protected":false},"excerpt":{"rendered":"<p>Kosteneffiziente LED-R\u00f6hren f\u00fcr elektronische Vorschaltger\u00e4te (EVG). Produkteigenschaften: T8-LED-R\u00f6hre aus Glas mit G13-Sockel. Kompatibel mit vielen handels\u00fcblichen elektronischen Vorschaltger\u00e4ten (siehe auchKompatibilit\u00e4tsliste). Flimmerarm nach EU 2019\/2020. Homogene Ausleuchtung. Lebensdauer: bis zu 30.000 h. Quecksilberfrei und RoHS-konform. Schutzart: IP20. Produktvorteile: Einfache Installation. Auch<span class=\"excerpt-hellip\"> [\u2026]<\/span><\/p>\n","protected":false},"featured_media":366346,"template":"","meta":[],"product_brand":[],"product_cat":[87060],"product_tag":[],"class_list":{"0":"post-350506","1":"product","2":"type-product","3":"status-publish","4":"has-post-thumbnail","6":"product_cat-led-lampe-multi-led","8":"first","9":"instock","10":"taxable","11":"shipping-taxable","12":"product-type-simple"},"_links":{"self":[{"href":"https:\/\/www.arclite-shop.de\/fr\/wp-json\/wp\/v2\/product\/350506","targetHints":{"allow":["GET"]}}],"collection":[{"href":"https:\/\/www.arclite-shop.de\/fr\/wp-json\/wp\/v2\/product"}],"about":[{"href":"https:\/\/www.arclite-shop.de\/fr\/wp-json\/wp\/v2\/types\/product"}],"wp:featuredmedia":[{"embeddable":true,"href":"https:\/\/www.arclite-shop.de\/fr\/wp-json\/wp\/v2\/media\/366346"}],"wp:attachment":[{"href":"https:\/\/www.arclite-shop.de\/fr\/wp-json\/wp\/v2\/media?parent=350506"}],"wp:term":[{"taxonomy":"product_brand","embeddable":true,"href":"https:\/\/www.arclite-shop.de\/fr\/wp-json\/wp\/v2\/product_brand?post=350506"},{"taxonomy":"product_cat","embeddable":true,"href":"https:\/\/www.arclite-shop.de\/fr\/wp-json\/wp\/v2\/product_cat?post=350506"},{"taxonomy":"product_tag","embeddable":true,"href":"https:\/\/www.arclite-shop.de\/fr\/wp-json\/wp\/v2\/product_tag?post=350506"}],"curies":[{"name":"wp","href":"https:\/\/api.w.org\/{rel}","templated":true}]}}