{"id":350501,"date":"2024-10-31T14:16:38","date_gmt":"2024-10-31T13:16:38","guid":{"rendered":"https:\/\/www.arclite-shop.de\/produkt\/02-4058075544222\/"},"modified":"2026-04-17T19:16:39","modified_gmt":"2026-04-17T17:16:39","slug":"02-4058075544222","status":"publish","type":"product","link":"https:\/\/www.arclite-shop.de\/fr\/produkt\/02-4058075544222\/","title":{"rendered":"Syst\u00e8me de gestion de la lumi\u00e8re radiophonique qui suit le cours de la lumi\u00e8re du jour avec une lumi\u00e8re artificielle hautement sp\u00e9cifi\u00e9e"},"content":{"rendered":"<p>Zigbee 3.0 Pr\u00e4senzsensor f\u00fcr den Deckeneinbau. Produkteigenschaften: Drahtloser Zigbee 3.0 Bewegungssensor f\u00fcr Deckeneinbau. Ideal f\u00fcr B\u00fcroapplikationen. Anschluss an Netzspannung 220-240 V. Pr\u00e4senzerfassung \u00fcber passives IR-Element. Montageh\u00f6he: 2\u20265 m. Produktvorteile: Funktioniert zusammen mit VIVARES ZB Control &amp; Komponenten. Einfache Installation der Komponenten und keine Steuerleitungen notwendig. 5 Jahre Garantie. Anwendungsgebiete: B\u00fcros. Flure. Klassenzimmer. Schulungsr\u00e4ume. Treppenh\u00e4user. Sanit\u00e4rbereiche.<\/p>\n","protected":false},"excerpt":{"rendered":"<p>Zigbee 3.0 Pr\u00e4senzsensor f\u00fcr den Deckeneinbau. Produkteigenschaften: Drahtloser Zigbee 3.0 Bewegungssensor f\u00fcr Deckeneinbau. Ideal f\u00fcr B\u00fcroapplikationen. Anschluss an Netzspannung 220-240 V. Pr\u00e4senzerfassung \u00fcber passives IR-Element. Montageh\u00f6he: 2\u20265 m. Produktvorteile: Funktioniert zusammen mit VIVARES ZB Control &amp; Komponenten. Einfache Installation der<span class=\"excerpt-hellip\"> [\u2026]<\/span><\/p>\n","protected":false},"featured_media":366348,"template":"","meta":[],"product_brand":[],"product_cat":[87015],"product_tag":[],"class_list":{"0":"post-350501","1":"product","2":"type-product","3":"status-publish","4":"has-post-thumbnail","6":"product_cat-lichtregelsystemkomponente-ledvance","8":"first","9":"instock","10":"taxable","11":"shipping-taxable","12":"product-type-simple"},"_links":{"self":[{"href":"https:\/\/www.arclite-shop.de\/fr\/wp-json\/wp\/v2\/product\/350501","targetHints":{"allow":["GET"]}}],"collection":[{"href":"https:\/\/www.arclite-shop.de\/fr\/wp-json\/wp\/v2\/product"}],"about":[{"href":"https:\/\/www.arclite-shop.de\/fr\/wp-json\/wp\/v2\/types\/product"}],"wp:featuredmedia":[{"embeddable":true,"href":"https:\/\/www.arclite-shop.de\/fr\/wp-json\/wp\/v2\/media\/366348"}],"wp:attachment":[{"href":"https:\/\/www.arclite-shop.de\/fr\/wp-json\/wp\/v2\/media?parent=350501"}],"wp:term":[{"taxonomy":"product_brand","embeddable":true,"href":"https:\/\/www.arclite-shop.de\/fr\/wp-json\/wp\/v2\/product_brand?post=350501"},{"taxonomy":"product_cat","embeddable":true,"href":"https:\/\/www.arclite-shop.de\/fr\/wp-json\/wp\/v2\/product_cat?post=350501"},{"taxonomy":"product_tag","embeddable":true,"href":"https:\/\/www.arclite-shop.de\/fr\/wp-json\/wp\/v2\/product_tag?post=350501"}],"curies":[{"name":"wp","href":"https:\/\/api.w.org\/{rel}","templated":true}]}}