{"id":350355,"date":"2024-10-31T14:14:57","date_gmt":"2024-10-31T13:14:57","guid":{"rendered":"https:\/\/www.arclite-shop.de\/produkt\/02-4058075478510\/"},"modified":"2026-04-17T21:43:59","modified_gmt":"2026-04-17T19:43:59","slug":"02-4058075478510","status":"publish","type":"product","link":"https:\/\/www.arclite-shop.de\/fr\/produkt\/02-4058075478510\/","title":{"rendered":"Points d\u00e9coratifs pour applications ext\u00e9rieures"},"content":{"rendered":"<p>Dekorative Dots f\u00fcr Au\u00dfenanwendungen. Produkteigenschaften: Schutzklasse (Dots): IP65. Schutzart (Netzteil): IP44. Erweiterung auf maximal 18 Dots. Farbtemperatur: 3.000 K (Warm White). Produktvorteile: Einfache und schnelle Installation. Anwendungsgebiete: G\u00e4rten, Balkone und andere Au\u00dfenbereiche. Technische Ausstattung: Netzteil nur im Basis-Set enthalten. Vollst\u00e4ndiges Montage- und Anschlusszubeh\u00f6r enthalten.<\/p>\n","protected":false},"excerpt":{"rendered":"<p>Dekorative Dots f\u00fcr Au\u00dfenanwendungen. Produkteigenschaften: Schutzklasse (Dots): IP65. Schutzart (Netzteil): IP44. Erweiterung auf maximal 18 Dots. Farbtemperatur: 3.000 K (Warm White). Produktvorteile: Einfache und schnelle Installation. Anwendungsgebiete: G\u00e4rten, Balkone und andere Au\u00dfenbereiche. Technische Ausstattung: Netzteil nur im Basis-Set enthalten. Vollst\u00e4ndiges<span class=\"excerpt-hellip\"> [\u2026]<\/span><\/p>\n","protected":false},"featured_media":366480,"template":"","meta":[],"product_brand":[],"product_cat":[87123],"product_tag":[],"class_list":{"0":"post-350355","1":"product","2":"type-product","3":"status-publish","4":"has-post-thumbnail","6":"product_cat-wegeleuchte","8":"first","9":"instock","10":"taxable","11":"shipping-taxable","12":"product-type-simple"},"_links":{"self":[{"href":"https:\/\/www.arclite-shop.de\/fr\/wp-json\/wp\/v2\/product\/350355","targetHints":{"allow":["GET"]}}],"collection":[{"href":"https:\/\/www.arclite-shop.de\/fr\/wp-json\/wp\/v2\/product"}],"about":[{"href":"https:\/\/www.arclite-shop.de\/fr\/wp-json\/wp\/v2\/types\/product"}],"wp:featuredmedia":[{"embeddable":true,"href":"https:\/\/www.arclite-shop.de\/fr\/wp-json\/wp\/v2\/media\/366480"}],"wp:attachment":[{"href":"https:\/\/www.arclite-shop.de\/fr\/wp-json\/wp\/v2\/media?parent=350355"}],"wp:term":[{"taxonomy":"product_brand","embeddable":true,"href":"https:\/\/www.arclite-shop.de\/fr\/wp-json\/wp\/v2\/product_brand?post=350355"},{"taxonomy":"product_cat","embeddable":true,"href":"https:\/\/www.arclite-shop.de\/fr\/wp-json\/wp\/v2\/product_cat?post=350355"},{"taxonomy":"product_tag","embeddable":true,"href":"https:\/\/www.arclite-shop.de\/fr\/wp-json\/wp\/v2\/product_tag?post=350355"}],"curies":[{"name":"wp","href":"https:\/\/api.w.org\/{rel}","templated":true}]}}