{"id":350334,"date":"2024-10-31T14:14:43","date_gmt":"2024-10-31T13:14:43","guid":{"rendered":"https:\/\/www.arclite-shop.de\/produkt\/02-4058075474154\/"},"modified":"2026-04-17T21:53:31","modified_gmt":"2026-04-17T19:53:31","slug":"02-4058075474154","status":"publish","type":"product","link":"https:\/\/www.arclite-shop.de\/fr\/produkt\/02-4058075474154\/","title":{"rendered":"Les luminaires muraux et bornes en acier inoxydable ont un aspect avec lumi\u00e8re indirecte"},"content":{"rendered":"<p>Wand- und Pollerleuchten in Edelstahloptik mit indirektem Licht. Produkteigenschaften: Helle und funktionelle LED-Au\u00dfenleuchten. Verf\u00fcgbar mit und ohne Bewegungssensor. Geh\u00e4use aus Edelstahl. Schutzart: IP44. Produktvorteile: Einfache und schnelle Installation. Energieeffizient durch LED-Technik. Anwendungsgebiete: Anstrahlung von Fassaden. Eingangsbeleuchtung. Terrassen, Balkone. Technische Ausstattung: Vollst\u00e4ndiges Montage- und Anschlusszubeh\u00f6r enthalten.<\/p>\n","protected":false},"excerpt":{"rendered":"<p>Wand- und Pollerleuchten in Edelstahloptik mit indirektem Licht. Produkteigenschaften: Helle und funktionelle LED-Au\u00dfenleuchten. Verf\u00fcgbar mit und ohne Bewegungssensor. Geh\u00e4use aus Edelstahl. Schutzart: IP44. Produktvorteile: Einfache und schnelle Installation. Energieeffizient durch LED-Technik. Anwendungsgebiete: Anstrahlung von Fassaden. Eingangsbeleuchtung. Terrassen, Balkone. Technische Ausstattung:<span class=\"excerpt-hellip\"> [\u2026]<\/span><\/p>\n","protected":false},"featured_media":366522,"template":"","meta":[],"product_brand":[],"product_cat":[87052],"product_tag":[],"class_list":{"0":"post-350334","1":"product","2":"type-product","3":"status-publish","4":"has-post-thumbnail","6":"product_cat-decken-wandleuchte","8":"first","9":"instock","10":"taxable","11":"shipping-taxable","12":"product-type-simple"},"_links":{"self":[{"href":"https:\/\/www.arclite-shop.de\/fr\/wp-json\/wp\/v2\/product\/350334","targetHints":{"allow":["GET"]}}],"collection":[{"href":"https:\/\/www.arclite-shop.de\/fr\/wp-json\/wp\/v2\/product"}],"about":[{"href":"https:\/\/www.arclite-shop.de\/fr\/wp-json\/wp\/v2\/types\/product"}],"wp:featuredmedia":[{"embeddable":true,"href":"https:\/\/www.arclite-shop.de\/fr\/wp-json\/wp\/v2\/media\/366522"}],"wp:attachment":[{"href":"https:\/\/www.arclite-shop.de\/fr\/wp-json\/wp\/v2\/media?parent=350334"}],"wp:term":[{"taxonomy":"product_brand","embeddable":true,"href":"https:\/\/www.arclite-shop.de\/fr\/wp-json\/wp\/v2\/product_brand?post=350334"},{"taxonomy":"product_cat","embeddable":true,"href":"https:\/\/www.arclite-shop.de\/fr\/wp-json\/wp\/v2\/product_cat?post=350334"},{"taxonomy":"product_tag","embeddable":true,"href":"https:\/\/www.arclite-shop.de\/fr\/wp-json\/wp\/v2\/product_tag?post=350334"}],"curies":[{"name":"wp","href":"https:\/\/api.w.org\/{rel}","templated":true}]}}