{"id":350332,"date":"2024-10-31T14:14:42","date_gmt":"2024-10-31T13:14:42","guid":{"rendered":"https:\/\/www.arclite-shop.de\/produkt\/02-4058075472990\/"},"modified":"2026-04-17T21:53:35","modified_gmt":"2026-04-17T19:53:35","slug":"02-4058075472990","status":"publish","type":"product","link":"https:\/\/www.arclite-shop.de\/fr\/produkt\/02-4058075472990\/","title":{"rendered":"Kits de s\u00e9curit\u00e9 pour panneaux lumineux"},"content":{"rendered":"<p>Sicherheitskits f\u00fcr Panelleuchten. Produkteigenschaften: Seil und Klemmen aus Stahl. Produktvorteile: Sicherheitsseil und -Klemmen f\u00fcr LEDVANCE Panels.<\/p>\n","protected":false},"excerpt":{"rendered":"<p>Sicherheitskits f\u00fcr Panelleuchten. Produkteigenschaften: Seil und Klemmen aus Stahl. Produktvorteile: Sicherheitsseil und -Klemmen f\u00fcr LEDVANCE Panels.<\/p>\n","protected":false},"featured_media":283264,"template":"","meta":[],"product_brand":[],"product_cat":[87054],"product_tag":[],"class_list":{"0":"post-350332","1":"product","2":"type-product","3":"status-publish","4":"has-post-thumbnail","6":"product_cat-mechanisches-zubehoer-ersatzteile-fuer-leuchten-ledvance","8":"first","9":"instock","10":"taxable","11":"shipping-taxable","12":"product-type-simple"},"_links":{"self":[{"href":"https:\/\/www.arclite-shop.de\/fr\/wp-json\/wp\/v2\/product\/350332","targetHints":{"allow":["GET"]}}],"collection":[{"href":"https:\/\/www.arclite-shop.de\/fr\/wp-json\/wp\/v2\/product"}],"about":[{"href":"https:\/\/www.arclite-shop.de\/fr\/wp-json\/wp\/v2\/types\/product"}],"wp:featuredmedia":[{"embeddable":true,"href":"https:\/\/www.arclite-shop.de\/fr\/wp-json\/wp\/v2\/media\/283264"}],"wp:attachment":[{"href":"https:\/\/www.arclite-shop.de\/fr\/wp-json\/wp\/v2\/media?parent=350332"}],"wp:term":[{"taxonomy":"product_brand","embeddable":true,"href":"https:\/\/www.arclite-shop.de\/fr\/wp-json\/wp\/v2\/product_brand?post=350332"},{"taxonomy":"product_cat","embeddable":true,"href":"https:\/\/www.arclite-shop.de\/fr\/wp-json\/wp\/v2\/product_cat?post=350332"},{"taxonomy":"product_tag","embeddable":true,"href":"https:\/\/www.arclite-shop.de\/fr\/wp-json\/wp\/v2\/product_tag?post=350332"}],"curies":[{"name":"wp","href":"https:\/\/api.w.org\/{rel}","templated":true}]}}