{"id":350292,"date":"2024-10-31T14:14:13","date_gmt":"2024-10-31T13:14:13","guid":{"rendered":"https:\/\/www.arclite-shop.de\/produkt\/02-4058075459151\/"},"modified":"2026-04-17T23:39:59","modified_gmt":"2026-04-17T21:39:59","slug":"02-4058075459151","status":"publish","type":"product","link":"https:\/\/www.arclite-shop.de\/fr\/produkt\/02-4058075459151\/","title":{"rendered":"R\u00e9troprojecteurs \u00e0 faible \u00e9blouissement, adapt\u00e9s aux stations de travail informatiques"},"content":{"rendered":"<p>Blendarme Downlights, geeignet f\u00fcr Bildschirmarbeitspl\u00e4tze. Produkteigenschaften: Geh\u00e4usematerial: Aluminium mit Hochglanzreflektor. Schutzart: IP54 (raumseitig) \/ IP20 (r\u00fcckseitig). Anschlussbox mit Steckklemme f\u00fcr werkzeuglosen Anschluss. Durchverdrahtung m\u00f6glich. Leuchtenversionen mit IoT-f\u00e4higem DALI-2 Treiber oder Zigbee 3.0 Technologie verf\u00fcgbar. Produktvorteile: Gute Entblendung (UGR &lt; 19) und Cut-Off-Winkel bis 30\u00b0 f\u00fcr eine komfortable Innenbeleuchtung. Einfache und schnelle Installation dank einer Anschlu\u00dfbox mit 5-poliger, werkzeugloser Anschlu\u00dfklemme. Flimmerarmes Licht. Geeignet f\u00fcr Verwendung in staubigen und feuchten Umgebungen dank hoher Schutzart. 5 Jahre Garantie. Anwendungsgebiete: Geeignet f\u00fcr B\u00fcroanwendungen, insbesondere Bildschirmarbeitspl\u00e4tze. Direkter Ersatz f\u00fcr Leuchten mit Kompaktleuchtstofflampen. G\u00e4nge \/ Flure. B\u00e4der, K\u00fcchen und \u00fcberdachte Aussenbereiche. Allgemeinbeleuchtung. Technische Ausstattung: Externes Vorschaltger\u00e4t enthalten.<\/p>\n","protected":false},"excerpt":{"rendered":"<p>Blendarme Downlights, geeignet f\u00fcr Bildschirmarbeitspl\u00e4tze. Produkteigenschaften: Geh\u00e4usematerial: Aluminium mit Hochglanzreflektor. Schutzart: IP54 (raumseitig) \/ IP20 (r\u00fcckseitig). Anschlussbox mit Steckklemme f\u00fcr werkzeuglosen Anschluss. Durchverdrahtung m\u00f6glich. Leuchtenversionen mit IoT-f\u00e4higem DALI-2 Treiber oder Zigbee 3.0 Technologie verf\u00fcgbar. Produktvorteile: Gute Entblendung (UGR &lt; 19)<span class=\"excerpt-hellip\"> [\u2026]<\/span><\/p>\n","protected":false},"featured_media":366574,"template":"","meta":[],"product_brand":[],"product_cat":[87053],"product_tag":[],"class_list":{"0":"post-350292","1":"product","2":"type-product","3":"status-publish","4":"has-post-thumbnail","6":"product_cat-downlight-strahler-flutlicht","8":"first","9":"instock","10":"taxable","11":"shipping-taxable","12":"product-type-simple"},"_links":{"self":[{"href":"https:\/\/www.arclite-shop.de\/fr\/wp-json\/wp\/v2\/product\/350292","targetHints":{"allow":["GET"]}}],"collection":[{"href":"https:\/\/www.arclite-shop.de\/fr\/wp-json\/wp\/v2\/product"}],"about":[{"href":"https:\/\/www.arclite-shop.de\/fr\/wp-json\/wp\/v2\/types\/product"}],"wp:featuredmedia":[{"embeddable":true,"href":"https:\/\/www.arclite-shop.de\/fr\/wp-json\/wp\/v2\/media\/366574"}],"wp:attachment":[{"href":"https:\/\/www.arclite-shop.de\/fr\/wp-json\/wp\/v2\/media?parent=350292"}],"wp:term":[{"taxonomy":"product_brand","embeddable":true,"href":"https:\/\/www.arclite-shop.de\/fr\/wp-json\/wp\/v2\/product_brand?post=350292"},{"taxonomy":"product_cat","embeddable":true,"href":"https:\/\/www.arclite-shop.de\/fr\/wp-json\/wp\/v2\/product_cat?post=350292"},{"taxonomy":"product_tag","embeddable":true,"href":"https:\/\/www.arclite-shop.de\/fr\/wp-json\/wp\/v2\/product_tag?post=350292"}],"curies":[{"name":"wp","href":"https:\/\/api.w.org\/{rel}","templated":true}]}}