{"id":350275,"date":"2024-10-31T14:14:02","date_gmt":"2024-10-31T13:14:02","guid":{"rendered":"https:\/\/www.arclite-shop.de\/produkt\/02-4058075445970\/"},"modified":"2026-04-17T23:51:45","modified_gmt":"2026-04-17T21:51:45","slug":"02-4058075445970","status":"publish","type":"product","link":"https:\/\/www.arclite-shop.de\/fr\/produkt\/02-4058075445970\/","title":{"rendered":"Lampes LED RGBW grand public avec t\u00e9l\u00e9commande"},"content":{"rendered":"<p>Consumer LED-RGBW-Lampen mit Fernbedienung. Produkteigenschaften: Lebensdauer: bis zu 25.000 h. Erm\u00f6glicht die Steuerung von Farben, S\u00e4ttigung und Dim-Stufe. Gro\u00dfer Bereich einstellbarer Lichtfarben inclusive Wei\u00df. Vier dynamische Effekte: Flash, Strobe, Smooth, Mode. Dimmbar \u00fcber Fernbedienung. Produktvorteile: Einfache Installation. Bis zu 80 % weniger Energieverbrauch gegen\u00fcber herk\u00f6mmlichen Gl\u00fchlampen. Individuelle Steuerung. Weder App noch Smartphone zur Steuerung der Lampe n\u00f6tig. Komfortable und intuitive Infrarot-Fernbedienung. Schalten, Dimmen in 4 Stufen und Farbeinstellung per Knopfdruck. Color Loops f\u00fcr dynamische Farbwechsel. Anwendungsgebiete: Anwendungen im Haushalt. Einsatz im Au\u00dfenbereich nur in geeigneten Au\u00dfenleuchten.<\/p>\n","protected":false},"excerpt":{"rendered":"<p>Consumer LED-RGBW-Lampen mit Fernbedienung. Produkteigenschaften: Lebensdauer: bis zu 25.000 h. Erm\u00f6glicht die Steuerung von Farben, S\u00e4ttigung und Dim-Stufe. Gro\u00dfer Bereich einstellbarer Lichtfarben inclusive Wei\u00df. Vier dynamische Effekte: Flash, Strobe, Smooth, Mode. Dimmbar \u00fcber Fernbedienung. Produktvorteile: Einfache Installation. Bis zu 80<span class=\"excerpt-hellip\"> [\u2026]<\/span><\/p>\n","protected":false},"featured_media":366600,"template":"","meta":[],"product_brand":[],"product_cat":[87060],"product_tag":[],"class_list":{"0":"post-350275","1":"product","2":"type-product","3":"status-publish","4":"has-post-thumbnail","6":"product_cat-led-lampe-multi-led","8":"first","9":"instock","10":"taxable","11":"shipping-taxable","12":"product-type-simple"},"_links":{"self":[{"href":"https:\/\/www.arclite-shop.de\/fr\/wp-json\/wp\/v2\/product\/350275","targetHints":{"allow":["GET"]}}],"collection":[{"href":"https:\/\/www.arclite-shop.de\/fr\/wp-json\/wp\/v2\/product"}],"about":[{"href":"https:\/\/www.arclite-shop.de\/fr\/wp-json\/wp\/v2\/types\/product"}],"wp:featuredmedia":[{"embeddable":true,"href":"https:\/\/www.arclite-shop.de\/fr\/wp-json\/wp\/v2\/media\/366600"}],"wp:attachment":[{"href":"https:\/\/www.arclite-shop.de\/fr\/wp-json\/wp\/v2\/media?parent=350275"}],"wp:term":[{"taxonomy":"product_brand","embeddable":true,"href":"https:\/\/www.arclite-shop.de\/fr\/wp-json\/wp\/v2\/product_brand?post=350275"},{"taxonomy":"product_cat","embeddable":true,"href":"https:\/\/www.arclite-shop.de\/fr\/wp-json\/wp\/v2\/product_cat?post=350275"},{"taxonomy":"product_tag","embeddable":true,"href":"https:\/\/www.arclite-shop.de\/fr\/wp-json\/wp\/v2\/product_tag?post=350275"}],"curies":[{"name":"wp","href":"https:\/\/api.w.org\/{rel}","templated":true}]}}