{"id":350274,"date":"2024-10-31T14:14:01","date_gmt":"2024-10-31T13:14:01","guid":{"rendered":"https:\/\/www.arclite-shop.de\/produkt\/02-4058075440692\/"},"modified":"2026-04-17T23:55:43","modified_gmt":"2026-04-17T21:55:43","slug":"02-4058075440692","status":"publish","type":"product","link":"https:\/\/www.arclite-shop.de\/fr\/produkt\/02-4058075440692\/","title":{"rendered":"Luminaire carr\u00e9 encastr\u00e9, installation sans outil, pour syst\u00e8mes de plafond de 625 x 625 mm"},"content":{"rendered":"<p>Quadratische Einlege-Leuchte, werkzeuglose Installation, f\u00fcr 625 x 625 mm Deckensysteme. Produkteigenschaften: Rahmen aus stranggepresstem Aluminium. Polystyrol-Diffuser. 3-polige Anschlussklemme, Kabelquerschnitt bis zu 3 x 2,5 mm\u00b2 (25 W und 30 W Versionen). 5-polige Anschlussklemme, Kabelquerschnitt bis zu 5 x 2,5 mm\u00b2 (36 W Versionen und DALI Typen). Leuchtenversionen mit IoT-f\u00e4higem DALI-2 Treiber verf\u00fcgbar. Lebensdauer (L80\/B10): bis zu 60.000 h (bei 25 \u00b0C). Produktvorteile: Werkzeugloser elektrischer Anschluss dank Push-Button-Anschlussklemme. Durchverdrahtung mit enthaltener Anschlussbox m\u00f6glich. Energieeinsparung dank hoher Systemlichtausbeute: bis zu 120 lm\/W. Komfortables Licht und hohe Farbkonsistenz. Erweiterte Dienstleistungen wie Stromverbrauchs\u00fcberwachung und Fernwartung m\u00f6glich bei DALI Versionen. Externer Treiber f\u00fcr erweiterte Flexibilit\u00e4t und einfache Installation. Flimmerarmes Licht dank speziellem elektronischen Vorschaltger\u00e4t. 5 Jahre Garantie. Anwendungsgebiete: Direkter Ersatz f\u00fcr Leuchten mit Leuchtstofflampen. B\u00fcror\u00e4ume, Konferenzr\u00e4ume. Empfangsbereiche, Eingangsbereiche, Korridore, Aufz\u00fcge. Geeignet f\u00fcr Deckeneinbausysteme mit einem Rasterma\u00df von 625 x 625 mm. Technische Ausstattung: Zubeh\u00f6r f\u00fcr verschiedene Einbaum\u00f6glichkeiten erh\u00e4ltlich. Anschlussbox mit 3-poliger oder 5-poliger Anschlussklemme enthalten. Sicherheitsklemmen enthalten. Externes Vorschaltger\u00e4t enthalten. Nicht geeignet f\u00fcr den Betrieb mit Emergency Conversion Box.<\/p>\n","protected":false},"excerpt":{"rendered":"<p>Quadratische Einlege-Leuchte, werkzeuglose Installation, f\u00fcr 625 x 625 mm Deckensysteme. Produkteigenschaften: Rahmen aus stranggepresstem Aluminium. Polystyrol-Diffuser. 3-polige Anschlussklemme, Kabelquerschnitt bis zu 3 x 2,5 mm\u00b2 (25 W und 30 W Versionen). 5-polige Anschlussklemme, Kabelquerschnitt bis zu 5 x 2,5 mm\u00b2<span class=\"excerpt-hellip\"> [\u2026]<\/span><\/p>\n","protected":false},"featured_media":365484,"template":"","meta":[],"product_brand":[],"product_cat":[87052],"product_tag":[],"class_list":{"0":"post-350274","1":"product","2":"type-product","3":"status-publish","4":"has-post-thumbnail","6":"product_cat-decken-wandleuchte","8":"first","9":"instock","10":"taxable","11":"shipping-taxable","12":"product-type-simple"},"_links":{"self":[{"href":"https:\/\/www.arclite-shop.de\/fr\/wp-json\/wp\/v2\/product\/350274","targetHints":{"allow":["GET"]}}],"collection":[{"href":"https:\/\/www.arclite-shop.de\/fr\/wp-json\/wp\/v2\/product"}],"about":[{"href":"https:\/\/www.arclite-shop.de\/fr\/wp-json\/wp\/v2\/types\/product"}],"wp:featuredmedia":[{"embeddable":true,"href":"https:\/\/www.arclite-shop.de\/fr\/wp-json\/wp\/v2\/media\/365484"}],"wp:attachment":[{"href":"https:\/\/www.arclite-shop.de\/fr\/wp-json\/wp\/v2\/media?parent=350274"}],"wp:term":[{"taxonomy":"product_brand","embeddable":true,"href":"https:\/\/www.arclite-shop.de\/fr\/wp-json\/wp\/v2\/product_brand?post=350274"},{"taxonomy":"product_cat","embeddable":true,"href":"https:\/\/www.arclite-shop.de\/fr\/wp-json\/wp\/v2\/product_cat?post=350274"},{"taxonomy":"product_tag","embeddable":true,"href":"https:\/\/www.arclite-shop.de\/fr\/wp-json\/wp\/v2\/product_tag?post=350274"}],"curies":[{"name":"wp","href":"https:\/\/api.w.org\/{rel}","templated":true}]}}